{"id":51438,"date":"2024-03-15T06:18:52","date_gmt":"2024-09-13T09:56:48","guid":{"rendered":"https:\/\/staging.nbg.eu\/product\/bore-tech-chameleon-gel-2-oz-tube\/"},"modified":"2024-09-13T09:57:29","modified_gmt":"2024-09-13T09:57:29","slug":"bore-tech-chameleon-gel-2-oz-tuba","status":"publish","type":"product","link":"https:\/\/staging.nbg.eu\/cs\/produkt\/bore-tech-chameleon-gel-2-oz-tuba\/","title":{"rendered":"Bore Tech Chameleon Gel (2 Oz tuba)"},"content":{"rendered":"<h2>Bore Tech Chameleon Gel (Tuba 2 unce)<\/h2>\n<p>Bore Tech Chameleon Gel\u2122 je patentovan\u00fd \u010disti\u010d a le\u0161tidlo pro st\u0159eln\u00e9 zbran\u011b. Tento gel s barevnou indikac\u00ed odstra\u0148uje usazeniny uhl\u00edku, m\u011bdi, olova a molybdenu, \u010d\u00edm\u017e \u010dist\u00ed a le\u0161t\u00ed hlave\u0148.<\/p>\n<ul>\n<li>Bez z\u00e1pachu a biologicky rozlo\u017eiteln\u00fd<\/li>\n<li>Bezpe\u010dn\u00fd pro v\u0161echny typy hlavn\u00ed<\/li>\n<li>Nevy\u017eaduje m\u00edch\u00e1n\u00ed<\/li>\n<li>Gelov\u00e1 formulace<\/li>\n<li>Technologie barevn\u00e9 indikace pro p\u0159esn\u00e9 \u010di\u0161t\u011bn\u00ed<\/li>\n<\/ul>\n<p>Gel m\u011bn\u00ed barvu podle typu zne\u010di\u0161t\u011bn\u00ed:<\/p>\n<p>Modr\u00e1\/Zelen\u00e1: M\u011b\u010f<\/p>\n<p>\u010cern\u00e1: Uhl\u00edk<\/p>\n<p>\u0160ed\u00e1: Olovo\/Molybden<\/p>\n<p>B\u00edl\u00e1: \u010cist\u00e1 hlave\u0148<\/p>\n<p>Udr\u017eujte v\u00fdkon va\u0161\u00ed st\u0159eln\u00e9 zbran\u011b pomoc\u00ed tohoto \u010distic\u00edho prost\u0159edku. K dispozici v tub\u011b o objemu 2 unce.<\/p>\n","protected":false},"excerpt":{"rendered":"<p>\u010cistic\u00ed gel m\u011bn\u00edc\u00ed barvu odstra\u0148uje zne\u010di\u0161t\u011bn\u00ed z hlavn\u00ed zbran\u00ed.<\/p>\n","protected":false},"featured_media":51439,"template":"","meta":{"_acf_changed":false},"product_brand":[11146],"product_cat":[12690,12704],"product_tag":[],"class_list":{"0":"post-51438","1":"product","2":"type-product","3":"status-publish","4":"has-post-thumbnail","6":"product_brand-boretech","7":"product_cat-cisteni-zbrani","8":"product_cat-cistici-prostredky","10":"first","11":"instock","12":"taxable","13":"shipping-taxable","14":"purchasable","15":"product-type-simple"},"acf":[],"_links":{"self":[{"href":"https:\/\/staging.nbg.eu\/cs\/wp-json\/wp\/v2\/product\/51438","targetHints":{"allow":["GET"]}}],"collection":[{"href":"https:\/\/staging.nbg.eu\/cs\/wp-json\/wp\/v2\/product"}],"about":[{"href":"https:\/\/staging.nbg.eu\/cs\/wp-json\/wp\/v2\/types\/product"}],"wp:featuredmedia":[{"embeddable":true,"href":"https:\/\/staging.nbg.eu\/cs\/wp-json\/wp\/v2\/media\/51439"}],"wp:attachment":[{"href":"https:\/\/staging.nbg.eu\/cs\/wp-json\/wp\/v2\/media?parent=51438"}],"wp:term":[{"taxonomy":"product_brand","embeddable":true,"href":"https:\/\/staging.nbg.eu\/cs\/wp-json\/wp\/v2\/product_brand?post=51438"},{"taxonomy":"product_cat","embeddable":true,"href":"https:\/\/staging.nbg.eu\/cs\/wp-json\/wp\/v2\/product_cat?post=51438"},{"taxonomy":"product_tag","embeddable":true,"href":"https:\/\/staging.nbg.eu\/cs\/wp-json\/wp\/v2\/product_tag?post=51438"}],"curies":[{"name":"wp","href":"https:\/\/api.w.org\/{rel}","templated":true}]}}