{"id":51414,"date":"2024-03-15T07:11:12","date_gmt":"2024-09-13T09:53:04","guid":{"rendered":"https:\/\/staging.nbg.eu\/product\/bore-tech-shield-xp-rust-preventive\/"},"modified":"2024-09-13T09:53:45","modified_gmt":"2024-09-13T09:53:45","slug":"bore-tech-shield-xp-ochrana-proti-korozi","status":"publish","type":"product","link":"https:\/\/staging.nbg.eu\/cs\/produkt\/bore-tech-shield-xp-ochrana-proti-korozi\/","title":{"rendered":"Bore Tech Shield XP Ochrana proti korozi"},"content":{"rendered":"<h2>Bore Tech Shield XP ochrana proti rzi<\/h2>\n<p>Bore Tech Shield XP je prost\u0159edek na ochranu st\u0159eln\u00fdch zbran\u00ed proti rzi a korozi. Tato nemazlav\u00e1 a neolejovit\u00e1 l\u00e1tka pronik\u00e1 hluboko, vyt\u011bs\u0148uje vlhkost a neutralizuje korozivn\u00ed l\u00e1tky, p\u0159i\u010dem\u017e vytv\u00e1\u0159\u00ed neviditelnou bari\u00e9ru, kter\u00e1 nep\u0159itahuje ne\u010distoty.<\/p>\n<ul>\n<li>Vhodn\u00e9 pro dlouhodob\u00e9 skladov\u00e1n\u00ed<\/li>\n<li>Bezpe\u010dn\u00e9 pro v\u0161echny kovy<\/li>\n<li>P\u0159esahuje 500 hodin v ASTM testu vlhkosti<\/li>\n<li>Kokosov\u00e1 v\u016fn\u011b<\/li>\n<li>Lahvi\u010dka s pumpi\u010dkou<\/li>\n<\/ul>\n<h3>N\u00e1vod:<\/h3>\n<ol>\n<li>Vybijte zbra\u0148 a odmast\u011bte povrchy<\/li>\n<li>Nast\u0159\u00edkejte nebo naneste Shield XP na kovov\u00e9 povrchy<\/li>\n<li>Po\u010dkejte 15 minut, v p\u0159\u00edpad\u011b pot\u0159eby naneste druhou vrstvu<\/li>\n<li>P\u0159ed pou\u017eit\u00edm prot\u00e1hn\u011bte such\u00fd had\u0159\u00edk hlavn\u00ed<\/li>\n<\/ol>\n<p>Shield XP: Ochrana proti rzi a korozi pro va\u0161e st\u0159eln\u00e9 zbran\u011b.<\/p>\n","protected":false},"excerpt":{"rendered":"<p>Dlouhotrvaj\u00edc\u00ed ochrana proti korozi pro st\u0159eln\u00e9 zbran\u011b.<\/p>\n","protected":false},"featured_media":51314,"template":"","meta":{"_acf_changed":false},"product_brand":[11146],"product_cat":[12690,12678],"product_tag":[],"class_list":{"0":"post-51414","1":"product","2":"type-product","3":"status-publish","4":"has-post-thumbnail","6":"product_brand-boretech","7":"product_cat-cisteni-zbrani","8":"product_cat-maziva","10":"first","11":"instock","12":"taxable","13":"shipping-taxable","14":"purchasable","15":"product-type-simple"},"acf":[],"_links":{"self":[{"href":"https:\/\/staging.nbg.eu\/cs\/wp-json\/wp\/v2\/product\/51414","targetHints":{"allow":["GET"]}}],"collection":[{"href":"https:\/\/staging.nbg.eu\/cs\/wp-json\/wp\/v2\/product"}],"about":[{"href":"https:\/\/staging.nbg.eu\/cs\/wp-json\/wp\/v2\/types\/product"}],"wp:featuredmedia":[{"embeddable":true,"href":"https:\/\/staging.nbg.eu\/cs\/wp-json\/wp\/v2\/media\/51314"}],"wp:attachment":[{"href":"https:\/\/staging.nbg.eu\/cs\/wp-json\/wp\/v2\/media?parent=51414"}],"wp:term":[{"taxonomy":"product_brand","embeddable":true,"href":"https:\/\/staging.nbg.eu\/cs\/wp-json\/wp\/v2\/product_brand?post=51414"},{"taxonomy":"product_cat","embeddable":true,"href":"https:\/\/staging.nbg.eu\/cs\/wp-json\/wp\/v2\/product_cat?post=51414"},{"taxonomy":"product_tag","embeddable":true,"href":"https:\/\/staging.nbg.eu\/cs\/wp-json\/wp\/v2\/product_tag?post=51414"}],"curies":[{"name":"wp","href":"https:\/\/api.w.org\/{rel}","templated":true}]}}