{"id":51313,"date":"2024-03-15T07:47:20","date_gmt":"2024-09-13T09:49:35","guid":{"rendered":"https:\/\/staging.nbg.eu\/product\/boretech-eliminator-4-oz\/"},"modified":"2024-09-13T09:50:21","modified_gmt":"2024-09-13T09:50:21","slug":"boretech-eliminator-4-oz","status":"publish","type":"product","link":"https:\/\/staging.nbg.eu\/cs\/produkt\/boretech-eliminator-4-oz\/","title":{"rendered":"BoreTech Eliminator &#8211; 4 Oz"},"content":{"rendered":"<div class=\"product-description\">\n<h2>BoreTech Eliminator &#8211; 118 ml<\/h2>\n<p>BoreTech Eliminator\u2122 je \u010disti\u010d hlavn\u011b. Tento patentovan\u00fd p\u0159\u00edpravek je rychle p\u016fsob\u00edc\u00ed a bezpe\u010dn\u00fd pro hlavn\u011b. Hlavn\u00ed vlastnosti zahrnuj\u00ed:<\/p>\n<ul>\n<li>100% bezpe\u010dn\u00fd pro hlavn\u011b a biologicky odbourateln\u00fd<\/li>\n<li>Bez obsahu amoniaku a bez z\u00e1pachu<\/li>\n<li>Odstra\u0148uje uhl\u00edk, m\u011b\u010f, olovo a korozivn\u00ed zbytky<\/li>\n<li>Nen\u00ed nebezpe\u010dn\u00fd a je u\u017eivatelsky p\u0159\u00edv\u011btiv\u00fd<\/li>\n<\/ul>\n<p>Eliminator uvol\u0148uje usazeniny uhl\u00edku a sou\u010dasn\u011b oxiduje a suspenduje m\u011bd\u011bn\u00e9 zne\u010di\u0161t\u011bn\u00ed. Zabra\u0148uje op\u011btovn\u00e9mu usazov\u00e1n\u00ed a zaji\u0161\u0165uje d\u016fkladn\u00e9 \u010di\u0161t\u011bn\u00ed.<\/p>\n<h3>N\u00e1vod k pou\u017eit\u00ed:<\/h3>\n<ol>\n<li>Namo\u010dte 3-4 z\u00e1platy Eliminatorem a prot\u00e1hn\u011bte hlavn\u00ed jedn\u00edm sm\u011brem<\/li>\n<li>Prove\u010fte 10-15 tah\u016f namo\u010den\u00fdm nylonov\u00fdm kart\u00e1\u010dkem<\/li>\n<li>Opakujte krok 1 a nechte p\u016fsobit 3-5 minut<\/li>\n<li>Protahujte such\u00e9 z\u00e1platy, dokud nejsou \u010dist\u00e9<\/li>\n<li>V p\u0159\u00edpad\u011b pot\u0159eby opakujte<\/li>\n<li>Pro uskladn\u011bn\u00ed aplikujte olej Bore Tech Friction Guard XP<\/li>\n<li>P\u0159ed pou\u017eit\u00edm prot\u00e1hn\u011bte suchou z\u00e1platu<\/li>\n<\/ol>\n<p>BoreTech Eliminator \u010dist\u00ed a chr\u00e1n\u00ed hlavn\u011b.<\/p>\n<\/div>\n","protected":false},"excerpt":{"rendered":"<p>BoreTech Eliminator: Bezpe\u010dn\u00fd, \u00fa\u010dinn\u00fd \u010disti\u010d hlavn\u011b. Odstra\u0148uje usazeniny.<\/p>\n","protected":false},"featured_media":70971,"template":"","meta":{"_acf_changed":false},"product_brand":[11146],"product_cat":[12690,12704],"product_tag":[],"class_list":{"0":"post-51313","1":"product","2":"type-product","3":"status-publish","4":"has-post-thumbnail","6":"product_brand-boretech","7":"product_cat-cisteni-zbrani","8":"product_cat-cistici-prostredky","10":"first","11":"instock","12":"taxable","13":"shipping-taxable","14":"purchasable","15":"product-type-variable","16":"wvs-archive-product-wrapper"},"acf":[],"_links":{"self":[{"href":"https:\/\/staging.nbg.eu\/cs\/wp-json\/wp\/v2\/product\/51313","targetHints":{"allow":["GET"]}}],"collection":[{"href":"https:\/\/staging.nbg.eu\/cs\/wp-json\/wp\/v2\/product"}],"about":[{"href":"https:\/\/staging.nbg.eu\/cs\/wp-json\/wp\/v2\/types\/product"}],"wp:featuredmedia":[{"embeddable":true,"href":"https:\/\/staging.nbg.eu\/cs\/wp-json\/wp\/v2\/media\/70971"}],"wp:attachment":[{"href":"https:\/\/staging.nbg.eu\/cs\/wp-json\/wp\/v2\/media?parent=51313"}],"wp:term":[{"taxonomy":"product_brand","embeddable":true,"href":"https:\/\/staging.nbg.eu\/cs\/wp-json\/wp\/v2\/product_brand?post=51313"},{"taxonomy":"product_cat","embeddable":true,"href":"https:\/\/staging.nbg.eu\/cs\/wp-json\/wp\/v2\/product_cat?post=51313"},{"taxonomy":"product_tag","embeddable":true,"href":"https:\/\/staging.nbg.eu\/cs\/wp-json\/wp\/v2\/product_tag?post=51313"}],"curies":[{"name":"wp","href":"https:\/\/api.w.org\/{rel}","templated":true}]}}