{"id":51047,"date":"2024-03-16T18:40:45","date_gmt":"2024-09-13T09:25:02","guid":{"rendered":"https:\/\/staging.nbg.eu\/product\/bore-tech-bronze-stainless-chamber-brush\/"},"modified":"2024-09-13T09:25:44","modified_gmt":"2024-09-13T09:25:44","slug":"bore-tech-kartac-na-komoru-z-bronzunerezove-oceli","status":"publish","type":"product","link":"https:\/\/staging.nbg.eu\/cs\/produkt\/bore-tech-kartac-na-komoru-z-bronzunerezove-oceli\/","title":{"rendered":"Bore Tech Kart\u00e1\u010d na komoru z bronzu\/nerezov\u00e9 oceli"},"content":{"rendered":"<h2>Kart\u00e1\u010d na komoru Bore Tech z bronzu\/nerezov\u00e9 oceli<\/h2>\n<p>Kart\u00e1\u010de na komoru Bore Tech z bronzu\/nerezov\u00e9 oceli jsou bezpe\u010dn\u00e9 pro komoru. Jsou vyrobeny s d\u016frazem na konstrukci a technick\u00e9 vlastnosti.<\/p>\n<ul>\n<li>Kombinace tuh\u00fdch bronzov\u00fdch a nerezov\u00fdch \u0161t\u011btin<\/li>\n<li>Dvojit\u00fd \u010distic\u00ed \u00fa\u010dinek<\/li>\n<li>Smy\u010dkov\u00e9 zakon\u010den\u00ed j\u00e1dra kart\u00e1\u010de zabra\u0148uje ostr\u00fdm konc\u016fm<\/li>\n<li>Hlin\u00edkov\u00e9 \u010depy leteck\u00e9 kvality<\/li>\n<li>Dostupn\u00e9 pro .223\/5.56mm AR-15 a .308\/7.62mm AR-10<\/li>\n<\/ul>\n<p>Kart\u00e1\u010de Bore Tech jsou navr\u017eeny pro \u010di\u0161t\u011bn\u00ed komory.<\/p>\n<h3>N\u00e1vod:<\/h3>\n<ol>\n<li>Na\u0161roubujte kart\u00e1\u010d na ty\u010d<\/li>\n<li>Namo\u010dte kart\u00e1\u010d \u010distic\u00edm prost\u0159edkem (doporu\u010den C4 Carbon Remover nebo Eliminator Bore Cleaner)<\/li>\n<li>Vlo\u017ete do komory a oto\u010dte 6-12kr\u00e1t<\/li>\n<li>Znovu aplikujte rozpou\u0161t\u011bdlo a pokra\u010dujte v \u010di\u0161t\u011bn\u00ed dle pot\u0159eby<\/li>\n<li>Ot\u0159ete komoru had\u0159\u00edkem nebo mopem<\/li>\n<li>P\u0159ed ulo\u017een\u00edm kart\u00e1\u010de vy\u010dist\u011bte<\/li>\n<\/ol>\n","protected":false},"excerpt":{"rendered":"<p>\u00da\u010dinn\u00fd kart\u00e1\u010d s dvojitou \u0161t\u011btinovou komorou pro pu\u0161ky AR-15 a AR-10.<\/p>\n","protected":false},"featured_media":51048,"template":"","meta":{"_acf_changed":false},"product_brand":[11146],"product_cat":[12690,12717],"product_tag":[],"class_list":{"0":"post-51047","1":"product","2":"type-product","3":"status-publish","4":"has-post-thumbnail","6":"product_brand-boretech","7":"product_cat-cisteni-zbrani","8":"product_cat-kartace","9":"pa_model-ar-10-cs","10":"pa_model-ar-15-cs","12":"first","13":"instock","14":"taxable","15":"shipping-taxable","16":"purchasable","17":"product-type-variable","18":"wvs-archive-product-wrapper"},"acf":[],"_links":{"self":[{"href":"https:\/\/staging.nbg.eu\/cs\/wp-json\/wp\/v2\/product\/51047","targetHints":{"allow":["GET"]}}],"collection":[{"href":"https:\/\/staging.nbg.eu\/cs\/wp-json\/wp\/v2\/product"}],"about":[{"href":"https:\/\/staging.nbg.eu\/cs\/wp-json\/wp\/v2\/types\/product"}],"wp:featuredmedia":[{"embeddable":true,"href":"https:\/\/staging.nbg.eu\/cs\/wp-json\/wp\/v2\/media\/51048"}],"wp:attachment":[{"href":"https:\/\/staging.nbg.eu\/cs\/wp-json\/wp\/v2\/media?parent=51047"}],"wp:term":[{"taxonomy":"product_brand","embeddable":true,"href":"https:\/\/staging.nbg.eu\/cs\/wp-json\/wp\/v2\/product_brand?post=51047"},{"taxonomy":"product_cat","embeddable":true,"href":"https:\/\/staging.nbg.eu\/cs\/wp-json\/wp\/v2\/product_cat?post=51047"},{"taxonomy":"product_tag","embeddable":true,"href":"https:\/\/staging.nbg.eu\/cs\/wp-json\/wp\/v2\/product_tag?post=51047"}],"curies":[{"name":"wp","href":"https:\/\/api.w.org\/{rel}","templated":true}]}}