{"id":50912,"date":"2024-01-30T18:05:11","date_gmt":"2024-09-13T09:11:51","guid":{"rendered":"https:\/\/staging.nbg.eu\/product\/blue-force-gear-vickers-padded-sling\/"},"modified":"2024-10-30T09:08:51","modified_gmt":"2024-10-30T09:08:51","slug":"blue-force-gear-vickers-polstrovany-popruh","status":"publish","type":"product","link":"https:\/\/staging.nbg.eu\/cs\/produkt\/blue-force-gear-vickers-polstrovany-popruh\/","title":{"rendered":"Blue Force Gear Vickers Polstrovan\u00fd popruh"},"content":{"rendered":"<h2>Blue Force Gear Vickers polstrovan\u00fd popruh<\/h2>\n<p>Patentovan\u00fd Vickers polstrovan\u00fd bojov\u00fd aplika\u010dn\u00ed popruh\u2122. Vyvinut ve spolupr\u00e1ci s Larrym Vickersem, b\u00fdval\u00fdm \u010dlenem 1. SFOD-Delta. Tento rychle nastaviteln\u00fd taktick\u00fd popruh je pou\u017e\u00edv\u00e1n arm\u00e1dou USA.<\/p>\n<h2>Hlavn\u00ed vlastnosti:<\/h2>\n<ul>\n<li>5 cm vlo\u017een\u00e1 vycp\u00e1vka pro v\u011bt\u0161\u00ed pohodl\u00ed<\/li>\n<li>Konstrukce z p\u011bny s uzav\u0159en\u00fdmi bu\u0148kami<\/li>\n<li>Rychl\u00fd nastavova\u010d pro okam\u017eit\u00e9 zm\u011bny d\u00e9lky<\/li>\n<li>Plynul\u00fd p\u0159echod z no\u0161en\u00ed do bojov\u00e9 pohotovosti<\/li>\n<li>Vyrobeno v USA z kvalitn\u00edch materi\u00e1l\u016f<\/li>\n<\/ul>\n<p>Vickers polstrovan\u00fd popruh nab\u00edz\u00ed kombinaci pohodl\u00ed a funk\u010dnosti.<\/p>\n","protected":false},"excerpt":{"rendered":"<p>Rychle nastaviteln\u00fd taktick\u00fd popruh s polstrovan\u00fdm pohodl\u00edm pro pu\u0161ky.<\/p>\n","protected":false},"featured_media":50564,"template":"","meta":{"_acf_changed":false},"product_brand":[11125],"product_cat":[12672,12676],"product_tag":[],"class_list":{"0":"post-50912","1":"product","2":"type-product","3":"status-publish","4":"has-post-thumbnail","6":"product_brand-blue-force-gear","7":"product_cat-remeny","8":"product_cat-vybaveni","10":"first","11":"instock","12":"taxable","13":"shipping-taxable","14":"purchasable","15":"product-type-variable","16":"wvs-archive-product-wrapper"},"acf":[],"_links":{"self":[{"href":"https:\/\/staging.nbg.eu\/cs\/wp-json\/wp\/v2\/product\/50912","targetHints":{"allow":["GET"]}}],"collection":[{"href":"https:\/\/staging.nbg.eu\/cs\/wp-json\/wp\/v2\/product"}],"about":[{"href":"https:\/\/staging.nbg.eu\/cs\/wp-json\/wp\/v2\/types\/product"}],"wp:featuredmedia":[{"embeddable":true,"href":"https:\/\/staging.nbg.eu\/cs\/wp-json\/wp\/v2\/media\/50564"}],"wp:attachment":[{"href":"https:\/\/staging.nbg.eu\/cs\/wp-json\/wp\/v2\/media?parent=50912"}],"wp:term":[{"taxonomy":"product_brand","embeddable":true,"href":"https:\/\/staging.nbg.eu\/cs\/wp-json\/wp\/v2\/product_brand?post=50912"},{"taxonomy":"product_cat","embeddable":true,"href":"https:\/\/staging.nbg.eu\/cs\/wp-json\/wp\/v2\/product_cat?post=50912"},{"taxonomy":"product_tag","embeddable":true,"href":"https:\/\/staging.nbg.eu\/cs\/wp-json\/wp\/v2\/product_tag?post=50912"}],"curies":[{"name":"wp","href":"https:\/\/api.w.org\/{rel}","templated":true}]}}