{"id":50265,"date":"2024-04-18T10:53:56","date_gmt":"2024-09-13T08:59:00","guid":{"rendered":"https:\/\/staging.nbg.eu\/product\/blue-force-gear-gmt-sling\/"},"modified":"2024-09-13T08:59:49","modified_gmt":"2024-09-13T08:59:49","slug":"blue-force-gear-popruh-gmt","status":"publish","type":"product","link":"https:\/\/staging.nbg.eu\/cs\/produkt\/blue-force-gear-popruh-gmt\/","title":{"rendered":"Blue Force Gear Popruh GMT"},"content":{"rendered":"<h2>Blue Force Gear GMT Popruh<\/h2>\n<p>Blue Force Gear GMT Popruh \u0159e\u0161\u00ed nedostatky star\u0161\u00edch typ\u016f popruh\u016f a nab\u00edz\u00ed vy\u0161\u0161\u00ed pohodl\u00ed a funk\u010dnost.<\/p>\n<h2>Hlavn\u00ed vlastnosti:<\/h2>\n<ul>\n<li>Vlastn\u00ed dvojit\u00e1 uzamykateln\u00e1 p\u0159ezka vyroben\u00e1 z odoln\u00e9ho, nerezav\u011bj\u00edc\u00edho nylonu pln\u011bn\u00e9ho sklen\u011bn\u00fdmi vl\u00e1kny<\/li>\n<li>Vlastn\u00ed barven\u00fd nylonov\u00fd popruh CORDURA\u00ae pro pohodl\u00ed a sn\u00ed\u017een\u00ed zachyt\u00e1v\u00e1n\u00ed<\/li>\n<li>Snadn\u00e9 nastaven\u00ed: Zata\u017een\u00edm za konec ut\u00e1hnete, uchopen\u00edm kulat\u00e9ho uvol\u0148ovac\u00edho knofl\u00edku povol\u00edte<\/li>\n<li>V\u0161it\u00e1 zar\u00e1\u017eka na konci popruhu zabra\u0148uje n\u00e1hodn\u00e9mu uvoln\u011bn\u00ed zbran\u011b<\/li>\n<\/ul>\n<h2>Specifikace:<\/h2>\n<ul>\n<li>Dostupn\u00e9 v \u0161\u00ed\u0159k\u00e1ch popruhu 2,54 cm a 3,18 cm<\/li>\n<li>Kompatibiln\u00ed s r\u016fzn\u00fdmi st\u0159eln\u00fdmi zbran\u011bmi, od ultralehk\u00fdch pu\u0161ek po brokovnice<\/li>\n<li>D\u00e9lka: 86,36 cm &#8211; 162,56 cm<\/li>\n<li>Hardware: Sklem vyztu\u017een\u00fd nylon DuPont Zytel\u00ae<\/li>\n<\/ul>\n<p>GMT Popruh p\u0159edstavuje dal\u0161\u00ed v\u00fdvoj v designu taktick\u00fdch popruh\u016f.<\/p>\n","protected":false},"excerpt":{"rendered":"<p>Inovativn\u00ed taktick\u00fd popruh s nepodl\u00e9haj\u00edc\u00edm korozi nastavova\u010dem a pohodln\u00fdm popruhem.<\/p>\n","protected":false},"featured_media":50266,"template":"","meta":{"_acf_changed":false},"product_brand":[11125],"product_cat":[12672,12676],"product_tag":[],"class_list":{"0":"post-50265","1":"product","2":"type-product","3":"status-publish","4":"has-post-thumbnail","6":"product_brand-blue-force-gear","7":"product_cat-remeny","8":"product_cat-vybaveni","10":"first","11":"instock","12":"taxable","13":"shipping-taxable","14":"purchasable","15":"product-type-variable","16":"wvs-archive-product-wrapper"},"acf":[],"_links":{"self":[{"href":"https:\/\/staging.nbg.eu\/cs\/wp-json\/wp\/v2\/product\/50265","targetHints":{"allow":["GET"]}}],"collection":[{"href":"https:\/\/staging.nbg.eu\/cs\/wp-json\/wp\/v2\/product"}],"about":[{"href":"https:\/\/staging.nbg.eu\/cs\/wp-json\/wp\/v2\/types\/product"}],"wp:featuredmedia":[{"embeddable":true,"href":"https:\/\/staging.nbg.eu\/cs\/wp-json\/wp\/v2\/media\/50266"}],"wp:attachment":[{"href":"https:\/\/staging.nbg.eu\/cs\/wp-json\/wp\/v2\/media?parent=50265"}],"wp:term":[{"taxonomy":"product_brand","embeddable":true,"href":"https:\/\/staging.nbg.eu\/cs\/wp-json\/wp\/v2\/product_brand?post=50265"},{"taxonomy":"product_cat","embeddable":true,"href":"https:\/\/staging.nbg.eu\/cs\/wp-json\/wp\/v2\/product_cat?post=50265"},{"taxonomy":"product_tag","embeddable":true,"href":"https:\/\/staging.nbg.eu\/cs\/wp-json\/wp\/v2\/product_tag?post=50265"}],"curies":[{"name":"wp","href":"https:\/\/api.w.org\/{rel}","templated":true}]}}