{"id":50065,"date":"2024-04-21T18:34:24","date_gmt":"2024-09-13T08:44:07","guid":{"rendered":"https:\/\/staging.nbg.eu\/product\/blue-force-gear-molded-uwl-black\/"},"modified":"2024-09-13T08:44:46","modified_gmt":"2024-09-13T08:44:46","slug":"blue-force-gear-molded-uwl-cerny","status":"publish","type":"product","link":"https:\/\/staging.nbg.eu\/cs\/produkt\/blue-force-gear-molded-uwl-cerny\/","title":{"rendered":"Blue Force Gear Molded UWL &#8211; \u010cern\u00fd"},"content":{"rendered":"<div class=\"product-description\">\n<h2>Blue Force Gear Tvarovan\u00fd UWL &#8211; \u010cern\u00fd<\/h2>\n<p>Tvarovan\u00e1 univerz\u00e1ln\u00ed smy\u010dka (UWL) umo\u017e\u0148uje p\u0159ipevn\u011bn\u00ed popruh\u016f k r\u016fzn\u00fdm bod\u016fm uchycen\u00ed zbran\u011b. Je navr\u017eena pro popruhy o \u0161\u00ed\u0159ce a\u017e 1,25&#8243;, v\u010detn\u011b popruhu Vickers, a je vhodn\u00e1 pro o\u010dka, dr\u00e1\u017eky a otvory v li\u0161t\u011b.<\/p>\n<h3>Hlavn\u00ed vlastnosti:<\/h3>\n<ul>\n<li>Kabel z nerezov\u00e9 oceli leteck\u00e9 kvality pota\u017een\u00fd nylonem vojensk\u00e9 kvality<\/li>\n<li>Odoln\u00e9 t\u011blo z nylonu 6-6 bez odlesk\u016f<\/li>\n<li>2,55&#8243; dr\u00e1t\u011bn\u00e1 smy\u010dka od z\u00e1kladny k vrcholu<\/li>\n<li>1,25&#8243; smy\u010dka pro popruh kompatibiln\u00ed s popruhy Vickers Combat Applications Slings\u2122<\/li>\n<li>Tla\u010d\u00edtkov\u00e1 obj\u00edmka pro standardn\u00ed oto\u010dn\u00e9 z\u00e1v\u011bsy popruh\u016f<\/li>\n<li>Konce s kuli\u010dkov\u00fdm d\u0159\u00edkem podle vojensk\u00e9 specifikace p\u0159\u00edmo nalisovan\u00e9 na dr\u00e1t pro zv\u00fd\u0161en\u00ed pevnosti<\/li>\n<\/ul>\n<p>Blue Force Gear Tvarovan\u00fd UWL &#8211; \u010cern\u00fd nab\u00edz\u00ed mo\u017enost p\u0159ipevn\u011bn\u00ed popruhu.<\/p>\n<\/div>\n","protected":false},"excerpt":{"rendered":"<p>Univerz\u00e1ln\u00ed \u00fachyt pro popruhy o \u0161\u00ed\u0159ce 1,25&#8243;. Odoln\u00fd a lehk\u00fd design.<\/p>\n","protected":false},"featured_media":50066,"template":"","meta":{"_acf_changed":false},"product_brand":[11125],"product_cat":[12672,12676],"product_tag":[],"class_list":{"0":"post-50065","1":"product","2":"type-product","3":"status-publish","4":"has-post-thumbnail","6":"product_brand-blue-force-gear","7":"product_cat-remeny","8":"product_cat-vybaveni","10":"first","11":"instock","12":"taxable","13":"shipping-taxable","14":"purchasable","15":"product-type-simple"},"acf":[],"_links":{"self":[{"href":"https:\/\/staging.nbg.eu\/cs\/wp-json\/wp\/v2\/product\/50065","targetHints":{"allow":["GET"]}}],"collection":[{"href":"https:\/\/staging.nbg.eu\/cs\/wp-json\/wp\/v2\/product"}],"about":[{"href":"https:\/\/staging.nbg.eu\/cs\/wp-json\/wp\/v2\/types\/product"}],"wp:featuredmedia":[{"embeddable":true,"href":"https:\/\/staging.nbg.eu\/cs\/wp-json\/wp\/v2\/media\/50066"}],"wp:attachment":[{"href":"https:\/\/staging.nbg.eu\/cs\/wp-json\/wp\/v2\/media?parent=50065"}],"wp:term":[{"taxonomy":"product_brand","embeddable":true,"href":"https:\/\/staging.nbg.eu\/cs\/wp-json\/wp\/v2\/product_brand?post=50065"},{"taxonomy":"product_cat","embeddable":true,"href":"https:\/\/staging.nbg.eu\/cs\/wp-json\/wp\/v2\/product_cat?post=50065"},{"taxonomy":"product_tag","embeddable":true,"href":"https:\/\/staging.nbg.eu\/cs\/wp-json\/wp\/v2\/product_tag?post=50065"}],"curies":[{"name":"wp","href":"https:\/\/api.w.org\/{rel}","templated":true}]}}