{"id":49655,"date":"2024-05-23T19:46:21","date_gmt":"2024-09-13T08:37:11","guid":{"rendered":"https:\/\/staging.nbg.eu\/product\/blue-force-gear-micro-trauma-kit-now\/"},"modified":"2024-09-13T08:37:57","modified_gmt":"2024-09-13T08:37:57","slug":"blue-force-gear-micro-trauma-kit-now","status":"publish","type":"product","link":"https:\/\/staging.nbg.eu\/cs\/produkt\/blue-force-gear-micro-trauma-kit-now\/","title":{"rendered":"Blue Force Gear Micro Trauma Kit NOW!"},"content":{"rendered":"<div class=\"product-description\">\n<h2>Blue Force Gear Micro Trauma Kit NOW!<\/h2>\n<p>Micro Trauma Kit NOW! (Micro TKN) je kompaktn\u00ed \u0159e\u0161en\u00ed pro ka\u017edodenn\u00ed no\u0161en\u00ed z\u00e1kladn\u00edch l\u00e9ka\u0159sk\u00fdch pot\u0159eb. Je ur\u010den pro profesion\u00e1ly v oblasti prosazov\u00e1n\u00ed pr\u00e1va, p\u0159ipraven\u00e9 ob\u010dany a lovce. Tento kit p\u0159ipevn\u011bn\u00fd na opasek zaji\u0161\u0165uje rychl\u00fd p\u0159\u00edstup k d\u016fle\u017eit\u00fdm polo\u017ek\u00e1m prvn\u00ed pomoci.<\/p>\n<h2>Hlavn\u00ed vlastnosti:<\/h2>\n<ul>\n<li>Kompaktn\u00ed velikost pro pohodln\u00e9 ka\u017edodenn\u00ed no\u0161en\u00ed<\/li>\n<li>Mo\u017enost vyta\u017een\u00ed jednou rukou z obou stran<\/li>\n<li>Mo\u017enosti p\u0159ipevn\u011bn\u00ed MOLLE nebo na opasek<\/li>\n<li>Technologie Ten-Speed pro bezpe\u010dn\u00e9 ulo\u017een\u00ed<\/li>\n<li>Vyj\u00edmateln\u00e1 vlo\u017eka pro organizovan\u00e9 ulo\u017een\u00ed pot\u0159eb<\/li>\n<li>Nastaviteln\u00e9 p\u00e1sky se such\u00fdm zipem vhodn\u00e9 pro v\u011bt\u0161inu opask\u016f<\/li>\n<\/ul>\n<p>Bu\u010fte p\u0159ipraveni na mimo\u0159\u00e1dn\u00e9 situace s Micro TKN &#8211; va\u0161\u00edm p\u0159enosn\u00fdm z\u00e1chrann\u00fdm prost\u0159edkem.<\/p>\n<\/div>\n","protected":false},"excerpt":{"rendered":"<p>Kompaktn\u00ed, \u017eivot zachra\u0148uj\u00edc\u00ed traumatologick\u00fd bal\u00ed\u010dek pro ka\u017edodenn\u00ed no\u0161en\u00ed na opasku.<\/p>\n","protected":false},"featured_media":49656,"template":"","meta":{"_acf_changed":false},"product_brand":[11125],"product_cat":[12676,12711],"product_tag":[],"class_list":{"0":"post-49655","1":"product","2":"type-product","3":"status-publish","4":"has-post-thumbnail","6":"product_brand-blue-force-gear","7":"product_cat-vybaveni","8":"product_cat-zdravotnicky-material","10":"first","11":"instock","12":"taxable","13":"shipping-taxable","14":"purchasable","15":"product-type-variable","16":"wvs-archive-product-wrapper"},"acf":[],"_links":{"self":[{"href":"https:\/\/staging.nbg.eu\/cs\/wp-json\/wp\/v2\/product\/49655","targetHints":{"allow":["GET"]}}],"collection":[{"href":"https:\/\/staging.nbg.eu\/cs\/wp-json\/wp\/v2\/product"}],"about":[{"href":"https:\/\/staging.nbg.eu\/cs\/wp-json\/wp\/v2\/types\/product"}],"wp:featuredmedia":[{"embeddable":true,"href":"https:\/\/staging.nbg.eu\/cs\/wp-json\/wp\/v2\/media\/49656"}],"wp:attachment":[{"href":"https:\/\/staging.nbg.eu\/cs\/wp-json\/wp\/v2\/media?parent=49655"}],"wp:term":[{"taxonomy":"product_brand","embeddable":true,"href":"https:\/\/staging.nbg.eu\/cs\/wp-json\/wp\/v2\/product_brand?post=49655"},{"taxonomy":"product_cat","embeddable":true,"href":"https:\/\/staging.nbg.eu\/cs\/wp-json\/wp\/v2\/product_cat?post=49655"},{"taxonomy":"product_tag","embeddable":true,"href":"https:\/\/staging.nbg.eu\/cs\/wp-json\/wp\/v2\/product_tag?post=49655"}],"curies":[{"name":"wp","href":"https:\/\/api.w.org\/{rel}","templated":true}]}}