{"id":49550,"date":"2024-07-29T13:10:43","date_gmt":"2024-09-12T16:17:10","guid":{"rendered":"https:\/\/staging.nbg.eu\/product\/cobra-buckle-conversion-kit\/"},"modified":"2024-09-12T16:17:51","modified_gmt":"2024-09-12T16:17:51","slug":"konverzni-sada-prezky-cobra","status":"publish","type":"product","link":"https:\/\/staging.nbg.eu\/cs\/produkt\/konverzni-sada-prezky-cobra\/","title":{"rendered":"Konverzn\u00ed sada p\u0159ezky COBRA\u00ae"},"content":{"rendered":"<div class=\"product-description\">\n<h2>Sada pro p\u0159em\u011bnu GRID\u2122 p\u00e1sku na sponu COBRA\u00ae<\/h2>\n<p>Vylep\u0161ete sv\u016fj GRID\u2122 p\u00e1sek na\u0161\u00ed sadou pro p\u0159em\u011bnu na sponu COBRA\u00ae, kter\u00e1 obsahuje patentovanou sponu COBRA\u00ae ProStyle nov\u00e9 generace. Tato sada p\u0159id\u00e1v\u00e1 funkci rychl\u00e9ho uvoln\u011bn\u00ed a m\u011bn\u00ed vzhled va\u0161eho p\u00e1sku.<\/p>\n<h3>Hlavn\u00ed vlastnosti:<\/h3>\n<ul>\n<li>Upraven\u00fd z\u00e1mek pro hladk\u00e9 zamyk\u00e1n\u00ed a prevenci n\u00e1hodn\u00e9ho otev\u0159en\u00ed<\/li>\n<li>Spl\u0148uje normy ANSI a CSA<\/li>\n<li>Certifikov\u00e1no pro odolnost proti soln\u00e9 mlze a p\u00edsku<\/li>\n<li>Funkce rychl\u00e9ho uvoln\u011bn\u00ed pro snadn\u011bj\u0161\u00ed pou\u017eit\u00ed<\/li>\n<\/ul>\n<p><strong>Pozn\u00e1mka:<\/strong> Tato sada pro vylep\u0161en\u00ed nep\u0159id\u00e1v\u00e1 p\u00e1sku GRID schopnost n\u00e9st z\u00e1t\u011b\u017e. Pro mo\u017enosti s hodnocen\u00edm z\u00e1t\u011b\u017ee zva\u017ete n\u00e1\u0161 p\u00e1sek CHLK.<\/p>\n<\/div>\n","protected":false},"excerpt":{"rendered":"<p>Sada p\u0159ezky COBRA\u00ae: Rychloup\u00ednac\u00ed vylep\u0161en\u00ed pro opasek GRID\u2122. Bezpe\u010dn\u00e9 a stylov\u00e9.<\/p>\n","protected":false},"featured_media":49553,"template":"","meta":{"_acf_changed":false},"product_brand":[],"product_cat":[12695,12676],"product_tag":[],"class_list":{"0":"post-49550","1":"product","2":"type-product","3":"status-publish","4":"has-post-thumbnail","6":"product_cat-takticke-opasky","7":"product_cat-vybaveni","9":"first","10":"instock","11":"taxable","12":"shipping-taxable","13":"purchasable","14":"product-type-variable","15":"wvs-archive-product-wrapper"},"acf":[],"_links":{"self":[{"href":"https:\/\/staging.nbg.eu\/cs\/wp-json\/wp\/v2\/product\/49550","targetHints":{"allow":["GET"]}}],"collection":[{"href":"https:\/\/staging.nbg.eu\/cs\/wp-json\/wp\/v2\/product"}],"about":[{"href":"https:\/\/staging.nbg.eu\/cs\/wp-json\/wp\/v2\/types\/product"}],"wp:featuredmedia":[{"embeddable":true,"href":"https:\/\/staging.nbg.eu\/cs\/wp-json\/wp\/v2\/media\/49553"}],"wp:attachment":[{"href":"https:\/\/staging.nbg.eu\/cs\/wp-json\/wp\/v2\/media?parent=49550"}],"wp:term":[{"taxonomy":"product_brand","embeddable":true,"href":"https:\/\/staging.nbg.eu\/cs\/wp-json\/wp\/v2\/product_brand?post=49550"},{"taxonomy":"product_cat","embeddable":true,"href":"https:\/\/staging.nbg.eu\/cs\/wp-json\/wp\/v2\/product_cat?post=49550"},{"taxonomy":"product_tag","embeddable":true,"href":"https:\/\/staging.nbg.eu\/cs\/wp-json\/wp\/v2\/product_tag?post=49550"}],"curies":[{"name":"wp","href":"https:\/\/api.w.org\/{rel}","templated":true}]}}