{"id":49335,"date":"2024-07-29T18:42:30","date_gmt":"2024-09-12T16:12:56","guid":{"rendered":"https:\/\/staging.nbg.eu\/product\/large-utility-dapper-pouch\/"},"modified":"2024-09-12T16:13:39","modified_gmt":"2024-09-12T16:13:39","slug":"velka-univerzalni-sumka-dapper","status":"publish","type":"product","link":"https:\/\/staging.nbg.eu\/cs\/produkt\/velka-univerzalni-sumka-dapper\/","title":{"rendered":"Velk\u00e1 univerz\u00e1ln\u00ed sumka Dapper"},"content":{"rendered":"<div class=\"product-description\">\n<h2>Velk\u00e9 u\u017eitkov\u00e9 pouzdro<\/h2>\n<p>Na\u0161e velk\u00e9 u\u017eitkov\u00e9 pouzdro je navr\u017eeno pro ulo\u017een\u00ed v\u011bt\u0161iny ka\u017edodenn\u00edch p\u0159edm\u011bt\u016f a vybaven\u00ed. Od nab\u00edje\u010dek a po\u010d\u00edta\u010dov\u00e9ho vybaven\u00ed po zdravotnick\u00e9 pot\u0159eby a n\u00e1stroje.<\/p>\n<ul>\n<li>Rychl\u00e1 instalace a odstran\u011bn\u00ed na jak\u00e9mkoli smy\u010dkov\u00e9m poli<\/li>\n<li>Dva modr\u00e9 zipy pro snadn\u00fd p\u0159\u00edstup<\/li>\n<li>Horn\u00ed pogumovan\u00e9 dr\u017eadlo pro pohodln\u00fd p\u0159enos<\/li>\n<li>Pr\u016fhledn\u00e1 horn\u00ed \u010d\u00e1st pro okam\u017eit\u00fd p\u0159ehled obsahu<\/li>\n<li>Vnit\u0159n\u00ed smy\u010dkov\u00e9 pole pro dal\u0161\u00ed mo\u017enosti organizace<\/li>\n<li>H\u00e1\u010dky na zadn\u00ed stran\u011b pro univerz\u00e1ln\u00ed upevn\u011bn\u00ed na r\u016fzn\u00e9 povrchy<\/li>\n<\/ul>\n<p>Vhodn\u00e9 pro pou\u017eit\u00ed s batohy Blue Force Gear, vlo\u017ekami Dapper nebo vlastn\u00edmi aplikacemi.<\/p>\n<\/div>\n","protected":false},"excerpt":{"rendered":"<p>Univerz\u00e1ln\u00ed, odn\u00edmateln\u00e9 pouzdro pro ka\u017edodenn\u00ed v\u00fdbavu a nezbytnosti na mise.<\/p>\n","protected":false},"featured_media":49339,"template":"","meta":{"_acf_changed":false},"product_brand":[11125],"product_cat":[12667,12676],"product_tag":[],"class_list":{"0":"post-49335","1":"product","2":"type-product","3":"status-publish","4":"has-post-thumbnail","6":"product_brand-blue-force-gear","7":"product_cat-kapsy","8":"product_cat-vybaveni","10":"first","11":"instock","12":"taxable","13":"shipping-taxable","14":"purchasable","15":"product-type-simple"},"acf":[],"_links":{"self":[{"href":"https:\/\/staging.nbg.eu\/cs\/wp-json\/wp\/v2\/product\/49335","targetHints":{"allow":["GET"]}}],"collection":[{"href":"https:\/\/staging.nbg.eu\/cs\/wp-json\/wp\/v2\/product"}],"about":[{"href":"https:\/\/staging.nbg.eu\/cs\/wp-json\/wp\/v2\/types\/product"}],"wp:featuredmedia":[{"embeddable":true,"href":"https:\/\/staging.nbg.eu\/cs\/wp-json\/wp\/v2\/media\/49339"}],"wp:attachment":[{"href":"https:\/\/staging.nbg.eu\/cs\/wp-json\/wp\/v2\/media?parent=49335"}],"wp:term":[{"taxonomy":"product_brand","embeddable":true,"href":"https:\/\/staging.nbg.eu\/cs\/wp-json\/wp\/v2\/product_brand?post=49335"},{"taxonomy":"product_cat","embeddable":true,"href":"https:\/\/staging.nbg.eu\/cs\/wp-json\/wp\/v2\/product_cat?post=49335"},{"taxonomy":"product_tag","embeddable":true,"href":"https:\/\/staging.nbg.eu\/cs\/wp-json\/wp\/v2\/product_tag?post=49335"}],"curies":[{"name":"wp","href":"https:\/\/api.w.org\/{rel}","templated":true}]}}