{"id":48594,"date":"2024-07-29T19:02:28","date_gmt":"2024-09-12T15:49:46","guid":{"rendered":"https:\/\/staging.nbg.eu\/product\/ten-speed-single-308-mag-pouch\/"},"modified":"2024-09-12T15:50:28","modified_gmt":"2024-09-12T15:50:28","slug":"ten-speed-sumka-na-jeden-zasobnik-308","status":"publish","type":"product","link":"https:\/\/staging.nbg.eu\/cs\/produkt\/ten-speed-sumka-na-jeden-zasobnik-308\/","title":{"rendered":"Ten-Speed\u00ae Sumka na jeden z\u00e1sobn\u00edk 308"},"content":{"rendered":"<div class=\"product-description\">\n<h2>Ten-Speed\u00ae Jednotliv\u00e9 pouzdro na z\u00e1sobn\u00edk 308 Mag<\/h2>\n<p>\u0158e\u0161en\u00ed pro no\u0161en\u00ed z\u00e1sobn\u00edk\u016f .308 a dal\u0161\u00edch p\u0159edm\u011bt\u016f. Toto pouzdro pojme jeden z\u00e1sobn\u00edk .308 (kompatibiln\u00ed s SR-25, SIG 716, M110, FAL, SCAR-17, NGSW, XM7) nebo podobn\u011b velk\u00e9 p\u0159edm\u011bty jako zdravotnick\u00e9 pot\u0159eby, mal\u00e9 vys\u00edla\u010dky nebo GPS jednotky.<\/p>\n<h3>Hlavn\u00ed vlastnosti:<\/h3>\n<ul>\n<li>Lehk\u00fd a n\u00edzk\u00fd profil<\/li>\n<li>Elastick\u00fd materi\u00e1l a ULTRAcomp\u2122 lamin\u00e1t vojensk\u00e9 kvality<\/li>\n<li>Patentovan\u00fd upev\u0148ovac\u00ed syst\u00e9m Helium Whisper\u00ae<\/li>\n<li>Kompatibiln\u00ed s MOLLE<\/li>\n<li>Zv\u00fd\u0161en\u00e1 retence a odolnost<\/li>\n<li>O 60 % leh\u010d\u00ed ne\u017e tradi\u010dn\u00ed pouzdra<\/li>\n<\/ul>\n<p>Ten-Speed\u00ae Jednotliv\u00e9 pouzdro na z\u00e1sobn\u00edk 308 Mag kombinuje rychlost a bezpe\u010dnost.<\/p>\n<\/div>\n","protected":false},"excerpt":{"rendered":"<p>Lehk\u00e9, v\u0161estrann\u00e9 pouzdro na n\u00e1boje r\u00e1\u017ee .308 s bezpe\u010dn\u00fdm elastick\u00fdm upevn\u011bn\u00edm.<\/p>\n","protected":false},"featured_media":48597,"template":"","meta":{"_acf_changed":false},"product_brand":[11125],"product_cat":[12652,12667,12676],"product_tag":[],"class_list":{"0":"post-48594","1":"product","2":"type-product","3":"status-publish","4":"has-post-thumbnail","6":"product_brand-blue-force-gear","7":"product_cat-drzaky-zasobniku","8":"product_cat-kapsy","9":"product_cat-vybaveni","11":"first","12":"instock","13":"taxable","14":"shipping-taxable","15":"purchasable","16":"product-type-simple"},"acf":[],"_links":{"self":[{"href":"https:\/\/staging.nbg.eu\/cs\/wp-json\/wp\/v2\/product\/48594","targetHints":{"allow":["GET"]}}],"collection":[{"href":"https:\/\/staging.nbg.eu\/cs\/wp-json\/wp\/v2\/product"}],"about":[{"href":"https:\/\/staging.nbg.eu\/cs\/wp-json\/wp\/v2\/types\/product"}],"wp:featuredmedia":[{"embeddable":true,"href":"https:\/\/staging.nbg.eu\/cs\/wp-json\/wp\/v2\/media\/48597"}],"wp:attachment":[{"href":"https:\/\/staging.nbg.eu\/cs\/wp-json\/wp\/v2\/media?parent=48594"}],"wp:term":[{"taxonomy":"product_brand","embeddable":true,"href":"https:\/\/staging.nbg.eu\/cs\/wp-json\/wp\/v2\/product_brand?post=48594"},{"taxonomy":"product_cat","embeddable":true,"href":"https:\/\/staging.nbg.eu\/cs\/wp-json\/wp\/v2\/product_cat?post=48594"},{"taxonomy":"product_tag","embeddable":true,"href":"https:\/\/staging.nbg.eu\/cs\/wp-json\/wp\/v2\/product_tag?post=48594"}],"curies":[{"name":"wp","href":"https:\/\/api.w.org\/{rel}","templated":true}]}}