{"id":48493,"date":"2024-07-30T17:57:46","date_gmt":"2024-07-30T17:57:46","guid":{"rendered":"https:\/\/staging.nbg.eu\/product\/red-dot-sight-holosun-hs503gu\/"},"modified":"2024-09-12T15:42:15","modified_gmt":"2024-09-12T15:42:15","slug":"kolimator-holosun-hs503gu","status":"publish","type":"product","link":"https:\/\/staging.nbg.eu\/cs\/produkt\/kolimator-holosun-hs503gu\/","title":{"rendered":"Kolim\u00e1tor Holosun HS503GU"},"content":{"rendered":"<h2>Holosun HS503GU Kolim\u00e1tor<\/h2>\n<p>Holosun HS503GU Kolim\u00e1tor nab\u00edz\u00ed n\u00e1sleduj\u00edc\u00ed vlastnosti:<\/p>\n<ul>\n<li>Z\u00e1m\u011brn\u00fd k\u0159\u00ed\u017e s 2 MOA te\u010dkou a 65 MOA kruhem<\/li>\n<li>Um\u00edst\u011bn\u00ed baterie ve \u0161roubovac\u00edm krytu<\/li>\n<li>Ochrann\u00fd kryt pro ovl\u00e1d\u00e1n\u00ed stranov\u00e9 a v\u00fd\u0161kov\u00e9 korekce<\/li>\n<li>V\u00fddr\u017e baterie a\u017e 2 roky p\u0159i nep\u0159etr\u017eit\u00e9m pou\u017e\u00edv\u00e1n\u00ed<\/li>\n<li>Funkce zapnut\u00ed\/vypnut\u00ed aktivovan\u00e1 pohybem<\/li>\n<li>LED technologie<\/li>\n<li>Um\u00edst\u011bn\u00ed \u010do\u010dky mimo osu pro optim\u00e1ln\u00ed odraz sv\u011btla<\/li>\n<li>Lehk\u00e1 hlin\u00edkov\u00e1 konstrukce (0,18 kg)<\/li>\n<li>Kompaktn\u00ed rozm\u011bry: 6,6 cm D x 3,8 cm \u0160 x 6,9 cm V<\/li>\n<li>1x zv\u011bt\u0161en\u00ed<\/li>\n<li>Kompatibilita s Picatinny li\u0161tou<\/li>\n<\/ul>\n<p>HS503GU je vhodn\u00fd pro lov a taktickou st\u0159elbu. Nab\u00edz\u00ed p\u0159esnost a odolnost. Holosun p\u0159edstavuje inovativn\u00ed design a optick\u00fd v\u00fdkon v oblasti kolim\u00e1tor\u016f.<\/p>\n","protected":false},"excerpt":{"rendered":"<p>Kompaktn\u00ed kolim\u00e1tor s kruhov\u00fdm z\u00e1m\u011brn\u00fdm obrazcem a dlouhou v\u00fddr\u017e\u00ed baterie.<\/p>\n","protected":false},"featured_media":48494,"template":"","meta":{"_acf_changed":false},"product_brand":[11426],"product_cat":[12686,12719,12685],"product_tag":[],"class_list":{"0":"post-48493","1":"product","2":"type-product","3":"status-publish","4":"has-post-thumbnail","6":"product_brand-holosun","7":"product_cat-kolimatory","8":"product_cat-kolimatory-na-pusky","9":"product_cat-mireni","11":"first","12":"outofstock","13":"taxable","14":"shipping-taxable","15":"purchasable","16":"product-type-simple"},"acf":[],"_links":{"self":[{"href":"https:\/\/staging.nbg.eu\/cs\/wp-json\/wp\/v2\/product\/48493","targetHints":{"allow":["GET"]}}],"collection":[{"href":"https:\/\/staging.nbg.eu\/cs\/wp-json\/wp\/v2\/product"}],"about":[{"href":"https:\/\/staging.nbg.eu\/cs\/wp-json\/wp\/v2\/types\/product"}],"wp:featuredmedia":[{"embeddable":true,"href":"https:\/\/staging.nbg.eu\/cs\/wp-json\/wp\/v2\/media\/48494"}],"wp:attachment":[{"href":"https:\/\/staging.nbg.eu\/cs\/wp-json\/wp\/v2\/media?parent=48493"}],"wp:term":[{"taxonomy":"product_brand","embeddable":true,"href":"https:\/\/staging.nbg.eu\/cs\/wp-json\/wp\/v2\/product_brand?post=48493"},{"taxonomy":"product_cat","embeddable":true,"href":"https:\/\/staging.nbg.eu\/cs\/wp-json\/wp\/v2\/product_cat?post=48493"},{"taxonomy":"product_tag","embeddable":true,"href":"https:\/\/staging.nbg.eu\/cs\/wp-json\/wp\/v2\/product_tag?post=48493"}],"curies":[{"name":"wp","href":"https:\/\/api.w.org\/{rel}","templated":true}]}}