{"id":48171,"date":"2024-07-30T18:00:01","date_gmt":"2024-09-12T15:20:56","guid":{"rendered":"https:\/\/staging.nbg.eu\/product\/red-dot-sight-holosun-hs507k\/"},"modified":"2024-09-12T15:21:32","modified_gmt":"2024-09-12T15:21:32","slug":"kolimator-holosun-hs507k","status":"publish","type":"product","link":"https:\/\/staging.nbg.eu\/cs\/produkt\/kolimator-holosun-hs507k\/","title":{"rendered":"Kolim\u00e1tor Holosun HS507K"},"content":{"rendered":"<h2>Holosun HS507K X2 Red Dot zam\u011b\u0159ova\u010d<\/h2>\n<p>Holosun HS507K X2 je otev\u0159en\u00fd reflexn\u00ed optick\u00fd zam\u011b\u0159ova\u010d navr\u017een\u00fd pro subkompaktn\u00ed pistole. Tento zam\u011b\u0159ova\u010d vylep\u0161uje sv\u00e9ho p\u0159edch\u016fdce p\u0159id\u00e1n\u00edm re\u017eimu Lock Mode, kter\u00fd zaji\u0161\u0165uje nastaven\u00ed tla\u010d\u00edtek proti n\u00e1hodn\u00fdm zm\u011bn\u00e1m.<\/p>\n<h2>Hlavn\u00ed vlastnosti:<\/h2>\n<ul>\n<li>\u010cerven\u00e1 Super LED s v\u00fddr\u017e\u00ed baterie a\u017e 50 000 hodin<\/li>\n<li>Syst\u00e9m v\u00edce z\u00e1m\u011brn\u00fdch obrazc\u016f (MRS): kruhov\u00fd bod, 2 MOA bod a 32 MOA kruh<\/li>\n<li>Technologie Shake Awake pro okam\u017eitou aktivaci<\/li>\n<li>Odoln\u00e9 pouzdro z hlin\u00edku 7075<\/li>\n<li>Bo\u010dn\u00ed z\u00e1sobn\u00edk pro snadnou v\u00fdm\u011bnu baterie 1632<\/li>\n<li>Kompatibiln\u00ed s P365X\/XL (pro rozhran\u00ed se \u010dty\u0159mi v\u00fdstupky je vy\u017eadov\u00e1na adapt\u00e9rov\u00e1 deska)<\/li>\n<\/ul>\n<h2>Specifikace:<\/h2>\n<ul>\n<li>12 \u00farovn\u00ed jasu: 10 denn\u00edch a 2 kompatibiln\u00ed s no\u010dn\u00edm vid\u011bn\u00edm<\/li>\n<li>Bez paralaxy a s neomezen\u00fdm o\u010dn\u00edm reli\u00e9fem<\/li>\n<li>Vodot\u011bsnost IP67<\/li>\n<li>Velikost okna: 0,58&#8243; x 0,77&#8243;<\/li>\n<li>Rozm\u011bry: 1,6&#8243; x 0,98&#8243; x 0,95&#8243;<\/li>\n<li>Hmotnost: 28 g<\/li>\n<li>Nastaven\u00ed po 1 MOA kliknut\u00ed<\/li>\n<li>Rozsah nastaven\u00ed strany a v\u00fd\u0161ky \u00b130 MOA<\/li>\n<li>Provozn\u00ed teplota: -20\u00b0C a\u017e 51\u00b0C<\/li>\n<li>Skladovac\u00ed teplota: -20\u00b0C a\u017e 65\u00b0C<\/li>\n<li>Odolnost proti vibrac\u00edm: 5000G<\/li>\n<\/ul>\n<p>HS507K X2 je vhodn\u00fd pro zbran\u011b pro skryt\u00e9 no\u0161en\u00ed (CCW). Nab\u00edz\u00ed kompaktn\u00ed \u0159e\u0161en\u00ed pro zlep\u0161en\u00e9 zam\u011b\u0159ov\u00e1n\u00ed c\u00edle. Jeho konstrukce a funkce z n\u011bj d\u011blaj\u00ed volbu pro nad\u0161ence do st\u0159eln\u00fdch zbran\u00ed a profesion\u00e1ly. HS507K X2 Red Dot zam\u011b\u0159ova\u010d umo\u017e\u0148uje zlep\u0161enou p\u0159esnost a rychlej\u0161\u00ed zam\u011b\u0159en\u00ed c\u00edle.<\/p>\n","protected":false},"excerpt":{"rendered":"<p>Kompaktn\u00ed kolim\u00e1tor s \u010derven\u00fdm bodem pro pistole. V\u00edce druh\u016f z\u00e1m\u011brn\u00fdch obrazc\u016f, dlouh\u00e1 v\u00fddr\u017e baterie, odoln\u00fd.<\/p>\n","protected":false},"featured_media":48172,"template":"","meta":{"_acf_changed":false},"product_brand":[11426],"product_cat":[12686,12685,12666,12665],"product_tag":[],"class_list":{"0":"post-48171","1":"product","2":"type-product","3":"status-publish","4":"has-post-thumbnail","6":"product_brand-holosun","7":"product_cat-kolimatory","8":"product_cat-mireni","9":"product_cat-pistole","10":"product_cat-pistolove-kolimatory","12":"first","13":"instock","14":"taxable","15":"shipping-taxable","16":"purchasable","17":"product-type-simple"},"acf":[],"_links":{"self":[{"href":"https:\/\/staging.nbg.eu\/cs\/wp-json\/wp\/v2\/product\/48171","targetHints":{"allow":["GET"]}}],"collection":[{"href":"https:\/\/staging.nbg.eu\/cs\/wp-json\/wp\/v2\/product"}],"about":[{"href":"https:\/\/staging.nbg.eu\/cs\/wp-json\/wp\/v2\/types\/product"}],"wp:featuredmedia":[{"embeddable":true,"href":"https:\/\/staging.nbg.eu\/cs\/wp-json\/wp\/v2\/media\/48172"}],"wp:attachment":[{"href":"https:\/\/staging.nbg.eu\/cs\/wp-json\/wp\/v2\/media?parent=48171"}],"wp:term":[{"taxonomy":"product_brand","embeddable":true,"href":"https:\/\/staging.nbg.eu\/cs\/wp-json\/wp\/v2\/product_brand?post=48171"},{"taxonomy":"product_cat","embeddable":true,"href":"https:\/\/staging.nbg.eu\/cs\/wp-json\/wp\/v2\/product_cat?post=48171"},{"taxonomy":"product_tag","embeddable":true,"href":"https:\/\/staging.nbg.eu\/cs\/wp-json\/wp\/v2\/product_tag?post=48171"}],"curies":[{"name":"wp","href":"https:\/\/api.w.org\/{rel}","templated":true}]}}