{"id":47670,"date":"2024-07-30T18:21:46","date_gmt":"2024-09-12T13:52:06","guid":{"rendered":"https:\/\/staging.nbg.eu\/product\/surefire-supressor-alighnment-rod\/"},"modified":"2024-09-12T13:52:52","modified_gmt":"2024-09-12T13:52:52","slug":"zarovnavaci-tyc-na-tlumic-surefire","status":"publish","type":"product","link":"https:\/\/staging.nbg.eu\/cs\/produkt\/zarovnavaci-tyc-na-tlumic-surefire\/","title":{"rendered":"Zarovn\u00e1vac\u00ed ty\u010d na tlumi\u010d Surefire"},"content":{"rendered":"<p style=\"text-align: center\"><span style=\"font-size: 170%\"><strong>Zam\u011b\u0159ovac\u00ed ty\u010de SureFire<\/strong><\/span><\/p>\n<p>Zam\u011b\u0159ovac\u00ed ty\u010de SureFire jsou n\u00e1stroje pro zaji\u0161t\u011bn\u00ed spr\u00e1vn\u00e9 koncentricity dr\u00e1hy st\u0159ely p\u0159i st\u0159elb\u011b s tlumi\u010dem na nov\u00e9 platform\u011b. Ty\u010d p\u0159edstavuje dr\u00e1hu st\u0159ely a uk\u00e1\u017ee p\u0159\u00edpadn\u00e9 nesouososti. SureFire doporu\u010duje ov\u011b\u0159it souosost hlavn\u011b, adapt\u00e9ru a tlumi\u010de u ka\u017ed\u00e9 nov\u00e9 sestavy nebo dosud nevyzkou\u0161en\u00e9 konfigurace. Zam\u011b\u0159ovac\u00ed ty\u010de SureFire jsou nej\u00fa\u010dinn\u011bj\u0161\u00edm zp\u016fsobem, jak to potvrdit. Vyberte odpov\u00eddaj\u00edc\u00ed ty\u010d pro va\u0161i r\u00e1\u017ei pu\u0161ky nebo karabiny.<\/p>\n<p><span style=\"color: #282828\"><strong><span style=\"font-size: 150%\">VLASTNOSTI:<\/span><\/strong><\/span><\/p>\n<p style=\"padding-left: 40px\"><span style=\"color: #282828\"><strong>\u2588 <\/strong><\/span>Vyrobeno v USA.<\/p>\n<p style=\"padding-left: 40px\"><span style=\"color: #282828\"><strong>\u2588 <\/strong><\/span>Tepeln\u011b zpracovan\u00e1 nerezov\u00e1 ocel.<\/p>\n<p style=\"padding-left: 40px\"><span style=\"color: #282828\"><strong>\u2588 <\/strong><\/span>Pro ov\u011b\u0159en\u00ed sestavy p\u0159ed prvn\u00edm v\u00fdst\u0159elem.<\/p>\n<p style=\"padding-left: 40px\"><span style=\"color: #282828\"><strong>\u2588 <\/strong><\/span>P\u0159esn\u011b obroben\u00e9 ty\u010de pro nejp\u0159esn\u011bj\u0161\u00ed ov\u011b\u0159en\u00ed.<\/p>\n<p style=\"padding-left: 40px\"><span style=\"color: #282828\"><strong>\u2588 <\/strong><\/span>P\u0159esn\u011b obroben\u00e1 ty\u010d uk\u00e1\u017ee jakoukoli odchylku v zarovn\u00e1n\u00ed.<\/p>\n<p style=\"padding-left: 40px\"><span style=\"color: #282828\"><strong>\u2588 <\/strong><\/span>Schv\u00e1len\u00fd zp\u016fsob SureFire pro ov\u011b\u0159en\u00ed spr\u00e1vn\u00e9ho zarovn\u00e1n\u00ed tlumi\u010de.<\/p>\n<p style=\"padding-left: 40px\"><span style=\"color: #282828\"><strong>\u2588 <\/strong><\/span>Ty\u010de pro konkr\u00e9tn\u00ed r\u00e1\u017ee pro nejpopul\u00e1rn\u011bj\u0161\u00ed mo\u017enosti na trhu.<\/p>\n<p style=\"padding-left: 40px\"><span style=\"color: #282828\"><strong>\u2588 <\/strong><\/span>Mezi v\u00fdvrtem tlumi\u010de a st\u0159edem ty\u010de by m\u011bl b\u00fdt vid\u011bt stejn\u00fd prostor.<\/p>\n<p style=\"padding-left: 40px\"><span style=\"color: #282828\"><strong>\u2588 <\/strong><\/span>Vlo\u017ete ty\u010d skrz namontovan\u00fd tlumi\u010d nenabit\u00e9 zbran\u011b.<\/p>\n<p style=\"padding-left: 40px\"><span style=\"color: #282828\"><strong>\u2588 <\/strong><\/span>K dispozici specifick\u00e9 ty\u010de pro nejpopul\u00e1rn\u011bj\u0161\u00ed r\u00e1\u017ee, nap\u0159. (5,56 mm, 6,5 mm, 6,8 mm, 7,62 mm, 9 mm, .338)<\/p>\n<table width=\"595\">\n<tbody>\n<tr>\n<td colspan=\"2\" width=\"595\"><span style=\"font-size: 150%;color: #282828\"><b>KL\u00cd\u010cOV\u00c9 ATRIBUTY<\/b><\/span><\/td>\n<\/tr>\n<tr>\n<td width=\"198\"><b>R\u00c1\u017dE<\/b><\/td>\n<td width=\"397\">5,56 mm, 6,5 mm, 6,8 mm, 7,62 mm, 9 mm, .338 cal<\/td>\n<\/tr>\n<tr>\n<td width=\"198\"><b>KONSTRUKCE<\/b><\/td>\n<td width=\"397\">Tepeln\u011b zpracovan\u00e1 nerezov\u00e1 ocel<\/td>\n<\/tr>\n<\/tbody>\n","protected":false},"excerpt":{"rendered":"<p><strong>N\u00e1stroje pro zarovn\u00e1n\u00ed tlumi\u010d\u016f SureFire<\/strong><\/p>\n","protected":false},"featured_media":47672,"template":"","meta":{"_acf_changed":false},"product_brand":[11860],"product_cat":[12712,12681,12644],"product_tag":[],"class_list":{"0":"post-47670","1":"product","2":"type-product","3":"status-publish","4":"has-post-thumbnail","6":"product_brand-surefire","7":"product_cat-nastroje","8":"product_cat-prislusenstvi-tlumicu","9":"product_cat-tlumic","11":"first","12":"instock","13":"taxable","14":"shipping-taxable","15":"purchasable","16":"product-type-variable","17":"wvs-archive-product-wrapper"},"acf":[],"_links":{"self":[{"href":"https:\/\/staging.nbg.eu\/cs\/wp-json\/wp\/v2\/product\/47670","targetHints":{"allow":["GET"]}}],"collection":[{"href":"https:\/\/staging.nbg.eu\/cs\/wp-json\/wp\/v2\/product"}],"about":[{"href":"https:\/\/staging.nbg.eu\/cs\/wp-json\/wp\/v2\/types\/product"}],"wp:featuredmedia":[{"embeddable":true,"href":"https:\/\/staging.nbg.eu\/cs\/wp-json\/wp\/v2\/media\/47672"}],"wp:attachment":[{"href":"https:\/\/staging.nbg.eu\/cs\/wp-json\/wp\/v2\/media?parent=47670"}],"wp:term":[{"taxonomy":"product_brand","embeddable":true,"href":"https:\/\/staging.nbg.eu\/cs\/wp-json\/wp\/v2\/product_brand?post=47670"},{"taxonomy":"product_cat","embeddable":true,"href":"https:\/\/staging.nbg.eu\/cs\/wp-json\/wp\/v2\/product_cat?post=47670"},{"taxonomy":"product_tag","embeddable":true,"href":"https:\/\/staging.nbg.eu\/cs\/wp-json\/wp\/v2\/product_tag?post=47670"}],"curies":[{"name":"wp","href":"https:\/\/api.w.org\/{rel}","templated":true}]}}