{"id":47538,"date":"2024-07-30T18:46:42","date_gmt":"2024-09-12T13:44:52","guid":{"rendered":"https:\/\/staging.nbg.eu\/product\/surefire-dg-11-switch\/"},"modified":"2024-09-12T13:45:28","modified_gmt":"2024-09-12T13:45:28","slug":"spinac-surefire-dg-11","status":"publish","type":"product","link":"https:\/\/staging.nbg.eu\/cs\/produkt\/spinac-surefire-dg-11\/","title":{"rendered":"Sp\u00edna\u010d SureFire DG-11"},"content":{"rendered":"<div class=\"product-description\">\n<h2>SureFire DG-11 SWITCH<\/h2>\n<p>SureFire DG-11 SWITCH je ur\u010den pro pistole Glock Gen 3\/4\/5 s p\u0159\u00edslu\u0161enstv\u00edm. Tento sp\u00edna\u010d nab\u00edz\u00ed:<\/p>\n<ul>\n<li>Aktivaci sv\u00edtilny bez zm\u011bny \u00fachopu<\/li>\n<li>Oboustrann\u00fd sp\u00edna\u010d pro kr\u00e1tkodob\u00e9 a trval\u00e9 zapnut\u00ed<\/li>\n<li>Mal\u00fd centr\u00e1ln\u00ed pad pro p\u0159esn\u00e9 ovl\u00e1d\u00e1n\u00ed<\/li>\n<li>Kompatibilitu se sv\u00edtilnami \u0159ady X (krom\u011b XH50G)<\/li>\n<\/ul>\n<p>DG-11 umo\u017e\u0148uje u\u017eivatel\u016fm aktivovat sv\u00edtilnu tlakem prstu p\u0159i zachov\u00e1n\u00ed pevn\u00e9ho \u00fachopu zbran\u011b. Tento design zaji\u0161\u0165uje rychl\u00e9 a p\u0159esn\u00e9 ovl\u00e1d\u00e1n\u00ed sv\u011btla ve stresov\u00fdch situac\u00edch. Je ur\u010den pro policii, arm\u00e1du a majitele zbran\u00ed.<\/p>\n<\/div>\n","protected":false},"excerpt":{"rendered":"<p>Sp\u00edna\u010d na pistolov\u00e9 rukojeti pro p\u0159esn\u00e9 ovl\u00e1d\u00e1n\u00ed sv\u00edtilny na pistol\u00edch Glock.<\/p>\n","protected":false},"featured_media":47539,"template":"","meta":{"_acf_changed":false},"product_brand":[11860],"product_cat":[12724,12700,12693],"product_tag":[],"class_list":{"0":"post-47538","1":"product","2":"type-product","3":"status-publish","4":"has-post-thumbnail","6":"product_brand-surefire","7":"product_cat-prislusenstvi-ke-svitilnam","8":"product_cat-svitilny","9":"product_cat-svitilny-na-pistole","11":"first","12":"instock","13":"taxable","14":"shipping-taxable","15":"purchasable","16":"product-type-simple"},"acf":[],"_links":{"self":[{"href":"https:\/\/staging.nbg.eu\/cs\/wp-json\/wp\/v2\/product\/47538","targetHints":{"allow":["GET"]}}],"collection":[{"href":"https:\/\/staging.nbg.eu\/cs\/wp-json\/wp\/v2\/product"}],"about":[{"href":"https:\/\/staging.nbg.eu\/cs\/wp-json\/wp\/v2\/types\/product"}],"wp:featuredmedia":[{"embeddable":true,"href":"https:\/\/staging.nbg.eu\/cs\/wp-json\/wp\/v2\/media\/47539"}],"wp:attachment":[{"href":"https:\/\/staging.nbg.eu\/cs\/wp-json\/wp\/v2\/media?parent=47538"}],"wp:term":[{"taxonomy":"product_brand","embeddable":true,"href":"https:\/\/staging.nbg.eu\/cs\/wp-json\/wp\/v2\/product_brand?post=47538"},{"taxonomy":"product_cat","embeddable":true,"href":"https:\/\/staging.nbg.eu\/cs\/wp-json\/wp\/v2\/product_cat?post=47538"},{"taxonomy":"product_tag","embeddable":true,"href":"https:\/\/staging.nbg.eu\/cs\/wp-json\/wp\/v2\/product_tag?post=47538"}],"curies":[{"name":"wp","href":"https:\/\/api.w.org\/{rel}","templated":true}]}}