{"id":47397,"date":"2024-07-30T18:47:47","date_gmt":"2024-09-12T13:39:44","guid":{"rendered":"https:\/\/staging.nbg.eu\/product\/surefire-x400t-a-rd\/"},"modified":"2025-02-19T15:09:06","modified_gmt":"2025-02-19T15:09:06","slug":"surefire-x400t-a-rd","status":"publish","type":"product","link":"https:\/\/staging.nbg.eu\/cs\/produkt\/surefire-x400t-a-rd\/","title":{"rendered":"SureFire X400T-A-RD"},"content":{"rendered":"<div class=\"product-description\">\n<h2>SureFire X400T-A-RD (\u010cerven\u00fd laser) Zbra\u0148ov\u00e9 sv\u011btlo<\/h2>\n<p>SureFire X400T-A-RD je taktick\u00e9 sv\u011btlo s n\u00e1sleduj\u00edc\u00edmi parametry:<\/p>\n<ul>\n<li>Integrovan\u00fd 5-miliwattov\u00fd \u010derven\u00fd laser<\/li>\n<li>Turbo vzor paprsku<\/li>\n<li>Syst\u00e9m upevn\u011bn\u00ed Secure Lever Latch pro mont\u00e1\u017e na univerz\u00e1ln\u00ed a Picatinny li\u0161ty<\/li>\n<li>Oboustrann\u00e9 ovl\u00e1d\u00e1n\u00ed<\/li>\n<li>Kompatibilita s pouzdry X300U-A<\/li>\n<li>T\u011blo z leteck\u00e9ho hlin\u00edku s tvrdou anodizovanou povrchovou \u00fapravou<\/li>\n<li>Vodot\u011bsnost IPX7 (1 metr po dobu 30 minut)<\/li>\n<li>1,5 hodiny provozu na dv\u011b p\u0159ilo\u017een\u00e9 lithiov\u00e9 baterie 123A<\/li>\n<\/ul>\n<p>X400T-A-RD kombinuje b\u00edl\u00e9 sv\u011btlo a \u010derven\u00fd laser. M\u00e1 oboustrann\u00e9 ovl\u00e1d\u00e1n\u00ed a odoln\u00e9 t\u011blo odoln\u00e9 proti korozi.<\/p>\n<\/div>\n","protected":false},"excerpt":{"rendered":"<p>SureFire X400T-A-RD: 650lumenov\u00e1 taktick\u00e1 sv\u00edtilna s \u010derven\u00fdm laserem, mont\u00e1\u017e na li\u0161tu.<\/p>\n","protected":false},"featured_media":47398,"template":"","meta":{"_acf_changed":false},"product_brand":[11860],"product_cat":[12666,12700,12693],"product_tag":[],"class_list":{"0":"post-47397","1":"product","2":"type-product","3":"status-publish","4":"has-post-thumbnail","6":"product_brand-surefire","7":"product_cat-pistole","8":"product_cat-svitilny","9":"product_cat-svitilny-na-pistole","11":"first","12":"instock","13":"taxable","14":"shipping-taxable","15":"purchasable","16":"product-type-simple"},"acf":[],"_links":{"self":[{"href":"https:\/\/staging.nbg.eu\/cs\/wp-json\/wp\/v2\/product\/47397","targetHints":{"allow":["GET"]}}],"collection":[{"href":"https:\/\/staging.nbg.eu\/cs\/wp-json\/wp\/v2\/product"}],"about":[{"href":"https:\/\/staging.nbg.eu\/cs\/wp-json\/wp\/v2\/types\/product"}],"wp:featuredmedia":[{"embeddable":true,"href":"https:\/\/staging.nbg.eu\/cs\/wp-json\/wp\/v2\/media\/47398"}],"wp:attachment":[{"href":"https:\/\/staging.nbg.eu\/cs\/wp-json\/wp\/v2\/media?parent=47397"}],"wp:term":[{"taxonomy":"product_brand","embeddable":true,"href":"https:\/\/staging.nbg.eu\/cs\/wp-json\/wp\/v2\/product_brand?post=47397"},{"taxonomy":"product_cat","embeddable":true,"href":"https:\/\/staging.nbg.eu\/cs\/wp-json\/wp\/v2\/product_cat?post=47397"},{"taxonomy":"product_tag","embeddable":true,"href":"https:\/\/staging.nbg.eu\/cs\/wp-json\/wp\/v2\/product_tag?post=47397"}],"curies":[{"name":"wp","href":"https:\/\/api.w.org\/{rel}","templated":true}]}}