{"id":47274,"date":"2024-07-30T18:47:47","date_gmt":"2024-09-12T13:24:44","guid":{"rendered":"https:\/\/staging.nbg.eu\/product\/surefire-maxvision-tactician-e2t-mv\/"},"modified":"2024-09-12T13:25:21","modified_gmt":"2024-09-12T13:25:21","slug":"surefire-maxvision-tactician-e2t-mv","status":"publish","type":"product","link":"https:\/\/staging.nbg.eu\/cs\/produkt\/surefire-maxvision-tactician-e2t-mv\/","title":{"rendered":"SureFire MAXVISION Tactician E2T-MV"},"content":{"rendered":"<div class=\"product-description\">\n<h2>SureFire MAXVISION Tactician E2T-MV<\/h2>\n<p>SureFire MAXVISION Tactician E2T-MV je sv\u00edtilna pro ka\u017edodenn\u00ed no\u0161en\u00ed a m\u016f\u017ee slou\u017eit jako improvizovan\u00e1 zbra\u0148ov\u00e1 sv\u00edtilna.<\/p>\n<ul>\n<li>LED s dvojit\u00fdm v\u00fdstupem a reflektorem MaxVision Beam\u00ae<\/li>\n<li>800 lumen\u016f na vysok\u00fd v\u00fdkon pro \u00fakoly na del\u0161\u00ed vzd\u00e1lenost<\/li>\n<li>5 lumen\u016f na n\u00edzk\u00fd v\u00fdkon pro prodlou\u017eenou dobu provozu (95 hodin)<\/li>\n<li>Taktick\u00fd koncov\u00fd sp\u00edna\u010d pro okam\u017eit\u00e9 nebo trval\u00e9 zapnut\u00ed<\/li>\n<li>Kompaktn\u00ed d\u00e9lka 5,0 palc\u016f a lehk\u00e1 konstrukce 3,5 unc\u00ed<\/li>\n<li>Hlin\u00edkov\u00e1 konstrukce s tvrd\u011b anodizovanou povrchovou \u00fapravou podle vojensk\u00fdch specifikac\u00ed<\/li>\n<li>Vodot\u011bsnost IPX7<\/li>\n<li>Nap\u00e1jen\u00ed dv\u011bma p\u0159ilo\u017een\u00fdmi bateriemi 123A<\/li>\n<\/ul>\n<p>Konstrukce hlavice umo\u017e\u0148uje rychlou \u00fapravu v\u00fdstupu: uta\u017een\u00edm rukou pro maxim\u00e1ln\u00ed v\u00fdstup nebo oto\u010den\u00edm proti sm\u011bru hodinov\u00fdch ru\u010di\u010dek pro n\u00edzk\u00fd v\u00fdstup. Sv\u00edtilna m\u00e1 maxim\u00e1ln\u00ed intenzitu paprsku 3 200 kandel a dosah paprsku 115 metr\u016f.<\/p>\n<\/div>\n","protected":false},"excerpt":{"rendered":"<p>Zde je p\u0159eklad produktov\u00e9ho popisu pro SureFire MAXVISION Tactician E2T-MV v p\u0159ibli\u017en\u011b 60 znac\u00edch:<\/p>\n<p>V\u0161estrann\u00e9 800lumenov\u00e9 taktick\u00e9 sv\u011btlo s dvojit\u00fdm v\u00fdstupem a paprskem MaxVision\u00ae.<\/p>\n","protected":false},"featured_media":47275,"template":"","meta":{"_acf_changed":false},"product_brand":[11860],"product_cat":[12699,12668,12700],"product_tag":[],"class_list":{"0":"post-47274","1":"product","2":"type-product","3":"status-publish","4":"has-post-thumbnail","6":"product_brand-surefire","7":"product_cat-edc","8":"product_cat-edc-svitilny","9":"product_cat-svitilny","11":"first","12":"instock","13":"taxable","14":"shipping-taxable","15":"purchasable","16":"product-type-simple"},"acf":[],"_links":{"self":[{"href":"https:\/\/staging.nbg.eu\/cs\/wp-json\/wp\/v2\/product\/47274","targetHints":{"allow":["GET"]}}],"collection":[{"href":"https:\/\/staging.nbg.eu\/cs\/wp-json\/wp\/v2\/product"}],"about":[{"href":"https:\/\/staging.nbg.eu\/cs\/wp-json\/wp\/v2\/types\/product"}],"wp:featuredmedia":[{"embeddable":true,"href":"https:\/\/staging.nbg.eu\/cs\/wp-json\/wp\/v2\/media\/47275"}],"wp:attachment":[{"href":"https:\/\/staging.nbg.eu\/cs\/wp-json\/wp\/v2\/media?parent=47274"}],"wp:term":[{"taxonomy":"product_brand","embeddable":true,"href":"https:\/\/staging.nbg.eu\/cs\/wp-json\/wp\/v2\/product_brand?post=47274"},{"taxonomy":"product_cat","embeddable":true,"href":"https:\/\/staging.nbg.eu\/cs\/wp-json\/wp\/v2\/product_cat?post=47274"},{"taxonomy":"product_tag","embeddable":true,"href":"https:\/\/staging.nbg.eu\/cs\/wp-json\/wp\/v2\/product_tag?post=47274"}],"curies":[{"name":"wp","href":"https:\/\/api.w.org\/{rel}","templated":true}]}}