{"id":47209,"date":"2024-07-30T18:50:58","date_gmt":"2024-09-12T13:12:15","guid":{"rendered":"https:\/\/staging.nbg.eu\/product\/surefire-b12-lithium-polymer-battery\/"},"modified":"2024-09-12T13:12:51","modified_gmt":"2024-09-12T13:12:51","slug":"lithium-polymerova-baterie-surefire-b12","status":"publish","type":"product","link":"https:\/\/staging.nbg.eu\/cs\/produkt\/lithium-polymerova-baterie-surefire-b12\/","title":{"rendered":"Lithium polymerov\u00e1 baterie SureFire B12"},"content":{"rendered":"<div class=\"product-description\">\n<h2>LITHIUM-POLYMEROV\u00c1 BATERIE SUREFIRE B12<\/h2>\n<p>Nap\u00e1jejte sv\u00e9 mikrokompaktn\u00ed zbra\u0148ov\u00e9 sv\u00edtilny \u0159ady SureFire XSC origin\u00e1ln\u00ed lithium-polymerovou bateri\u00ed B12. Tato rychle odpojiteln\u00e1, dob\u00edjec\u00ed baterie je navr\u017eena pro rychlou v\u00fdm\u011bnu bez nutnosti odstran\u011bn\u00ed XSC z va\u0161\u00ed pistole.<\/p>\n<ul>\n<li>Navr\u017eeno speci\u00e1ln\u011b pro zbra\u0148ov\u00e9 sv\u00edtilny SureFire XSC<\/li>\n<li>Poskytuje a\u017e 30 minut provozu p\u0159i 350 lumenech<\/li>\n<li>Tla\u010d\u00edtko pro kontrolu stavu nabit\u00ed<\/li>\n<li>Kompatibiln\u00ed s nab\u00edje\u010dkou SureFire CH21<\/li>\n<li>N\u00e1kladov\u011b efektivn\u00ed \u0159e\u0161en\u00ed pro dlouhodob\u00e9 pou\u017eit\u00ed<\/li>\n<\/ul>\n<p>SureFire B12 je zdroj energie pro va\u0161i zbra\u0148ovou sv\u00edtilnu XSC.<\/p>\n<\/div>\n","protected":false},"excerpt":{"rendered":"<p>Dob\u00edjec\u00ed baterie pro zbra\u0148ov\u00e1 sv\u011btla SureFire XSC. Rychl\u00e1 v\u00fdm\u011bna, 30minutov\u00fd provoz.<\/p>\n","protected":false},"featured_media":47210,"template":"","meta":{"_acf_changed":false},"product_brand":[11860],"product_cat":[12648,12700],"product_tag":[],"class_list":{"0":"post-47209","1":"product","2":"type-product","3":"status-publish","4":"has-post-thumbnail","6":"product_brand-surefire","7":"product_cat-baterie","8":"product_cat-svitilny","10":"first","11":"instock","12":"taxable","13":"shipping-taxable","14":"purchasable","15":"product-type-simple"},"acf":[],"_links":{"self":[{"href":"https:\/\/staging.nbg.eu\/cs\/wp-json\/wp\/v2\/product\/47209","targetHints":{"allow":["GET"]}}],"collection":[{"href":"https:\/\/staging.nbg.eu\/cs\/wp-json\/wp\/v2\/product"}],"about":[{"href":"https:\/\/staging.nbg.eu\/cs\/wp-json\/wp\/v2\/types\/product"}],"wp:featuredmedia":[{"embeddable":true,"href":"https:\/\/staging.nbg.eu\/cs\/wp-json\/wp\/v2\/media\/47210"}],"wp:attachment":[{"href":"https:\/\/staging.nbg.eu\/cs\/wp-json\/wp\/v2\/media?parent=47209"}],"wp:term":[{"taxonomy":"product_brand","embeddable":true,"href":"https:\/\/staging.nbg.eu\/cs\/wp-json\/wp\/v2\/product_brand?post=47209"},{"taxonomy":"product_cat","embeddable":true,"href":"https:\/\/staging.nbg.eu\/cs\/wp-json\/wp\/v2\/product_cat?post=47209"},{"taxonomy":"product_tag","embeddable":true,"href":"https:\/\/staging.nbg.eu\/cs\/wp-json\/wp\/v2\/product_tag?post=47209"}],"curies":[{"name":"wp","href":"https:\/\/api.w.org\/{rel}","templated":true}]}}