{"id":47185,"date":"2024-07-30T18:50:58","date_gmt":"2024-07-30T18:50:58","guid":{"rendered":"https:\/\/staging.nbg.eu\/product\/surefire-sflfp123-batteries-charger\/"},"modified":"2024-09-12T13:08:20","modified_gmt":"2024-09-12T13:08:20","slug":"baterie-surefire-sflfp123-nabijecka","status":"publish","type":"product","link":"https:\/\/staging.nbg.eu\/cs\/produkt\/baterie-surefire-sflfp123-nabijecka\/","title":{"rendered":"Baterie SureFire SFLFP123 + nab\u00edje\u010dka"},"content":{"rendered":"<p>SureFire SFLFP123 baterie a nab\u00edje\u010dka:<\/p>\n<ul>\n<li>Nab\u00edjec\u00ed SFLFP123 baterie jsou levn\u011bj\u0161\u00ed ne\u017e jednor\u00e1zov\u00e9 123A lithiov\u00e9 baterie<\/li>\n<li>Neobsahuj\u00ed nebezpe\u010dn\u00e9 t\u011b\u017ek\u00e9 kovy<\/li>\n<li>Dvoupozicov\u00e1 nab\u00edje\u010dka pro nab\u00edjen\u00ed doma nebo na cest\u00e1ch<\/li>\n<li>Sada obsahuje:\n<ul>\n<li>Dv\u011b lithium-\u017eelezo-fosf\u00e1tov\u00e9 (LiFePO4) 450mAh 3.2V nab\u00edjec\u00ed baterie<\/li>\n<li>Dvoupozicovou nab\u00edje\u010dku<\/li>\n<li>MICRO-USB na USB-A kabel<\/li>\n<\/ul>\n<\/li>\n<\/ul>\n<p>SureFire SFLFP123 baterie a nab\u00edje\u010dka<\/p>\n","protected":false},"excerpt":{"rendered":"<p>Dob\u00edjec\u00ed LiFePO4 baterie s nab\u00edje\u010dkou. Ekologick\u00e9 a cenov\u011b v\u00fdhodn\u00e9.<\/p>\n","protected":false},"featured_media":47164,"template":"","meta":{"_acf_changed":false},"product_brand":[11860],"product_cat":[12648,12724,12700],"product_tag":[],"class_list":{"0":"post-47185","1":"product","2":"type-product","3":"status-publish","4":"has-post-thumbnail","6":"product_brand-surefire","7":"product_cat-baterie","8":"product_cat-prislusenstvi-ke-svitilnam","9":"product_cat-svitilny","11":"first","12":"outofstock","13":"taxable","14":"shipping-taxable","15":"purchasable","16":"product-type-simple"},"acf":[],"_links":{"self":[{"href":"https:\/\/staging.nbg.eu\/cs\/wp-json\/wp\/v2\/product\/47185","targetHints":{"allow":["GET"]}}],"collection":[{"href":"https:\/\/staging.nbg.eu\/cs\/wp-json\/wp\/v2\/product"}],"about":[{"href":"https:\/\/staging.nbg.eu\/cs\/wp-json\/wp\/v2\/types\/product"}],"wp:featuredmedia":[{"embeddable":true,"href":"https:\/\/staging.nbg.eu\/cs\/wp-json\/wp\/v2\/media\/47164"}],"wp:attachment":[{"href":"https:\/\/staging.nbg.eu\/cs\/wp-json\/wp\/v2\/media?parent=47185"}],"wp:term":[{"taxonomy":"product_brand","embeddable":true,"href":"https:\/\/staging.nbg.eu\/cs\/wp-json\/wp\/v2\/product_brand?post=47185"},{"taxonomy":"product_cat","embeddable":true,"href":"https:\/\/staging.nbg.eu\/cs\/wp-json\/wp\/v2\/product_cat?post=47185"},{"taxonomy":"product_tag","embeddable":true,"href":"https:\/\/staging.nbg.eu\/cs\/wp-json\/wp\/v2\/product_tag?post=47185"}],"curies":[{"name":"wp","href":"https:\/\/api.w.org\/{rel}","templated":true}]}}