{"id":47105,"date":"2024-07-30T18:50:58","date_gmt":"2024-07-30T18:50:58","guid":{"rendered":"https:\/\/staging.nbg.eu\/product\/surefire-sflfp123-batteries-2-pack\/"},"modified":"2024-09-12T13:04:07","modified_gmt":"2024-09-12T13:04:07","slug":"baterie-surefire-sflfp123-2-kusy","status":"publish","type":"product","link":"https:\/\/staging.nbg.eu\/cs\/produkt\/baterie-surefire-sflfp123-2-kusy\/","title":{"rendered":"Baterie SureFire SFLFP123 2 kusy"},"content":{"rendered":"<div class=\"product-description\">\n<h2>Baterie SureFire SFLFP123 &#8211; 2 kusy<\/h2>\n<p>Baterie SureFire SFLFP123 pro va\u0161e za\u0159\u00edzen\u00ed. Tato 2-balen\u00ed lithium-fosf\u00e1tov\u00fdch bateri\u00ed nab\u00edz\u00ed:<\/p>\n<ul>\n<li>Energie pro sv\u00edtilny, zbra\u0148ov\u00e1 sv\u011btla a dal\u0161\u00ed za\u0159\u00edzen\u00ed<\/li>\n<li>Jmenovit\u00e9 nap\u011bt\u00ed 3,2 V s kapacitou 1500 mAh<\/li>\n<li>Odolnost v\u016f\u010di extr\u00e9mn\u00edm teplot\u00e1m (-40\u00b0C a\u017e 60\u00b0C)<\/li>\n<li>10let\u00e1 skladovatelnost pro nouzov\u00e9 situace<\/li>\n<li>Dob\u00edjen\u00ed a\u017e 500kr\u00e1t<\/li>\n<li>Vyrobeno v USA<\/li>\n<\/ul>\n<p>Tyto kompaktn\u00ed a lehk\u00e9 baterie poskytuj\u00ed stabiln\u00ed v\u00fdkon v n\u00e1ro\u010dn\u00fdch situac\u00edch.<\/p>\n<\/div>\n","protected":false},"excerpt":{"rendered":"<p>Baterie SureFire SFLFP123: Vysoce v\u00fdkonn\u00e9 3V lithium-fosf\u00e1tov\u00e9 \u010dl\u00e1nky navr\u017een\u00e9 pro maxim\u00e1ln\u00ed v\u00fdkon a \u017eivotnost. Toto balen\u00ed po 2 kusech poskytuje spolehlivou energii pro sv\u00edtilny, zbra\u0148ov\u00e1 sv\u011btla a dal\u0161\u00ed za\u0159\u00edzen\u00ed. D\u016fv\u011b\u0159ujte kvalit\u011b SureFire pro konzistentn\u00ed, dlouhotrvaj\u00edc\u00ed energii v kompaktn\u00ed velikosti.<\/p>\n","protected":false},"featured_media":47106,"template":"","meta":{"_acf_changed":false},"product_brand":[11860],"product_cat":[12648,12699,12668,12724,12700],"product_tag":[],"class_list":{"0":"post-47105","1":"product","2":"type-product","3":"status-publish","4":"has-post-thumbnail","6":"product_brand-surefire","7":"product_cat-baterie","8":"product_cat-edc","9":"product_cat-edc-svitilny","10":"product_cat-prislusenstvi-ke-svitilnam","11":"product_cat-svitilny","13":"first","14":"instock","15":"taxable","16":"shipping-taxable","17":"purchasable","18":"product-type-simple"},"acf":[],"_links":{"self":[{"href":"https:\/\/staging.nbg.eu\/cs\/wp-json\/wp\/v2\/product\/47105","targetHints":{"allow":["GET"]}}],"collection":[{"href":"https:\/\/staging.nbg.eu\/cs\/wp-json\/wp\/v2\/product"}],"about":[{"href":"https:\/\/staging.nbg.eu\/cs\/wp-json\/wp\/v2\/types\/product"}],"wp:featuredmedia":[{"embeddable":true,"href":"https:\/\/staging.nbg.eu\/cs\/wp-json\/wp\/v2\/media\/47106"}],"wp:attachment":[{"href":"https:\/\/staging.nbg.eu\/cs\/wp-json\/wp\/v2\/media?parent=47105"}],"wp:term":[{"taxonomy":"product_brand","embeddable":true,"href":"https:\/\/staging.nbg.eu\/cs\/wp-json\/wp\/v2\/product_brand?post=47105"},{"taxonomy":"product_cat","embeddable":true,"href":"https:\/\/staging.nbg.eu\/cs\/wp-json\/wp\/v2\/product_cat?post=47105"},{"taxonomy":"product_tag","embeddable":true,"href":"https:\/\/staging.nbg.eu\/cs\/wp-json\/wp\/v2\/product_tag?post=47105"}],"curies":[{"name":"wp","href":"https:\/\/api.w.org\/{rel}","templated":true}]}}