{"id":47022,"date":"2024-07-30T19:06:10","date_gmt":"2024-09-12T12:55:52","guid":{"rendered":"https:\/\/staging.nbg.eu\/product\/iosso-ar-rifle-complete-cleaning-kit\/"},"modified":"2024-09-12T12:56:34","modified_gmt":"2024-09-12T12:56:34","slug":"kompletni-cistici-sada-iosso-ar","status":"publish","type":"product","link":"https:\/\/staging.nbg.eu\/cs\/produkt\/kompletni-cistici-sada-iosso-ar\/","title":{"rendered":"Kompletn\u00ed \u010dist\u00edc\u00ed sada Iosso AR"},"content":{"rendered":"<div class=\"product-description\">\n<h2>Iosso AR \u010distic\u00ed sada pro pu\u0161ku<\/h2>\n<p>Udr\u017eujte svou st\u0159elnou zbra\u0148 v dobr\u00e9m stavu pomoc\u00ed t\u00e9to \u010distic\u00ed sady. Vlastnosti:<\/p>\n<ul>\n<li>6 p\u0159esn\u011b padnouc\u00edch kart\u00e1\u010dk\u016f pro d\u016fkladn\u00e9 \u010di\u0161t\u011bn\u00ed<\/li>\n<li>\u010cist\u00ed horn\u00ed receiver, komoru, nosi\u010d z\u00e1v\u011bru, v\u00fdvrt .223\/.30, kl\u00ed\u010dovou trubici a plynovou trubici<\/li>\n<li>Kart\u00e1\u010dek na plynovou trubici \u010dist\u00ed bez nutnosti demont\u00e1\u017ee<\/li>\n<li>Obsahuje v\u0161echny pot\u0159ebn\u00e9 n\u00e1stroje, ty\u010dku a prov\u00e1zek<\/li>\n<li>Vhodn\u00e9 pro pistole, pu\u0161ky a brokovnice<\/li>\n<li>V\u010detn\u011b p\u0159enosn\u00e9 ta\u0161ky<\/li>\n<\/ul>\n<p>Pro optim\u00e1ln\u00ed v\u00fdsledky pou\u017eijte s \u010disti\u010dem v\u00fdvrtu Iosso a olejem Triple Action (prod\u00e1vaj\u00ed se samostatn\u011b).<\/p>\n<\/div>\n","protected":false},"excerpt":{"rendered":"<p>Komplexn\u00ed \u010distic\u00ed sada na pu\u0161ku AR se 6 kart\u00e1\u010dky a nezbytn\u00fdmi n\u00e1stroji.<\/p>\n","protected":false},"featured_media":107630,"template":"","meta":{"_acf_changed":false},"product_brand":[11469],"product_cat":[12690,12655,12717],"product_tag":[],"class_list":{"0":"post-47022","1":"product","2":"type-product","3":"status-publish","4":"has-post-thumbnail","6":"product_brand-iosso","7":"product_cat-cisteni-zbrani","8":"product_cat-cistici-sady","9":"product_cat-kartace","10":"pa_model-ar-308-cs","11":"pa_model-ar-15-cs","13":"first","14":"instock","15":"taxable","16":"shipping-taxable","17":"purchasable","18":"product-type-variable","19":"wvs-archive-product-wrapper"},"acf":[],"_links":{"self":[{"href":"https:\/\/staging.nbg.eu\/cs\/wp-json\/wp\/v2\/product\/47022","targetHints":{"allow":["GET"]}}],"collection":[{"href":"https:\/\/staging.nbg.eu\/cs\/wp-json\/wp\/v2\/product"}],"about":[{"href":"https:\/\/staging.nbg.eu\/cs\/wp-json\/wp\/v2\/types\/product"}],"wp:featuredmedia":[{"embeddable":true,"href":"https:\/\/staging.nbg.eu\/cs\/wp-json\/wp\/v2\/media\/107630"}],"wp:attachment":[{"href":"https:\/\/staging.nbg.eu\/cs\/wp-json\/wp\/v2\/media?parent=47022"}],"wp:term":[{"taxonomy":"product_brand","embeddable":true,"href":"https:\/\/staging.nbg.eu\/cs\/wp-json\/wp\/v2\/product_brand?post=47022"},{"taxonomy":"product_cat","embeddable":true,"href":"https:\/\/staging.nbg.eu\/cs\/wp-json\/wp\/v2\/product_cat?post=47022"},{"taxonomy":"product_tag","embeddable":true,"href":"https:\/\/staging.nbg.eu\/cs\/wp-json\/wp\/v2\/product_tag?post=47022"}],"curies":[{"name":"wp","href":"https:\/\/api.w.org\/{rel}","templated":true}]}}