{"id":46920,"date":"2024-07-30T19:11:42","date_gmt":"2024-09-12T12:42:56","guid":{"rendered":"https:\/\/staging.nbg.eu\/product\/surefire-scout-light-rear-cap\/"},"modified":"2024-09-12T12:43:36","modified_gmt":"2024-09-12T12:43:36","slug":"zadni-kryt-surefire-scout-light","status":"publish","type":"product","link":"https:\/\/staging.nbg.eu\/cs\/produkt\/zadni-kryt-surefire-scout-light\/","title":{"rendered":"Zadn\u00ed kryt SureFire Scout Light"},"content":{"rendered":"<div class=\"product-description\">\n<h2>SureFire ZADN\u00cd KRYT PRO SCOUT LIGHT<\/h2>\n<p>N\u00e1hradn\u00ed zadn\u00ed kryt pro Scout Light, navr\u017een\u00fd pro zv\u00fd\u0161enou v\u0161estrannost a funk\u010dnost.<\/p>\n<h3>Hlavn\u00ed vlastnosti:<\/h3>\n<ul>\n<li>Kompatibiln\u00ed s p\u00e1skov\u00fdmi sp\u00edna\u010di SureFire (ST07 nen\u00ed sou\u010d\u00e1st\u00ed)<\/li>\n<li>Funkce uzam\u010den\u00ed zabra\u0148uje n\u00e1hodn\u00e9mu aktivov\u00e1n\u00ed<\/li>\n<li>Konstrukce z leteck\u00e9ho hlin\u00edku<\/li>\n<li>Povrchov\u00e1 \u00faprava tvrd\u00fdm eloxov\u00e1n\u00edm dle vojensk\u00e9 specifikace typu III<\/li>\n<li>K dispozici v \u010dern\u00e9 nebo pou\u0161tn\u00ed b\u00e9\u017eov\u00e9 barv\u011b<\/li>\n<\/ul>\n<p>Tento zadn\u00ed kryt umo\u017e\u0148uje p\u0159ipojen\u00ed p\u00e1skov\u00e9ho sp\u00edna\u010de SureFire, co\u017e poskytuje v\u011bt\u0161\u00ed kontrolu a flexibilitu b\u011bhem taktick\u00fdch operac\u00ed. Funkce uzam\u010den\u00ed zaji\u0161\u0165uje bezpe\u010dnost b\u011bhem p\u0159epravy a skladov\u00e1n\u00ed.<\/p>\n<h3>Kompatibilita:<\/h3>\n<p>Vhodn\u00fd pro zbra\u0148ov\u00e1 sv\u011btla Scout Light a sv\u00edtilny s pr\u016fm\u011brem sp\u00edna\u010de 0,75&#8243;, v\u010detn\u011b:<\/p>\n<ul>\n<li>E1E-HA, E1B, E1L-HA-WH<\/li>\n<li>E2D-BK, E2DL-BK, E2L-HA-WH<\/li>\n<li>L4-HA-WH<\/li>\n<\/ul>\n<p><strong>Pozn\u00e1mka:<\/strong> Nen\u00ed kompatibiln\u00ed s Micro Scout Light Pro<\/p>\n<p>Zlep\u0161ete v\u00fdkon va\u0161eho Scout Light t\u00edmto odoln\u00fdm a v\u0161estrann\u00fdm zadn\u00edm krytem.<\/p>\n<\/div>\n","protected":false},"excerpt":{"rendered":"<p>N\u00e1hradn\u00ed zadn\u00ed krytka pro Scout sv\u00edtilny. Umo\u017e\u0148uje pou\u017eit\u00ed p\u00e1skov\u00e9ho sp\u00edna\u010de.<\/p>\n","protected":false},"featured_media":46921,"template":"","meta":{"_acf_changed":false},"product_brand":[11860],"product_cat":[12724,12709,12700],"product_tag":[],"class_list":{"0":"post-46920","1":"product","2":"type-product","3":"status-publish","4":"has-post-thumbnail","6":"product_brand-surefire","7":"product_cat-prislusenstvi-ke-svitilnam","8":"product_cat-puska","9":"product_cat-svitilny","11":"first","12":"instock","13":"taxable","14":"shipping-taxable","15":"purchasable","16":"product-type-variable","17":"wvs-archive-product-wrapper"},"acf":[],"_links":{"self":[{"href":"https:\/\/staging.nbg.eu\/cs\/wp-json\/wp\/v2\/product\/46920","targetHints":{"allow":["GET"]}}],"collection":[{"href":"https:\/\/staging.nbg.eu\/cs\/wp-json\/wp\/v2\/product"}],"about":[{"href":"https:\/\/staging.nbg.eu\/cs\/wp-json\/wp\/v2\/types\/product"}],"wp:featuredmedia":[{"embeddable":true,"href":"https:\/\/staging.nbg.eu\/cs\/wp-json\/wp\/v2\/media\/46921"}],"wp:attachment":[{"href":"https:\/\/staging.nbg.eu\/cs\/wp-json\/wp\/v2\/media?parent=46920"}],"wp:term":[{"taxonomy":"product_brand","embeddable":true,"href":"https:\/\/staging.nbg.eu\/cs\/wp-json\/wp\/v2\/product_brand?post=46920"},{"taxonomy":"product_cat","embeddable":true,"href":"https:\/\/staging.nbg.eu\/cs\/wp-json\/wp\/v2\/product_cat?post=46920"},{"taxonomy":"product_tag","embeddable":true,"href":"https:\/\/staging.nbg.eu\/cs\/wp-json\/wp\/v2\/product_tag?post=46920"}],"curies":[{"name":"wp","href":"https:\/\/api.w.org\/{rel}","templated":true}]}}