{"id":46857,"date":"2024-07-30T19:11:42","date_gmt":"2024-09-12T12:28:28","guid":{"rendered":"https:\/\/staging.nbg.eu\/product\/surefire-csm-07-weaponlight-switch\/"},"modified":"2024-09-12T12:29:07","modified_gmt":"2024-09-12T12:29:07","slug":"spinac-svitilny-surefire-csm-07","status":"publish","type":"product","link":"https:\/\/staging.nbg.eu\/cs\/produkt\/spinac-svitilny-surefire-csm-07\/","title":{"rendered":"Sp\u00edna\u010d sv\u00edtilny SureFire CSM-07"},"content":{"rendered":"<h2>SureFire CSM-07 SP\u00cdNA\u010c PRO ZBRA\u0147OV\u00c9 SV\u00cdTILNY<\/h2>\n<p>SureFire CSM-07 SP\u00cdNA\u010c PRO ZBRA\u0147OV\u00c9 SV\u00cdTILNY je kompaktn\u00ed, spolehliv\u00fd syst\u00e9m d\u00e1lkov\u00e9ho ovl\u00e1d\u00e1n\u00ed navr\u017een\u00fd pro jakoukoliv SureFire zbra\u0148ovou sv\u00edtilnu se z\u00e1suvkou pro sp\u00edna\u010d.<\/p>\n<h2>Hlavn\u00ed vlastnosti:<\/h2>\n<ul>\n<li>Jeden sp\u00edna\u010d pro okam\u017eit\u00e9 a trval\u00e9 zapnut\u00ed<\/li>\n<li>Snadn\u00e9 p\u0159ipevn\u011bn\u00ed k li\u0161t\u011b M-LOK pomoc\u00ed p\u0159ilo\u017een\u00e9 svorky<\/li>\n<li>\u00dasporn\u00fd design<\/li>\n<li>Odoln\u00e9 polymerov\u00e9 pouzdro<\/li>\n<li>Vyrobeno podle standard\u016f SureFire<\/li>\n<\/ul>\n<p>CSM-07 nab\u00edz\u00ed okam\u017eit\u00e9 ovl\u00e1d\u00e1n\u00ed: lehce stiskn\u011bte pro okam\u017eit\u00e9 zapnut\u00ed nebo zacvakn\u011bte pro trval\u00e9 zapnut\u00ed. Jeho kompaktn\u00ed design \u0161et\u0159\u00ed prostor na li\u0161t\u011b bez omezen\u00ed funk\u010dnosti.<\/p>\n<h2>Kompatibilita:<\/h2>\n<p>Vhodn\u00fd pro zbra\u0148ov\u00e9 sv\u00edtilny SureFire se z\u00e1suvkami, v\u010detn\u011b model\u016f Millennium Universal, Classic Universal, Scout Light (s koncovkou se z\u00e1suvkou), X300 a X400 (s koncovkou XT).<\/p>\n<p>CSM-07 zaji\u0161\u0165uje spolehliv\u00e9 ovl\u00e1d\u00e1n\u00ed sv\u011btla.<\/p>\n","protected":false},"excerpt":{"rendered":"<p>D\u00e1lkov\u00fd sp\u00edna\u010d SureFire WeaponLight pro li\u0161ty M-LOK. Kompaktn\u00ed design.<\/p>\n","protected":false},"featured_media":46858,"template":"","meta":{"_acf_changed":false},"product_brand":[11860],"product_cat":[12724,12700],"product_tag":[],"class_list":{"0":"post-46857","1":"product","2":"type-product","3":"status-publish","4":"has-post-thumbnail","6":"product_brand-surefire","7":"product_cat-prislusenstvi-ke-svitilnam","8":"product_cat-svitilny","10":"first","11":"instock","12":"taxable","13":"shipping-taxable","14":"purchasable","15":"product-type-simple"},"acf":[],"_links":{"self":[{"href":"https:\/\/staging.nbg.eu\/cs\/wp-json\/wp\/v2\/product\/46857","targetHints":{"allow":["GET"]}}],"collection":[{"href":"https:\/\/staging.nbg.eu\/cs\/wp-json\/wp\/v2\/product"}],"about":[{"href":"https:\/\/staging.nbg.eu\/cs\/wp-json\/wp\/v2\/types\/product"}],"wp:featuredmedia":[{"embeddable":true,"href":"https:\/\/staging.nbg.eu\/cs\/wp-json\/wp\/v2\/media\/46858"}],"wp:attachment":[{"href":"https:\/\/staging.nbg.eu\/cs\/wp-json\/wp\/v2\/media?parent=46857"}],"wp:term":[{"taxonomy":"product_brand","embeddable":true,"href":"https:\/\/staging.nbg.eu\/cs\/wp-json\/wp\/v2\/product_brand?post=46857"},{"taxonomy":"product_cat","embeddable":true,"href":"https:\/\/staging.nbg.eu\/cs\/wp-json\/wp\/v2\/product_cat?post=46857"},{"taxonomy":"product_tag","embeddable":true,"href":"https:\/\/staging.nbg.eu\/cs\/wp-json\/wp\/v2\/product_tag?post=46857"}],"curies":[{"name":"wp","href":"https:\/\/api.w.org\/{rel}","templated":true}]}}