{"id":46753,"date":"2024-07-30T19:41:53","date_gmt":"2024-09-12T12:04:11","guid":{"rendered":"https:\/\/staging.nbg.eu\/product\/iosso-pistol-brush\/"},"modified":"2024-09-12T12:05:13","modified_gmt":"2024-09-12T12:05:13","slug":"kartac-na-pistoli-iosso","status":"publish","type":"product","link":"https:\/\/staging.nbg.eu\/cs\/produkt\/kartac-na-pistoli-iosso\/","title":{"rendered":"Kart\u00e1\u010d na pistoli Iosso"},"content":{"rendered":"<p>\n<strong>Kart\u00e1\u010d na pistole Iosso<\/strong> je n\u00e1stroj pro \u010di\u0161t\u011bn\u00ed v\u00fdvrtu:<\/p>\n<ul>\n<li>Modr\u00e9 vl\u00e1kna pro snadnou identifikaci<\/li>\n<li>Siln\u011bj\u0161\u00ed \u0161t\u011btiny umo\u017e\u0148uj\u00ed pohyb tam a zp\u011bt<\/li>\n<li>8-10kr\u00e1t odoln\u011bj\u0161\u00ed ne\u017e b\u011b\u017en\u00e9 kart\u00e1\u010de<\/li>\n<li>T\u011bsn\u011b vinut\u00fd s v\u00edce vl\u00e1kny na palec<\/li>\n<li>Vhodn\u00fd pro pou\u017eit\u00ed s \u010disti\u010dem v\u00fdvrtu Iosso a roztokem Triple Action<\/li>\n<li>\u00da\u010dinn\u011b odstra\u0148uje v\u0161echny typy zne\u010di\u0161t\u011bn\u00ed<\/li>\n<li>Zkracuje dobu \u010di\u0161t\u011bn\u00ed v\u00fdvrtu<\/li>\n<\/ul>\n<p>K dispozici v r\u016fzn\u00fdch velikostech pro st\u0159eln\u00e9 zbran\u011b. Modr\u00e9 kart\u00e1\u010de jsou ochrannou zn\u00e1mkou produkt\u016f Iosso.<\/p>\n","protected":false},"excerpt":{"rendered":"<p>Odoln\u00fd kobaltov\u011b modr\u00fd kart\u00e1\u010d ve tvaru pistole pro \u00fa\u010dinn\u00e9 a d\u016fkladn\u00e9 \u010di\u0161t\u011bn\u00ed v\u00fdvrtu.<\/p>\n","protected":false},"featured_media":107485,"template":"","meta":{"_acf_changed":false},"product_brand":[11469],"product_cat":[12690,12717],"product_tag":[],"class_list":{"0":"post-46753","1":"product","2":"type-product","3":"status-publish","4":"has-post-thumbnail","6":"product_brand-iosso","7":"product_cat-cisteni-zbrani","8":"product_cat-kartace","10":"first","11":"instock","12":"taxable","13":"shipping-taxable","14":"purchasable","15":"product-type-variable","16":"wvs-archive-product-wrapper"},"acf":[],"_links":{"self":[{"href":"https:\/\/staging.nbg.eu\/cs\/wp-json\/wp\/v2\/product\/46753","targetHints":{"allow":["GET"]}}],"collection":[{"href":"https:\/\/staging.nbg.eu\/cs\/wp-json\/wp\/v2\/product"}],"about":[{"href":"https:\/\/staging.nbg.eu\/cs\/wp-json\/wp\/v2\/types\/product"}],"wp:featuredmedia":[{"embeddable":true,"href":"https:\/\/staging.nbg.eu\/cs\/wp-json\/wp\/v2\/media\/107485"}],"wp:attachment":[{"href":"https:\/\/staging.nbg.eu\/cs\/wp-json\/wp\/v2\/media?parent=46753"}],"wp:term":[{"taxonomy":"product_brand","embeddable":true,"href":"https:\/\/staging.nbg.eu\/cs\/wp-json\/wp\/v2\/product_brand?post=46753"},{"taxonomy":"product_cat","embeddable":true,"href":"https:\/\/staging.nbg.eu\/cs\/wp-json\/wp\/v2\/product_cat?post=46753"},{"taxonomy":"product_tag","embeddable":true,"href":"https:\/\/staging.nbg.eu\/cs\/wp-json\/wp\/v2\/product_tag?post=46753"}],"curies":[{"name":"wp","href":"https:\/\/api.w.org\/{rel}","templated":true}]}}