{"id":46528,"date":"2024-07-30T19:46:24","date_gmt":"2024-09-11T16:03:54","guid":{"rendered":"https:\/\/staging.nbg.eu\/product\/iosso-rifle-brush\/"},"modified":"2024-09-11T16:05:25","modified_gmt":"2024-09-11T16:05:25","slug":"kartac-na-pusku-iosso","status":"publish","type":"product","link":"https:\/\/staging.nbg.eu\/cs\/produkt\/kartac-na-pusku-iosso\/","title":{"rendered":"Kart\u00e1\u010d na pu\u0161ku Iosso"},"content":{"rendered":"<p>\nKart\u00e1\u010d na pu\u0161ku v kobaltov\u011b modr\u00e9 barv\u011b od Iosso Products. Vlastnosti:<\/p>\n<ul>\n<li>Siln\u011bj\u0161\u00ed a tu\u017e\u0161\u00ed vl\u00e1kna pro \u010di\u0161t\u011bn\u00ed tam a zp\u011bt<\/li>\n<li>T\u011bsn\u011b vinut\u00fd s v\u00edce vl\u00e1kny na centimetr<\/li>\n<li>Opakovan\u011b pou\u017eiteln\u00fd<\/li>\n<li>Vhodn\u00fd pro pou\u017eit\u00ed s \u010disti\u010dem hlavn\u011b Iosso<\/li>\n<li>Odstra\u0148uje v\u0161echny typy zne\u010di\u0161t\u011bn\u00ed<\/li>\n<li>V\u00fdrazn\u011b zkracuje dobu \u010di\u0161t\u011bn\u00ed<\/li>\n<\/ul>\n<p>Efektivn\u00ed \u010di\u0161t\u011bn\u00ed hlavn\u011b.<\/p>\n","protected":false},"excerpt":{"rendered":"<p>Odoln\u00fd kobaltov\u011b modr\u00fd kart\u00e1\u010dek na pu\u0161ku pro efektivn\u00ed a dlouhotrvaj\u00edc\u00ed \u010di\u0161t\u011bn\u00ed v\u00fdvrtu.<\/p>\n","protected":false},"featured_media":107416,"template":"","meta":{"_acf_changed":false},"product_brand":[11469],"product_cat":[12690,12717],"product_tag":[],"class_list":{"0":"post-46528","1":"product","2":"type-product","3":"status-publish","4":"has-post-thumbnail","6":"product_brand-iosso","7":"product_cat-cisteni-zbrani","8":"product_cat-kartace","10":"first","11":"instock","12":"taxable","13":"shipping-taxable","14":"purchasable","15":"product-type-variable","16":"wvs-archive-product-wrapper"},"acf":[],"_links":{"self":[{"href":"https:\/\/staging.nbg.eu\/cs\/wp-json\/wp\/v2\/product\/46528","targetHints":{"allow":["GET"]}}],"collection":[{"href":"https:\/\/staging.nbg.eu\/cs\/wp-json\/wp\/v2\/product"}],"about":[{"href":"https:\/\/staging.nbg.eu\/cs\/wp-json\/wp\/v2\/types\/product"}],"wp:featuredmedia":[{"embeddable":true,"href":"https:\/\/staging.nbg.eu\/cs\/wp-json\/wp\/v2\/media\/107416"}],"wp:attachment":[{"href":"https:\/\/staging.nbg.eu\/cs\/wp-json\/wp\/v2\/media?parent=46528"}],"wp:term":[{"taxonomy":"product_brand","embeddable":true,"href":"https:\/\/staging.nbg.eu\/cs\/wp-json\/wp\/v2\/product_brand?post=46528"},{"taxonomy":"product_cat","embeddable":true,"href":"https:\/\/staging.nbg.eu\/cs\/wp-json\/wp\/v2\/product_cat?post=46528"},{"taxonomy":"product_tag","embeddable":true,"href":"https:\/\/staging.nbg.eu\/cs\/wp-json\/wp\/v2\/product_tag?post=46528"}],"curies":[{"name":"wp","href":"https:\/\/api.w.org\/{rel}","templated":true}]}}