{"id":46398,"date":"2024-07-31T20:54:52","date_gmt":"2024-09-11T15:52:48","guid":{"rendered":"https:\/\/staging.nbg.eu\/product\/shotgun-brush\/"},"modified":"2024-09-11T15:53:31","modified_gmt":"2024-09-11T15:53:31","slug":"kartac-na-brokovnici","status":"publish","type":"product","link":"https:\/\/staging.nbg.eu\/cs\/produkt\/kartac-na-brokovnici\/","title":{"rendered":"Kart\u00e1\u010d na brokovnici"},"content":{"rendered":"<p>\nKart\u00e1\u010d na brokovnici od spole\u010dnosti Iosso Products. Vlastnosti:<\/p>\n<ul>\n<li>Siln\u011bj\u0161\u00ed a tu\u017e\u0161\u00ed vl\u00e1kna pro \u010di\u0161t\u011bn\u00ed tam a zp\u011bt<\/li>\n<li>T\u011bsn\u011b vinut\u00fd s v\u011bt\u0161\u00edm po\u010dtem vl\u00e1ken na palec<\/li>\n<li>Mo\u017enost opakovan\u00e9ho pou\u017eit\u00ed<\/li>\n<li>Vhodn\u00fd pro pou\u017eit\u00ed s \u010disti\u010dem hlavn\u011b Iosso<\/li>\n<li>Odstra\u0148uje v\u0161echny typy zne\u010di\u0161t\u011bn\u00ed<\/li>\n<li>V\u00fdrazn\u011b zkracuje dobu \u010di\u0161t\u011bn\u00ed<\/li>\n<\/ul>\n<p>Efektivn\u00ed \u010di\u0161t\u011bn\u00ed hlavn\u011b.<\/p>\n","protected":false},"excerpt":{"rendered":"<p>Pr\u00e9miov\u00fd kobaltov\u011b modr\u00fd kart\u00e1\u010d na v\u00fdvrt pro \u00fa\u010dinn\u00e9 a d\u016fkladn\u00e9 \u010di\u0161t\u011bn\u00ed brokovnice.<\/p>\n","protected":false},"featured_media":46399,"template":"","meta":{"_acf_changed":false},"product_brand":[],"product_cat":[12690,12717],"product_tag":[],"class_list":{"0":"post-46398","1":"product","2":"type-product","3":"status-publish","4":"has-post-thumbnail","6":"product_cat-cisteni-zbrani","7":"product_cat-kartace","9":"first","10":"instock","11":"taxable","12":"shipping-taxable","13":"purchasable","14":"product-type-variable","15":"wvs-archive-product-wrapper"},"acf":[],"_links":{"self":[{"href":"https:\/\/staging.nbg.eu\/cs\/wp-json\/wp\/v2\/product\/46398","targetHints":{"allow":["GET"]}}],"collection":[{"href":"https:\/\/staging.nbg.eu\/cs\/wp-json\/wp\/v2\/product"}],"about":[{"href":"https:\/\/staging.nbg.eu\/cs\/wp-json\/wp\/v2\/types\/product"}],"wp:featuredmedia":[{"embeddable":true,"href":"https:\/\/staging.nbg.eu\/cs\/wp-json\/wp\/v2\/media\/46399"}],"wp:attachment":[{"href":"https:\/\/staging.nbg.eu\/cs\/wp-json\/wp\/v2\/media?parent=46398"}],"wp:term":[{"taxonomy":"product_brand","embeddable":true,"href":"https:\/\/staging.nbg.eu\/cs\/wp-json\/wp\/v2\/product_brand?post=46398"},{"taxonomy":"product_cat","embeddable":true,"href":"https:\/\/staging.nbg.eu\/cs\/wp-json\/wp\/v2\/product_cat?post=46398"},{"taxonomy":"product_tag","embeddable":true,"href":"https:\/\/staging.nbg.eu\/cs\/wp-json\/wp\/v2\/product_tag?post=46398"}],"curies":[{"name":"wp","href":"https:\/\/api.w.org\/{rel}","templated":true}]}}