{"id":46215,"date":"2024-07-31T20:30:37","date_gmt":"2024-09-11T15:45:40","guid":{"rendered":"https:\/\/staging.nbg.eu\/product\/fox-ammunition-65-creed-123-gr\/"},"modified":"2024-09-11T15:46:19","modified_gmt":"2024-09-11T15:46:19","slug":"strelivo-fox-65-creed-123-gr","status":"publish","type":"product","link":"https:\/\/staging.nbg.eu\/cs\/produkt\/strelivo-fox-65-creed-123-gr\/","title":{"rendered":"St\u0159elivo Fox 6,5 Creed. &#8211; 123 gr"},"content":{"rendered":"<h2>Fox Ammunition 6.5 Creed &#8211; 123 gr<\/h2>\n<p>Fox Ammunition 6.5 Creed 123 gr n\u00e1boje pou\u017e\u00edvaj\u00ed st\u0159elu Fox Classic hunter. Tyto bezolovnat\u00e9 projektily jsou vyrobeny ze slitiny m\u011bdi a zinku pro pou\u017eit\u00ed p\u0159i lovu.<\/p>\n<ul>\n<li>Bezolovnat\u00e9 slo\u017een\u00ed<\/li>\n<li>Dr\u00e1\u017ekovan\u00fd design pro sn\u00ed\u017een\u00ed tlaku v hlavni a zv\u00fd\u0161en\u00ed rychlosti<\/li>\n<li>Plastov\u00e1 \u0161pi\u010dka zlep\u0161uje balistiku a koncov\u00fd \u00fa\u010dinek<\/li>\n<li>Kontrolovan\u00e1 expanze pro p\u0159enos energie<\/li>\n<li>\u00da\u010dinn\u00e9 na kr\u00e1tk\u00e9 i dlouh\u00e9 vzd\u00e1lenosti<\/li>\n<li>Zastavuj\u00edc\u00ed \u00fa\u010dinek s minim\u00e1ln\u00edm po\u0161kozen\u00edm masa<\/li>\n<\/ul>\n<p>Fox Ammunition nab\u00edz\u00ed p\u0159esnost, spolehlivost a etick\u00e9 loveck\u00e9 praktiky.<\/p>\n","protected":false},"excerpt":{"rendered":"<p>Bezolovnat\u00e9, p\u0159esn\u00e9 st\u0159elivo r\u00e1\u017ee 6.5 Creedmoor<\/p>\n","protected":false},"featured_media":46216,"template":"","meta":{"_acf_changed":false},"product_brand":[],"product_cat":[12684,12721],"product_tag":[],"class_list":{"0":"post-46215","1":"product","2":"type-product","3":"status-publish","4":"has-post-thumbnail","6":"product_cat-munice","7":"product_cat-puskove-strelivo","9":"first","10":"instock","11":"taxable","12":"shipping-taxable","13":"purchasable","14":"product-type-simple"},"acf":[],"_links":{"self":[{"href":"https:\/\/staging.nbg.eu\/cs\/wp-json\/wp\/v2\/product\/46215","targetHints":{"allow":["GET"]}}],"collection":[{"href":"https:\/\/staging.nbg.eu\/cs\/wp-json\/wp\/v2\/product"}],"about":[{"href":"https:\/\/staging.nbg.eu\/cs\/wp-json\/wp\/v2\/types\/product"}],"wp:featuredmedia":[{"embeddable":true,"href":"https:\/\/staging.nbg.eu\/cs\/wp-json\/wp\/v2\/media\/46216"}],"wp:attachment":[{"href":"https:\/\/staging.nbg.eu\/cs\/wp-json\/wp\/v2\/media?parent=46215"}],"wp:term":[{"taxonomy":"product_brand","embeddable":true,"href":"https:\/\/staging.nbg.eu\/cs\/wp-json\/wp\/v2\/product_brand?post=46215"},{"taxonomy":"product_cat","embeddable":true,"href":"https:\/\/staging.nbg.eu\/cs\/wp-json\/wp\/v2\/product_cat?post=46215"},{"taxonomy":"product_tag","embeddable":true,"href":"https:\/\/staging.nbg.eu\/cs\/wp-json\/wp\/v2\/product_tag?post=46215"}],"curies":[{"name":"wp","href":"https:\/\/api.w.org\/{rel}","templated":true}]}}