{"id":46146,"date":"2024-08-03T08:31:54","date_gmt":"2024-09-11T15:10:49","guid":{"rendered":"https:\/\/staging.nbg.eu\/product\/rh-owb-tac-duty-holster\/"},"modified":"2024-09-11T15:11:42","modified_gmt":"2024-09-11T15:11:42","slug":"pouzdro-rh-owb-tacduty","status":"publish","type":"product","link":"https:\/\/staging.nbg.eu\/cs\/produkt\/pouzdro-rh-owb-tacduty\/","title":{"rendered":"Pouzdro RH OWB Tac\/Duty"},"content":{"rendered":"<p>RH OWB Tac\/Duty pouzdro je kydexov\u00e9 pouzdro navr\u017een\u00e9 pro taktick\u00e9 a slu\u017eebn\u00ed pou\u017eit\u00ed. Vlastnosti zahrnuj\u00ed:<\/p>\n<ul>\n<li>Kompatibiln\u00ed se zbra\u0148ov\u00fdmi sv\u00edtilnami<\/li>\n<li>Vhodn\u00e9 pro platformy Safariland, Blackhawk nebo Blade-Tech<\/li>\n<li>Vhodn\u00e9 pro no\u0161en\u00ed na stehn\u011b<\/li>\n<li>Snadn\u00e1 \u00fadr\u017eba a \u010di\u0161t\u011bn\u00ed<\/li>\n<li>Pou\u017e\u00edv\u00e1no Arm\u00e1dou \u010cesk\u00e9 republiky a Polici\u00ed \u010cR<\/li>\n<\/ul>\n<p>Vhodn\u00e9 pro slu\u017eebn\u00ed zbran\u011b, v\u00fdcvik a taktick\u00e9 operace.<\/p>\n","protected":false},"excerpt":{"rendered":"<p>Odoln\u00e9 pouzdro Kydex pro slu\u017eebn\u00ed pou\u017eit\u00ed. Vhodn\u00e9 pro slu\u017eebn\u00ed zbran\u011b a sv\u00edtilny.<\/p>\n","protected":false},"featured_media":46147,"template":"","meta":{"_acf_changed":false},"product_brand":[11630],"product_cat":[12663,12701,12650],"product_tag":[],"class_list":{"0":"post-46146","1":"product","2":"type-product","3":"status-publish","4":"has-post-thumbnail","6":"product_brand-rh-holsters","7":"product_cat-pouzdro","8":"product_cat-sportovni-pouzdro","9":"product_cat-takticke-pouzdro","10":"pa_light-surefire-x300-ultra-a-cs","11":"pa_model-glock-17-cs","12":"pa_safety-automatic-cs","13":"pa_strong-hand-right-cs","15":"first","16":"instock","17":"taxable","18":"shipping-taxable","19":"purchasable","20":"product-type-variable","21":"wvs-archive-product-wrapper"},"acf":[],"_links":{"self":[{"href":"https:\/\/staging.nbg.eu\/cs\/wp-json\/wp\/v2\/product\/46146","targetHints":{"allow":["GET"]}}],"collection":[{"href":"https:\/\/staging.nbg.eu\/cs\/wp-json\/wp\/v2\/product"}],"about":[{"href":"https:\/\/staging.nbg.eu\/cs\/wp-json\/wp\/v2\/types\/product"}],"wp:featuredmedia":[{"embeddable":true,"href":"https:\/\/staging.nbg.eu\/cs\/wp-json\/wp\/v2\/media\/46147"}],"wp:attachment":[{"href":"https:\/\/staging.nbg.eu\/cs\/wp-json\/wp\/v2\/media?parent=46146"}],"wp:term":[{"taxonomy":"product_brand","embeddable":true,"href":"https:\/\/staging.nbg.eu\/cs\/wp-json\/wp\/v2\/product_brand?post=46146"},{"taxonomy":"product_cat","embeddable":true,"href":"https:\/\/staging.nbg.eu\/cs\/wp-json\/wp\/v2\/product_cat?post=46146"},{"taxonomy":"product_tag","embeddable":true,"href":"https:\/\/staging.nbg.eu\/cs\/wp-json\/wp\/v2\/product_tag?post=46146"}],"curies":[{"name":"wp","href":"https:\/\/api.w.org\/{rel}","templated":true}]}}