{"id":46044,"date":"2024-08-03T09:01:48","date_gmt":"2024-09-11T09:29:19","guid":{"rendered":"https:\/\/staging.nbg.eu\/product\/rh-sharky-iwb-holster\/"},"modified":"2024-09-11T09:30:08","modified_gmt":"2024-09-11T09:30:08","slug":"pouzdro-rh-sharky-iwb","status":"publish","type":"product","link":"https:\/\/staging.nbg.eu\/cs\/produkt\/pouzdro-rh-sharky-iwb\/","title":{"rendered":"Pouzdro RH Sharky IWB"},"content":{"rendered":"<p>Pouzdro RH Sharky IWB nab\u00edz\u00ed pohodln\u00e9 skryt\u00e9 no\u0161en\u00ed. Vlastnosti zahrnuj\u00ed:<\/p>\n<ul>\n<li>Konstrukce vytvo\u0159en\u00e1 vakuov\u00fdm lisov\u00e1n\u00edm<\/li>\n<li>Dvojit\u00e1 spona pro pevn\u00e9 uchycen\u00ed<\/li>\n<li>Nastaviteln\u00fd sklon a v\u00fd\u0161ka<\/li>\n<li>Prostor pro kolim\u00e1tory a prodlou\u017een\u00e9 hlavn\u011b<\/li>\n<li>Integrovan\u00fd v\u00fdstupek pro lep\u0161\u00ed skryt\u00ed<\/li>\n<li>Nastaven\u00ed \u00fachopu pro individu\u00e1ln\u00ed p\u0159izp\u016fsoben\u00ed<\/li>\n<\/ul>\n<p>Toto pouzdro pro no\u0161en\u00ed uvnit\u0159 pasu nab\u00edz\u00ed pohodl\u00ed a v\u0161estrannost.<\/p>\n","protected":false},"excerpt":{"rendered":"<p>Bezpe\u010dn\u00e9, nastaviteln\u00e9 vnit\u0159n\u00ed pouzdo IWB pro skryt\u00e9 no\u0161en\u00ed s \u010derven\u00fdm zam\u011b\u0159ova\u010dem.<\/p>\n","protected":false},"featured_media":46047,"template":"","meta":{"_acf_changed":false},"product_brand":[11630],"product_cat":[12663,12650],"product_tag":[],"class_list":{"0":"post-46044","1":"product","2":"type-product","3":"status-publish","4":"has-post-thumbnail","6":"product_brand-rh-holsters","7":"product_cat-pouzdro","8":"product_cat-takticke-pouzdro","9":"pa_clips-monoblock-cs","10":"pa_light-surefire-x300-ultra-a-cs","11":"pa_light-without-light-cs","12":"pa_model-glock-17-cs","13":"pa_model-glock-43x-cs","14":"pa_strong-hand-left-cs","15":"pa_strong-hand-right-cs","17":"first","18":"instock","19":"taxable","20":"shipping-taxable","21":"purchasable","22":"product-type-variable","23":"wvs-archive-product-wrapper"},"acf":[],"_links":{"self":[{"href":"https:\/\/staging.nbg.eu\/cs\/wp-json\/wp\/v2\/product\/46044","targetHints":{"allow":["GET"]}}],"collection":[{"href":"https:\/\/staging.nbg.eu\/cs\/wp-json\/wp\/v2\/product"}],"about":[{"href":"https:\/\/staging.nbg.eu\/cs\/wp-json\/wp\/v2\/types\/product"}],"wp:featuredmedia":[{"embeddable":true,"href":"https:\/\/staging.nbg.eu\/cs\/wp-json\/wp\/v2\/media\/46047"}],"wp:attachment":[{"href":"https:\/\/staging.nbg.eu\/cs\/wp-json\/wp\/v2\/media?parent=46044"}],"wp:term":[{"taxonomy":"product_brand","embeddable":true,"href":"https:\/\/staging.nbg.eu\/cs\/wp-json\/wp\/v2\/product_brand?post=46044"},{"taxonomy":"product_cat","embeddable":true,"href":"https:\/\/staging.nbg.eu\/cs\/wp-json\/wp\/v2\/product_cat?post=46044"},{"taxonomy":"product_tag","embeddable":true,"href":"https:\/\/staging.nbg.eu\/cs\/wp-json\/wp\/v2\/product_tag?post=46044"}],"curies":[{"name":"wp","href":"https:\/\/api.w.org\/{rel}","templated":true}]}}