{"id":45685,"date":"2024-08-03T14:57:22","date_gmt":"2024-09-10T14:56:31","guid":{"rendered":"https:\/\/staging.nbg.eu\/product\/rh-sport-pistol-mag-holder\/"},"modified":"2024-09-10T14:57:21","modified_gmt":"2024-09-10T14:57:21","slug":"rh-sport-drzak-zasobniku-pistole","status":"publish","type":"product","link":"https:\/\/staging.nbg.eu\/cs\/produkt\/rh-sport-drzak-zasobniku-pistole\/","title":{"rendered":"RH Sport Dr\u017e\u00e1k Z\u00e1sobn\u00edku Pistole"},"content":{"rendered":"<p>Dr\u017e\u00e1k z\u00e1sobn\u00edku RH Sport Pistol Mag je pr\u00e9miov\u00e9 \u0159e\u0161en\u00ed pro skryt\u00e9 no\u0161en\u00ed a pou\u017eit\u00ed na st\u0159elnici mimo opasek. Mezi jeho vlastnosti pat\u0159\u00ed:<\/p>\n<ul>\n<li>Konstrukce z vakuov\u011b lisovan\u00e9ho 2mm Kydexu<\/li>\n<li>P\u0159esn\u00e9 uchycen\u00ed pro jeden nebo dva z\u00e1sobn\u00edky<\/li>\n<li>Ostr\u00e9 prohlubn\u011b s hladk\u00fdmi, ru\u010dn\u011b \u0159ezan\u00fdmi hranami<\/li>\n<li>Odoln\u00e1 konstrukce s dut\u00fdmi n\u00fdty<\/li>\n<li>Snadn\u00e1 dostupnost pro rychl\u00e9 p\u0159eb\u00edjen\u00ed<\/li>\n<\/ul>\n<p>Navr\u017een pro pohodl\u00ed a spolehlivost, je dokonal\u00fdm dopl\u0148kem va\u0161\u00ed zbran\u011b.<\/p>\n","protected":false},"excerpt":{"rendered":"<p>Bezpe\u010dn\u00fd OWB Kydexov\u00fd dr\u017e\u00e1k z\u00e1sobn\u00edk\u016f pro rychl\u00fd p\u0159\u00edstup na st\u0159elnici nebo p\u0159i skryt\u00e9m no\u0161en\u00ed.<\/p>\n","protected":false},"featured_media":45686,"template":"","meta":{"_acf_changed":false},"product_brand":[11630],"product_cat":[12652,12663],"product_tag":[],"class_list":{"0":"post-45685","1":"product","2":"type-product","3":"status-publish","4":"has-post-thumbnail","6":"product_brand-rh-holsters","7":"product_cat-drzaky-zasobniku","8":"product_cat-pouzdro","9":"pa_model-kmr-spectra-cs","10":"pa_strong-hand-right-cs","12":"first","13":"instock","14":"taxable","15":"shipping-taxable","16":"purchasable","17":"product-type-variable","18":"wvs-archive-product-wrapper"},"acf":[],"_links":{"self":[{"href":"https:\/\/staging.nbg.eu\/cs\/wp-json\/wp\/v2\/product\/45685","targetHints":{"allow":["GET"]}}],"collection":[{"href":"https:\/\/staging.nbg.eu\/cs\/wp-json\/wp\/v2\/product"}],"about":[{"href":"https:\/\/staging.nbg.eu\/cs\/wp-json\/wp\/v2\/types\/product"}],"wp:featuredmedia":[{"embeddable":true,"href":"https:\/\/staging.nbg.eu\/cs\/wp-json\/wp\/v2\/media\/45686"}],"wp:attachment":[{"href":"https:\/\/staging.nbg.eu\/cs\/wp-json\/wp\/v2\/media?parent=45685"}],"wp:term":[{"taxonomy":"product_brand","embeddable":true,"href":"https:\/\/staging.nbg.eu\/cs\/wp-json\/wp\/v2\/product_brand?post=45685"},{"taxonomy":"product_cat","embeddable":true,"href":"https:\/\/staging.nbg.eu\/cs\/wp-json\/wp\/v2\/product_cat?post=45685"},{"taxonomy":"product_tag","embeddable":true,"href":"https:\/\/staging.nbg.eu\/cs\/wp-json\/wp\/v2\/product_tag?post=45685"}],"curies":[{"name":"wp","href":"https:\/\/api.w.org\/{rel}","templated":true}]}}