{"id":45602,"date":"2024-08-04T20:46:31","date_gmt":"2024-09-10T14:51:59","guid":{"rendered":"https:\/\/staging.nbg.eu\/product\/rh-ar15-m4-owb-mag-holder\/"},"modified":"2024-09-10T14:52:47","modified_gmt":"2024-09-10T14:52:47","slug":"rh-ar15m4-owb-drzak-zasobniku","status":"publish","type":"product","link":"https:\/\/staging.nbg.eu\/cs\/produkt\/rh-ar15m4-owb-drzak-zasobniku\/","title":{"rendered":"RH AR15\/M4 OWB Dr\u017e\u00e1k Z\u00e1sobn\u00edku"},"content":{"rendered":"<p>Dr\u017e\u00e1k z\u00e1sobn\u00edku RH AR15\/M4 OWB je perfektn\u00ed pro pou\u017eit\u00ed v IPSC a slu\u017eebn\u00ed pou\u017eit\u00ed. Mezi jeho vlastnosti pat\u0159\u00ed:<\/p>\n<ul>\n<li>Nastaviteln\u00fd \u00fachop pro optim\u00e1ln\u00ed odpor<\/li>\n<li>Snadn\u00e1 p\u0159\u00edstupnost<\/li>\n<li>Kompatibiln\u00ed se sportovn\u00edmi a taktick\u00fdmi opasky<\/li>\n<li>P\u0159esn\u011b tvarovan\u00fd pro dokonal\u00e9 padnut\u00ed<\/li>\n<li>Ostr\u00e9 z\u00e1\u0159ezy s hladk\u00fdmi hranami<\/li>\n<\/ul>\n<p>Ide\u00e1ln\u00ed pro z\u00e1sobn\u00edky PCC, tento dr\u017e\u00e1k nab\u00edz\u00ed vynikaj\u00edc\u00ed v\u00fdkon a pohodl\u00ed.<\/p>\n","protected":false},"excerpt":{"rendered":"<p>Nastaviteln\u00e9 pouzdro na z\u00e1sobn\u00edk IPSC\/slu\u017eebn\u00ed pro snadn\u00fd p\u0159\u00edstup na taktick\u00fdch opasc\u00edch<\/p>\n","protected":false},"featured_media":45604,"template":"","meta":{"_acf_changed":false},"product_brand":[11630],"product_cat":[12652,12663],"product_tag":[],"class_list":{"0":"post-45602","1":"product","2":"type-product","3":"status-publish","4":"has-post-thumbnail","6":"product_brand-rh-holsters","7":"product_cat-drzaky-zasobniku","8":"product_cat-pouzdro","9":"pa_model-ar-15-cs","10":"pa_strong-hand-right-cs","12":"first","13":"instock","14":"taxable","15":"shipping-taxable","16":"purchasable","17":"product-type-variable","18":"wvs-archive-product-wrapper"},"acf":[],"_links":{"self":[{"href":"https:\/\/staging.nbg.eu\/cs\/wp-json\/wp\/v2\/product\/45602","targetHints":{"allow":["GET"]}}],"collection":[{"href":"https:\/\/staging.nbg.eu\/cs\/wp-json\/wp\/v2\/product"}],"about":[{"href":"https:\/\/staging.nbg.eu\/cs\/wp-json\/wp\/v2\/types\/product"}],"wp:featuredmedia":[{"embeddable":true,"href":"https:\/\/staging.nbg.eu\/cs\/wp-json\/wp\/v2\/media\/45604"}],"wp:attachment":[{"href":"https:\/\/staging.nbg.eu\/cs\/wp-json\/wp\/v2\/media?parent=45602"}],"wp:term":[{"taxonomy":"product_brand","embeddable":true,"href":"https:\/\/staging.nbg.eu\/cs\/wp-json\/wp\/v2\/product_brand?post=45602"},{"taxonomy":"product_cat","embeddable":true,"href":"https:\/\/staging.nbg.eu\/cs\/wp-json\/wp\/v2\/product_cat?post=45602"},{"taxonomy":"product_tag","embeddable":true,"href":"https:\/\/staging.nbg.eu\/cs\/wp-json\/wp\/v2\/product_tag?post=45602"}],"curies":[{"name":"wp","href":"https:\/\/api.w.org\/{rel}","templated":true}]}}