{"id":45516,"date":"2024-08-16T11:10:46","date_gmt":"2024-09-10T14:47:16","guid":{"rendered":"https:\/\/staging.nbg.eu\/product\/barwarus-knob-for-ak47-charging-handle\/"},"modified":"2024-09-10T14:47:56","modified_gmt":"2024-09-10T14:47:56","slug":"barwarus-knoflik-pro-ak47-natahovani","status":"publish","type":"product","link":"https:\/\/staging.nbg.eu\/cs\/produkt\/barwarus-knoflik-pro-ak47-natahovani\/","title":{"rendered":"Barwarus Knofl\u00edk pro AK47 (natahov\u00e1n\u00ed)"},"content":{"rendered":"<div class=\"product-description\">\n<h2>Barwarus Madlo pro Natahovac\u00ed P\u00e1ku AK47<\/h2>\n<p>Vylep\u0161ete svou AK47 s madlem Barwarus, kter\u00e9 je dokonal\u00fdm vylep\u0161en\u00edm pro va\u0161i natahovac\u00ed p\u00e1ku. Toto precizn\u011b navr\u017een\u00e9 p\u0159\u00edslu\u0161enstv\u00ed se snadno p\u0159i\u0161roubuje na va\u0161i st\u00e1vaj\u00edc\u00ed natahovac\u00ed p\u00e1ku a poskytuje hladk\u00e9, nadrozm\u011brn\u00e9 madlo pro snadnou manipulaci se zbran\u00ed.<\/p>\n<ul>\n<li>Pe\u010dliv\u011b navr\u017eeno pro AK47 a podobn\u00e9 modely<\/li>\n<li>Ergonomick\u00fd tvar pohodln\u011b padne do ruky v jak\u00e9koli pozici prst\u016f<\/li>\n<li>Bezpe\u010dn\u00e9 uchycen\u00ed zabra\u0148uje probl\u00e9m\u016fm s uvoln\u011bn\u00edm, kter\u00e9 jsou b\u011b\u017en\u00e9 u jin\u00fdch madel<\/li>\n<li>Nen\u00ed pot\u0159eba sva\u0159ov\u00e1n\u00ed &#8211; pro snadnou instalaci se pou\u017e\u00edv\u00e1 st\u00e1vaj\u00edc\u00ed stav\u011bc\u00ed \u0161roub<\/li>\n<li>Kompatibiln\u00ed s v\u011bt\u0161inou variant AK47<\/li>\n<\/ul>\n<p>Za\u017eijte lep\u0161\u00ed manipulaci a spolehlivost s madlem Barwarus. Povzneste sv\u016fj st\u0159eleck\u00fd z\u00e1\u017eitek je\u0161t\u011b dnes!<\/p>\n<\/div>\n","protected":false},"excerpt":{"rendered":"<p>Vylep\u0161en\u00fd nab\u00edjec\u00ed knofl\u00edk pro AK47 pro plynulej\u0161\u00ed manipulaci<\/p>\n","protected":false},"featured_media":101452,"template":"","meta":{"_acf_changed":false},"product_brand":[11108],"product_cat":[12643,12658],"product_tag":[],"class_list":{"0":"post-45516","1":"product","2":"type-product","3":"status-publish","4":"has-post-thumbnail","6":"product_brand-barwarus","7":"product_cat-ak-tuning","8":"product_cat-rifle-tuning","10":"first","11":"outofstock","12":"taxable","13":"shipping-taxable","14":"purchasable","15":"product-type-variable","16":"wvs-archive-product-wrapper"},"acf":[],"_links":{"self":[{"href":"https:\/\/staging.nbg.eu\/cs\/wp-json\/wp\/v2\/product\/45516","targetHints":{"allow":["GET"]}}],"collection":[{"href":"https:\/\/staging.nbg.eu\/cs\/wp-json\/wp\/v2\/product"}],"about":[{"href":"https:\/\/staging.nbg.eu\/cs\/wp-json\/wp\/v2\/types\/product"}],"wp:featuredmedia":[{"embeddable":true,"href":"https:\/\/staging.nbg.eu\/cs\/wp-json\/wp\/v2\/media\/101452"}],"wp:attachment":[{"href":"https:\/\/staging.nbg.eu\/cs\/wp-json\/wp\/v2\/media?parent=45516"}],"wp:term":[{"taxonomy":"product_brand","embeddable":true,"href":"https:\/\/staging.nbg.eu\/cs\/wp-json\/wp\/v2\/product_brand?post=45516"},{"taxonomy":"product_cat","embeddable":true,"href":"https:\/\/staging.nbg.eu\/cs\/wp-json\/wp\/v2\/product_cat?post=45516"},{"taxonomy":"product_tag","embeddable":true,"href":"https:\/\/staging.nbg.eu\/cs\/wp-json\/wp\/v2\/product_tag?post=45516"}],"curies":[{"name":"wp","href":"https:\/\/api.w.org\/{rel}","templated":true}]}}