{"id":45466,"date":"2024-08-16T17:57:18","date_gmt":"2024-09-10T14:26:02","guid":{"rendered":"https:\/\/staging.nbg.eu\/product\/clips-ulticlip-3\/"},"modified":"2024-09-10T14:26:38","modified_gmt":"2024-09-10T14:26:38","slug":"klipy-ulticlip-3","status":"publish","type":"product","link":"https:\/\/staging.nbg.eu\/cs\/produkt\/klipy-ulticlip-3\/","title":{"rendered":"Klipy Ulticlip 3+"},"content":{"rendered":"<div class=\"product-description\">\n<h2>Clips Ulticlip 3+: Dokonal\u00e9 skryt\u00ed a uchycen\u00ed<\/h2>\n<p>Za\u017eijte bezkonkuren\u010dn\u00ed skryt\u00ed a uchycen\u00ed s Ulticlip3+. Tento 100% americk\u00fd klip nab\u00edz\u00ed:<\/p>\n<ul>\n<li>Vynikaj\u00edc\u00ed mo\u017enost no\u0161en\u00ed bez opasku<\/li>\n<li>Vojensk\u00e1 \u010dern\u00e1 oxidov\u00e1 povrchov\u00e1 \u00faprava<\/li>\n<li>Tepeln\u011b zpracovan\u00e1 pru\u017einov\u00e1 ocel C-1075 (RC 42-49)<\/li>\n<li>O\u0161et\u0159eno voskem\/olejem pro hladk\u00fd chod a prevenci koroze<\/li>\n<li>V\u00edce ne\u017e 10n\u00e1sobn\u00e9 uchycen\u00ed ve srovn\u00e1n\u00ed se standardn\u00edmi klipy na pouzdra<\/li>\n<\/ul>\n<p>Ulticlip3+ m\u00e1 plochou mont\u00e1\u017en\u00ed plochu se 2 dr\u00e1\u017ekami a 1 otvorem, co\u017e umo\u017e\u0148uje r\u016fzn\u00e9 mo\u017enosti upevn\u011bn\u00ed s rozte\u010d\u00ed otvor\u016f a\u017e 1,70&#8243;. S rozm\u011bry pouh\u00fdch 3,5&#8243; x 7\/8&#8243; a v\u00e1hou pouze 0,78 oz nab\u00edz\u00ed minim\u00e1ln\u00ed profil s maxim\u00e1ln\u00edm skryt\u00edm.<\/p>\n<p>Vylep\u0161ete sv\u016fj syst\u00e9m no\u0161en\u00ed s Ulticlip3+ je\u0161t\u011b dnes!<\/p>\n<\/div>\n","protected":false},"excerpt":{"rendered":"<p>Bezpe\u010dn\u00e1, tenk\u00e1 spona pro no\u0161en\u00ed bez opasku. N\u011bkolik mo\u017enost\u00ed uchycen\u00ed.<\/p>\n","protected":false},"featured_media":22712,"template":"","meta":{"_acf_changed":false},"product_brand":[],"product_cat":[12696,12676],"product_tag":[],"class_list":{"0":"post-45466","1":"product","2":"type-product","3":"status-publish","4":"has-post-thumbnail","6":"product_cat-prislusenstvi-k-pouzdru","7":"product_cat-vybaveni","9":"first","10":"instock","11":"taxable","12":"shipping-taxable","13":"purchasable","14":"product-type-simple"},"acf":[],"_links":{"self":[{"href":"https:\/\/staging.nbg.eu\/cs\/wp-json\/wp\/v2\/product\/45466","targetHints":{"allow":["GET"]}}],"collection":[{"href":"https:\/\/staging.nbg.eu\/cs\/wp-json\/wp\/v2\/product"}],"about":[{"href":"https:\/\/staging.nbg.eu\/cs\/wp-json\/wp\/v2\/types\/product"}],"wp:featuredmedia":[{"embeddable":true,"href":"https:\/\/staging.nbg.eu\/cs\/wp-json\/wp\/v2\/media\/22712"}],"wp:attachment":[{"href":"https:\/\/staging.nbg.eu\/cs\/wp-json\/wp\/v2\/media?parent=45466"}],"wp:term":[{"taxonomy":"product_brand","embeddable":true,"href":"https:\/\/staging.nbg.eu\/cs\/wp-json\/wp\/v2\/product_brand?post=45466"},{"taxonomy":"product_cat","embeddable":true,"href":"https:\/\/staging.nbg.eu\/cs\/wp-json\/wp\/v2\/product_cat?post=45466"},{"taxonomy":"product_tag","embeddable":true,"href":"https:\/\/staging.nbg.eu\/cs\/wp-json\/wp\/v2\/product_tag?post=45466"}],"curies":[{"name":"wp","href":"https:\/\/api.w.org\/{rel}","templated":true}]}}