{"id":45444,"date":"2024-08-16T17:59:54","date_gmt":"2024-09-10T14:23:59","guid":{"rendered":"https:\/\/staging.nbg.eu\/product\/clips-ulticlip-xl\/"},"modified":"2024-09-10T14:24:33","modified_gmt":"2024-09-10T14:24:33","slug":"klipy-ulticlip-xl","status":"publish","type":"product","link":"https:\/\/staging.nbg.eu\/cs\/produkt\/klipy-ulticlip-xl\/","title":{"rendered":"Klipy Ulticlip XL"},"content":{"rendered":"<div class=\"product-description\">\n<h2>Clips Ulticlip XL: Ultim\u00e1tn\u00ed multifunk\u010dn\u00ed klip na pouzdro<\/h2>\n<p>P\u0159edstavujeme Ulticlip XL, prvn\u00ed multifunk\u010dn\u00ed klip na pouzdro a uzamykatelnou ocelovou poutko na opasek v jednom. Toto inovativn\u00ed za\u0159\u00edzen\u00ed nab\u00edz\u00ed bezkonkuren\u010dn\u00ed v\u0161estrannost pro no\u0161en\u00ed pouzder, pochev na no\u017ee a p\u0159\u00edslu\u0161enstv\u00ed.<\/p>\n<ul>\n<li>Dvoj\u00ed funk\u010dnost: Pou\u017eit\u00ed jako klip na pouzdro nebo poutko na opasek<\/li>\n<li>Kompatibiln\u00ed s vnit\u0159n\u00edm (IWB) i vn\u011bj\u0161\u00edm (OWB) no\u0161en\u00edm<\/li>\n<li>Vestav\u011bn\u00fd multifunk\u010dn\u00ed kl\u00ed\u010d (1\/4&#8243;, 5\/16&#8243;, 3\/8&#8243;) a ploch\u00fd \u0161roubov\u00e1k<\/li>\n<li>V\u00edce \u00fachytn\u00fdch bod\u016f pro r\u016fzn\u00e9 produkty<\/li>\n<li>Uzamykateln\u00e9 ocelov\u00e9 poutko na opasek \u0161\u00ed\u0159ky 1,5&#8243; (a\u017e 3\/8&#8243; siln\u00fd)<\/li>\n<li>Vojensk\u00e1 povrchov\u00e1 \u00faprava \u010dern\u00fdm oxidem<\/li>\n<li>Konstrukce z tepeln\u011b zpracovan\u00e9 pru\u017einov\u00e9 oceli 1075 &amp; 1050<\/li>\n<li>Rozm\u011bry: 3,5&#8243; x 7\/8&#8243;, Hmotnost: 1,37 oz.<\/li>\n<\/ul>\n<p>Za\u017eijte ultim\u00e1tn\u00ed \u0159e\u0161en\u00ed pro no\u0161en\u00ed s Ulticlip XL!<\/p>\n<\/div>\n","protected":false},"excerpt":{"rendered":"<p>Ulticlip XL: Multifunk\u010dn\u00ed klip na pouzdro a uzamykateln\u00e9 poutko na opasek pro v\u0161estrann\u00e9 no\u0161en\u00ed.<\/p>\n","protected":false},"featured_media":22988,"template":"","meta":{"_acf_changed":false},"product_brand":[],"product_cat":[12696,12676],"product_tag":[],"class_list":{"0":"post-45444","1":"product","2":"type-product","3":"status-publish","4":"has-post-thumbnail","6":"product_cat-prislusenstvi-k-pouzdru","7":"product_cat-vybaveni","9":"first","10":"instock","11":"taxable","12":"shipping-taxable","13":"purchasable","14":"product-type-simple"},"acf":[],"_links":{"self":[{"href":"https:\/\/staging.nbg.eu\/cs\/wp-json\/wp\/v2\/product\/45444","targetHints":{"allow":["GET"]}}],"collection":[{"href":"https:\/\/staging.nbg.eu\/cs\/wp-json\/wp\/v2\/product"}],"about":[{"href":"https:\/\/staging.nbg.eu\/cs\/wp-json\/wp\/v2\/types\/product"}],"wp:featuredmedia":[{"embeddable":true,"href":"https:\/\/staging.nbg.eu\/cs\/wp-json\/wp\/v2\/media\/22988"}],"wp:attachment":[{"href":"https:\/\/staging.nbg.eu\/cs\/wp-json\/wp\/v2\/media?parent=45444"}],"wp:term":[{"taxonomy":"product_brand","embeddable":true,"href":"https:\/\/staging.nbg.eu\/cs\/wp-json\/wp\/v2\/product_brand?post=45444"},{"taxonomy":"product_cat","embeddable":true,"href":"https:\/\/staging.nbg.eu\/cs\/wp-json\/wp\/v2\/product_cat?post=45444"},{"taxonomy":"product_tag","embeddable":true,"href":"https:\/\/staging.nbg.eu\/cs\/wp-json\/wp\/v2\/product_tag?post=45444"}],"curies":[{"name":"wp","href":"https:\/\/api.w.org\/{rel}","templated":true}]}}