{"id":45342,"date":"2024-08-16T18:05:19","date_gmt":"2024-08-16T18:05:19","guid":{"rendered":"https:\/\/staging.nbg.eu\/product\/calypso-mini-weather-station-45m-s\/"},"modified":"2024-10-16T09:35:17","modified_gmt":"2024-10-16T09:35:17","slug":"calypso-ultrazvukovy-prenosny-mini-anemometr-45ms","status":"publish","type":"product","link":"https:\/\/staging.nbg.eu\/cs\/produkt\/calypso-ultrazvukovy-prenosny-mini-anemometr-45ms\/","title":{"rendered":"Calypso Ultrazvukov\u00fd P\u0159enosn\u00fd Mini Anemometr 45m\/s"},"content":{"rendered":"<h2>Calypso Mini 45m\/s Ultrazvukov\u00fd Anemometr<\/h2>\n<p>P\u0159edstavujeme Calypso Mini 45m\/s, kompaktn\u00ed a v\u0161estrann\u00e9 \u0159e\u0161en\u00ed pro m\u011b\u0159en\u00ed v\u011btru. Tento miniaturn\u00ed ultrazvukov\u00fd anemometr a v\u011btrn\u00e1 korouhev kombinuje nejmodern\u011bj\u0161\u00ed technologii s p\u0159enosnost\u00ed.<\/p>\n<h2>Kl\u00ed\u010dov\u00e9 vlastnosti:<\/h2>\n<ul>\n<li>Bluetooth p\u0159ipojen\u00ed pro snadn\u00e9 zaznamen\u00e1v\u00e1n\u00ed dat<\/li>\n<li>Nap\u00e1jen\u00ed z baterie s bezdr\u00e1tov\u00fdm QI nab\u00edjen\u00edm<\/li>\n<li>Ultrazvukov\u00e9 senzory pro robustn\u00ed a spolehliv\u00fd v\u00fdkon<\/li>\n<li>M\u011b\u0159\u00ed rychlost i sm\u011br v\u011btru<\/li>\n<li>Kompaktn\u00ed rozm\u011bry: pouze 43 mm v pr\u016fm\u011bru<\/li>\n<li>1\/4&#8243; vnit\u0159n\u00ed z\u00e1vit pro mont\u00e1\u017e na stativ<\/li>\n<li>Kompatibiln\u00ed s aplikac\u00ed Anemotracker<\/li>\n<li>K dispozici voliteln\u00e9 p\u0159\u00edslu\u0161enstv\u00ed pro uchycen\u00ed telefonu<\/li>\n<\/ul>\n<p>Calypso Mini 45m\/s je ide\u00e1ln\u00ed pro r\u016fzn\u00e1 odv\u011btv\u00ed a aplikace a nab\u00edz\u00ed profesion\u00e1ln\u00ed m\u011b\u0159en\u00ed v\u011btru v p\u0159enosn\u00e9m za\u0159\u00edzen\u00ed. Jeho bezdr\u00e1tov\u00fd design a kompatibilita s NMEA br\u00e1nami z n\u011bj d\u011blaj\u00ed ide\u00e1ln\u00ed volbu pro samostatn\u00e9 pou\u017eit\u00ed i integraci do st\u00e1vaj\u00edc\u00edch syst\u00e9m\u016f.<\/p>\n","protected":false},"excerpt":{"rendered":"<p>Kompaktn\u00ed, Bluetooth anemometr m\u011b\u0159\u00ed rychlost a sm\u011br v\u011btru. Umo\u017e\u0148uje propojen\u00ed s aplikac\u00ed.<\/p>\n","protected":false},"featured_media":101820,"template":"","meta":{"_acf_changed":false},"product_brand":[11173],"product_cat":[12651,12712],"product_tag":[],"class_list":{"0":"post-45342","1":"product","2":"type-product","3":"status-publish","4":"has-post-thumbnail","6":"product_brand-calypso","7":"product_cat-meteorologicke-merice","8":"product_cat-nastroje","10":"first","11":"instock","12":"taxable","13":"shipping-taxable","14":"purchasable","15":"product-type-simple"},"acf":[],"_links":{"self":[{"href":"https:\/\/staging.nbg.eu\/cs\/wp-json\/wp\/v2\/product\/45342","targetHints":{"allow":["GET"]}}],"collection":[{"href":"https:\/\/staging.nbg.eu\/cs\/wp-json\/wp\/v2\/product"}],"about":[{"href":"https:\/\/staging.nbg.eu\/cs\/wp-json\/wp\/v2\/types\/product"}],"wp:featuredmedia":[{"embeddable":true,"href":"https:\/\/staging.nbg.eu\/cs\/wp-json\/wp\/v2\/media\/101820"}],"wp:attachment":[{"href":"https:\/\/staging.nbg.eu\/cs\/wp-json\/wp\/v2\/media?parent=45342"}],"wp:term":[{"taxonomy":"product_brand","embeddable":true,"href":"https:\/\/staging.nbg.eu\/cs\/wp-json\/wp\/v2\/product_brand?post=45342"},{"taxonomy":"product_cat","embeddable":true,"href":"https:\/\/staging.nbg.eu\/cs\/wp-json\/wp\/v2\/product_cat?post=45342"},{"taxonomy":"product_tag","embeddable":true,"href":"https:\/\/staging.nbg.eu\/cs\/wp-json\/wp\/v2\/product_tag?post=45342"}],"curies":[{"name":"wp","href":"https:\/\/api.w.org\/{rel}","templated":true}]}}