{"id":45320,"date":"2024-08-16T18:09:38","date_gmt":"2024-08-16T18:09:38","guid":{"rendered":"https:\/\/staging.nbg.eu\/product\/weather-dot\/"},"modified":"2024-10-16T09:41:52","modified_gmt":"2024-10-16T09:41:52","slug":"calypso-weather-dot","status":"publish","type":"product","link":"https:\/\/staging.nbg.eu\/cs\/produkt\/calypso-weather-dot\/","title":{"rendered":"Calypso Weather DOT"},"content":{"rendered":"<div class=\"product-description\">\n<h2>WeatherDot: P\u0159enosn\u00e1 meteorologick\u00e1 stanice<\/h2>\n<p>Za\u017eijte p\u0159esn\u00e9 sledov\u00e1n\u00ed po\u010das\u00ed s WeatherDot, va\u0161\u00ed kompaktn\u00ed a v\u0161estrannou meteorologickou stanic\u00ed. Tento lehk\u00fd p\u0159\u00edstroj s \u010didly pro teplotu, tlak a vlhkost nab\u00edz\u00ed:<\/p>\n<ul>\n<li>Bluetooth konektivitu<\/li>\n<li>\u00dalo\u017ei\u0161t\u011b pro 24 000 datov\u00fdch bod\u016f<\/li>\n<li>Kompatibilitu s upevn\u011bn\u00edm na stativ<\/li>\n<li>V\u00fddr\u017e baterie 400 hodin s bezdr\u00e1tov\u00fdm QI nab\u00edjen\u00edm<\/li>\n<li>Kompatibilitu s bezplatnou aplikac\u00ed Anemotracker (iOS\/Android)<\/li>\n<\/ul>\n<p>Ide\u00e1ln\u00ed pro samostatn\u00e9 pou\u017eit\u00ed nebo v kombinaci s na\u0161\u00edm ultrazvukov\u00fdm p\u0159enosn\u00fdm mini anemometrem. Balen\u00ed obsahuje za\u0159\u00edzen\u00ed WeatherDot, bezdr\u00e1tovou QI nab\u00edje\u010dku s USB kabelem a stru\u010dn\u00fd u\u017eivatelsk\u00fd n\u00e1vod.<\/p>\n<p>Bu\u010fte informov\u00e1ni o sv\u00e9m prost\u0159ed\u00ed s WeatherDot \u2013 va\u0161\u00edm p\u0159enosn\u00fdm meteorologick\u00fdm spole\u010dn\u00edkem!<\/p>\n<\/div>\n","protected":false},"excerpt":{"rendered":"<p>P\u0159enosn\u00e1 meteorologick\u00e1 stanice: teplota, tlak, vlhkost. Bluetooth, kompatibiln\u00ed s aplikac\u00ed.<\/p>\n","protected":false},"featured_media":102235,"template":"","meta":{"_acf_changed":false},"product_brand":[11173],"product_cat":[12651,12712],"product_tag":[],"class_list":{"0":"post-45320","1":"product","2":"type-product","3":"status-publish","4":"has-post-thumbnail","6":"product_brand-calypso","7":"product_cat-meteorologicke-merice","8":"product_cat-nastroje","10":"first","11":"outofstock","12":"taxable","13":"shipping-taxable","14":"purchasable","15":"product-type-simple"},"acf":[],"_links":{"self":[{"href":"https:\/\/staging.nbg.eu\/cs\/wp-json\/wp\/v2\/product\/45320","targetHints":{"allow":["GET"]}}],"collection":[{"href":"https:\/\/staging.nbg.eu\/cs\/wp-json\/wp\/v2\/product"}],"about":[{"href":"https:\/\/staging.nbg.eu\/cs\/wp-json\/wp\/v2\/types\/product"}],"wp:featuredmedia":[{"embeddable":true,"href":"https:\/\/staging.nbg.eu\/cs\/wp-json\/wp\/v2\/media\/102235"}],"wp:attachment":[{"href":"https:\/\/staging.nbg.eu\/cs\/wp-json\/wp\/v2\/media?parent=45320"}],"wp:term":[{"taxonomy":"product_brand","embeddable":true,"href":"https:\/\/staging.nbg.eu\/cs\/wp-json\/wp\/v2\/product_brand?post=45320"},{"taxonomy":"product_cat","embeddable":true,"href":"https:\/\/staging.nbg.eu\/cs\/wp-json\/wp\/v2\/product_cat?post=45320"},{"taxonomy":"product_tag","embeddable":true,"href":"https:\/\/staging.nbg.eu\/cs\/wp-json\/wp\/v2\/product_tag?post=45320"}],"curies":[{"name":"wp","href":"https:\/\/api.w.org\/{rel}","templated":true}]}}