{"id":45169,"date":"2024-08-18T09:26:06","date_gmt":"2024-09-10T13:11:30","guid":{"rendered":"https:\/\/staging.nbg.eu\/product\/premium-belt-security-loop\/"},"modified":"2024-09-10T13:12:06","modified_gmt":"2024-09-10T13:12:06","slug":"premiova-bezpecnostni-smycka-na-opasek","status":"publish","type":"product","link":"https:\/\/staging.nbg.eu\/cs\/produkt\/premiova-bezpecnostni-smycka-na-opasek\/","title":{"rendered":"Pr\u00e9miov\u00e1 Bezpe\u010dnostn\u00ed Smy\u010dka na Opasek"},"content":{"rendered":"<p>Zajist\u011bte sv\u016fj opasek pomoc\u00ed DAA Premium Belt Security Loop. Je pogumovan\u00fd pro pohodl\u00ed a lep\u0161\u00ed \u00fachop a udr\u017e\u00ed v\u00e1\u0161 opasek na m\u00edst\u011b b\u011bhem intenzivn\u00edch st\u0159eleck\u00fdch tr\u00e9nink\u016f. Vhodn\u00fd pro v\u011bt\u0161inu standardn\u00edch opask\u016f.<\/p>\n","protected":false},"excerpt":{"rendered":"<p>Bezpe\u010dn\u00e9 poutko na opasek: Pogumovan\u00fd \u00fachyt, zabra\u0148uje posunov\u00e1n\u00ed, vhodn\u00e9 pro standardn\u00ed opasky.<\/p>\n","protected":false},"featured_media":26091,"template":"","meta":{"_acf_changed":false},"product_brand":[11265],"product_cat":[12679,12676],"product_tag":[],"class_list":{"0":"post-45169","1":"product","2":"type-product","3":"status-publish","4":"has-post-thumbnail","6":"product_brand-doublealpha","7":"product_cat-sportovni-pasy","8":"product_cat-vybaveni","10":"first","11":"instock","12":"taxable","13":"shipping-taxable","14":"purchasable","15":"product-type-simple"},"acf":[],"_links":{"self":[{"href":"https:\/\/staging.nbg.eu\/cs\/wp-json\/wp\/v2\/product\/45169","targetHints":{"allow":["GET"]}}],"collection":[{"href":"https:\/\/staging.nbg.eu\/cs\/wp-json\/wp\/v2\/product"}],"about":[{"href":"https:\/\/staging.nbg.eu\/cs\/wp-json\/wp\/v2\/types\/product"}],"wp:featuredmedia":[{"embeddable":true,"href":"https:\/\/staging.nbg.eu\/cs\/wp-json\/wp\/v2\/media\/26091"}],"wp:attachment":[{"href":"https:\/\/staging.nbg.eu\/cs\/wp-json\/wp\/v2\/media?parent=45169"}],"wp:term":[{"taxonomy":"product_brand","embeddable":true,"href":"https:\/\/staging.nbg.eu\/cs\/wp-json\/wp\/v2\/product_brand?post=45169"},{"taxonomy":"product_cat","embeddable":true,"href":"https:\/\/staging.nbg.eu\/cs\/wp-json\/wp\/v2\/product_cat?post=45169"},{"taxonomy":"product_tag","embeddable":true,"href":"https:\/\/staging.nbg.eu\/cs\/wp-json\/wp\/v2\/product_tag?post=45169"}],"curies":[{"name":"wp","href":"https:\/\/api.w.org\/{rel}","templated":true}]}}