{"id":45147,"date":"2024-08-18T09:26:36","date_gmt":"2024-08-18T09:26:36","guid":{"rendered":"https:\/\/staging.nbg.eu\/product\/daa-magnet-cover\/"},"modified":"2024-09-10T12:57:37","modified_gmt":"2024-09-10T12:57:37","slug":"daa-magneticky-kryt","status":"publish","type":"product","link":"https:\/\/staging.nbg.eu\/cs\/produkt\/daa-magneticky-kryt\/","title":{"rendered":"DAA Magnetick\u00fd Kryt"},"content":{"rendered":"<p>\nDAA magnetick\u00fd kryt: Stylov\u00fd a odoln\u00fd nylonov\u00fd kryt pro 48mm magnety. Obsahuje magnetick\u00e9 ocelov\u00e9 logo DAA. Sni\u017euje ne\u017e\u00e1douc\u00ed magnetickou p\u0159ita\u017elivost p\u0159i zachov\u00e1n\u00ed funk\u010dnosti.<\/p>\n","protected":false},"excerpt":{"rendered":"<p>Stylov\u00fd, ochrann\u00fd kryt pro DAA 48mm magnety. Sni\u017euje magnetickou p\u0159ita\u017elivost.<\/p>\n","protected":false},"featured_media":26114,"template":"","meta":{"_acf_changed":false},"product_brand":[11265],"product_cat":[12663,12696],"product_tag":[],"class_list":{"0":"post-45147","1":"product","2":"type-product","3":"status-publish","4":"has-post-thumbnail","6":"product_brand-doublealpha","7":"product_cat-pouzdro","8":"product_cat-prislusenstvi-k-pouzdru","10":"first","11":"instock","12":"taxable","13":"shipping-taxable","14":"purchasable","15":"product-type-simple"},"acf":[],"_links":{"self":[{"href":"https:\/\/staging.nbg.eu\/cs\/wp-json\/wp\/v2\/product\/45147","targetHints":{"allow":["GET"]}}],"collection":[{"href":"https:\/\/staging.nbg.eu\/cs\/wp-json\/wp\/v2\/product"}],"about":[{"href":"https:\/\/staging.nbg.eu\/cs\/wp-json\/wp\/v2\/types\/product"}],"wp:featuredmedia":[{"embeddable":true,"href":"https:\/\/staging.nbg.eu\/cs\/wp-json\/wp\/v2\/media\/26114"}],"wp:attachment":[{"href":"https:\/\/staging.nbg.eu\/cs\/wp-json\/wp\/v2\/media?parent=45147"}],"wp:term":[{"taxonomy":"product_brand","embeddable":true,"href":"https:\/\/staging.nbg.eu\/cs\/wp-json\/wp\/v2\/product_brand?post=45147"},{"taxonomy":"product_cat","embeddable":true,"href":"https:\/\/staging.nbg.eu\/cs\/wp-json\/wp\/v2\/product_cat?post=45147"},{"taxonomy":"product_tag","embeddable":true,"href":"https:\/\/staging.nbg.eu\/cs\/wp-json\/wp\/v2\/product_tag?post=45147"}],"curies":[{"name":"wp","href":"https:\/\/api.w.org\/{rel}","templated":true}]}}