{"id":45125,"date":"2024-08-18T09:27:28","date_gmt":"2024-09-10T12:42:12","guid":{"rendered":"https:\/\/staging.nbg.eu\/product\/dillon-precision-daa-223-fast-flow-powder-funnel\/"},"modified":"2024-09-10T12:42:48","modified_gmt":"2024-09-10T12:42:48","slug":"dillon-precision-daa-223-rychly-praskovy-trychtyr","status":"publish","type":"product","link":"https:\/\/staging.nbg.eu\/cs\/produkt\/dillon-precision-daa-223-rychly-praskovy-trychtyr\/","title":{"rendered":"Dillon Precision &#8211; Daa .223 Rychl\u00fd Pr\u00e1\u0161kov\u00fd Trycht\u00fd\u0159"},"content":{"rendered":"<div class=\"product-description\">\n<h2>Dillon Precision &#8211; DAA .223 Rychlopln\u00edc\u00ed prachov\u00e1 trycht\u00fd\u0159<\/h2>\n<p>Vylep\u0161ete sv\u00e9 p\u0159eb\u00edjen\u00ed .223 n\u00e1boj\u016f s DAA .223 Rychlopln\u00edc\u00edm trycht\u00fd\u0159em. Navr\u017een ve spolupr\u00e1ci s leteck\u00fdm syst\u00e9mov\u00fdm in\u017een\u00fdrem Andrewem Murrellem, CSEP, tento trycht\u00fd\u0159 zlep\u0161uje konzistenci toku prachu a sni\u017euje p\u0159emost\u011bn\u00ed ty\u010dinkov\u00fdch nebo vlo\u010dkov\u00fdch prach\u016f.<\/p>\n<ul>\n<li>Vyroben z nerezov\u00e9 oceli SUS303<\/li>\n<li>Elektrolyticky le\u0161t\u011bn\u00fd zrcadlov\u00fd povrch<\/li>\n<li>Vynikaj\u00edc\u00ed odolnost proti korozi a opot\u0159eben\u00ed<\/li>\n<li>Unik\u00e1tn\u00ed vnit\u0159n\u00ed tvar trycht\u00fd\u0159e pro lep\u0161\u00ed tok prachu<\/li>\n<li>Kompatibiln\u00ed s d\u00e1vkova\u010di prachu Dillon<\/li>\n<\/ul>\n<p>Za\u017eijte rozd\u00edl s na\u0161\u00edm p\u0159esn\u011b navr\u017een\u00fdm trycht\u00fd\u0159em, kter\u00fd se vyzna\u010duje t\u011bsn\u00fdmi tolerancemi a hladk\u00fdm povrchem jako sklo pro maxim\u00e1ln\u00ed v\u00fdkon a tok prachu.<\/p>\n<\/div>\n","protected":false},"excerpt":{"rendered":"<p>Zjednodu\u0161en\u00e1 n\u00e1sypka na prach pro .223, zaji\u0161\u0165uj\u00edc\u00ed konzistentn\u00ed p\u0159eb\u00edjen\u00ed bez zasek\u00e1v\u00e1n\u00ed.<\/p>\n","protected":false},"featured_media":26229,"template":"","meta":{"_acf_changed":false},"product_brand":[11265],"product_cat":[12705,12659],"product_tag":[],"class_list":{"0":"post-45125","1":"product","2":"type-product","3":"status-publish","4":"has-post-thumbnail","6":"product_brand-doublealpha","7":"product_cat-prebijeni","8":"product_cat-prislusenstvi-pro-prebijeni","10":"first","11":"instock","12":"taxable","13":"shipping-taxable","14":"purchasable","15":"product-type-simple"},"acf":[],"_links":{"self":[{"href":"https:\/\/staging.nbg.eu\/cs\/wp-json\/wp\/v2\/product\/45125","targetHints":{"allow":["GET"]}}],"collection":[{"href":"https:\/\/staging.nbg.eu\/cs\/wp-json\/wp\/v2\/product"}],"about":[{"href":"https:\/\/staging.nbg.eu\/cs\/wp-json\/wp\/v2\/types\/product"}],"wp:featuredmedia":[{"embeddable":true,"href":"https:\/\/staging.nbg.eu\/cs\/wp-json\/wp\/v2\/media\/26229"}],"wp:attachment":[{"href":"https:\/\/staging.nbg.eu\/cs\/wp-json\/wp\/v2\/media?parent=45125"}],"wp:term":[{"taxonomy":"product_brand","embeddable":true,"href":"https:\/\/staging.nbg.eu\/cs\/wp-json\/wp\/v2\/product_brand?post=45125"},{"taxonomy":"product_cat","embeddable":true,"href":"https:\/\/staging.nbg.eu\/cs\/wp-json\/wp\/v2\/product_cat?post=45125"},{"taxonomy":"product_tag","embeddable":true,"href":"https:\/\/staging.nbg.eu\/cs\/wp-json\/wp\/v2\/product_tag?post=45125"}],"curies":[{"name":"wp","href":"https:\/\/api.w.org\/{rel}","templated":true}]}}