{"id":45103,"date":"2024-08-18T09:27:48","date_gmt":"2024-09-10T12:34:20","guid":{"rendered":"https:\/\/staging.nbg.eu\/product\/thigh-pad-for-flex-alpha-x-racer-x-holsters\/"},"modified":"2024-09-10T12:34:55","modified_gmt":"2024-09-10T12:34:55","slug":"stehenni-polstarek-pro-pouzdra-flex-alpha-x-racer-x","status":"publish","type":"product","link":"https:\/\/staging.nbg.eu\/cs\/produkt\/stehenni-polstarek-pro-pouzdra-flex-alpha-x-racer-x\/","title":{"rendered":"Stehenn\u00ed Pol\u0161t\u00e1\u0159ek pro Pouzdra Flex \/ Alpha-X \/ Racer-X"},"content":{"rendered":"<div class=\"product-description\">\n<h2>DAA Stehenn\u00ed podlo\u017eka pro pouzdra Flex \/ Alpha-X \/ Racer-X<\/h2>\n<p>Vylep\u0161ete sv\u016fj st\u0159eleck\u00fd z\u00e1\u017eitek s DAA stehenn\u00ed podlo\u017ekou, kompatibiln\u00ed s pouzdry Alpha-X, Racer-X a FLEX. Tato v\u0161estrann\u00e1 podlo\u017eka nab\u00edz\u00ed:<\/p>\n<ul>\n<li>Snadnou instalaci &#8211; bez \u0161roub\u016f nebo lepidla<\/li>\n<li>Bezpe\u010dn\u00e9 uchycen\u00ed pomoc\u00ed z\u00e1padek<\/li>\n<li>Kompaktn\u00ed, ale \u00fa\u010dinn\u00fd design<\/li>\n<li>Vhodn\u00e1 pro prav\u00e1ky i lev\u00e1ky<\/li>\n<\/ul>\n<p>Jednodu\u0161e nasu\u0148te stehenn\u00ed podlo\u017eku na p\u00e1sov\u00e9 uchycen\u00ed pouzdra, dokud z\u00e1padky nezacvaknou na m\u00edsto. Pro odstran\u011bn\u00ed vyt\u00e1hn\u011bte z\u00e1padky nahoru a vysu\u0148te. Tato podlo\u017eka je dokonal\u00fdm dopl\u0148kem k va\u0161emu pouzdru Double-Alpha, poskytuj\u00edc\u00ed extra pohodl\u00ed a stabilitu pro \u0161pi\u010dkov\u00e9 st\u0159elce po cel\u00e9m sv\u011bt\u011b.<\/p>\n<\/div>\n","protected":false},"excerpt":{"rendered":"<p>Stehenn\u00ed ochrana pro Alpha-X\/Racer-X: Bezpe\u010dn\u00e1, pohodln\u00e1, bez nutnosti n\u00e1\u0159ad\u00ed.<\/p>\n","protected":false},"featured_media":26275,"template":"","meta":{"_acf_changed":false},"product_brand":[11265],"product_cat":[12696,12701],"product_tag":[],"class_list":{"0":"post-45103","1":"product","2":"type-product","3":"status-publish","4":"has-post-thumbnail","6":"product_brand-doublealpha","7":"product_cat-prislusenstvi-k-pouzdru","8":"product_cat-sportovni-pouzdro","10":"first","11":"instock","12":"taxable","13":"shipping-taxable","14":"purchasable","15":"product-type-simple"},"acf":[],"_links":{"self":[{"href":"https:\/\/staging.nbg.eu\/cs\/wp-json\/wp\/v2\/product\/45103","targetHints":{"allow":["GET"]}}],"collection":[{"href":"https:\/\/staging.nbg.eu\/cs\/wp-json\/wp\/v2\/product"}],"about":[{"href":"https:\/\/staging.nbg.eu\/cs\/wp-json\/wp\/v2\/types\/product"}],"wp:featuredmedia":[{"embeddable":true,"href":"https:\/\/staging.nbg.eu\/cs\/wp-json\/wp\/v2\/media\/26275"}],"wp:attachment":[{"href":"https:\/\/staging.nbg.eu\/cs\/wp-json\/wp\/v2\/media?parent=45103"}],"wp:term":[{"taxonomy":"product_brand","embeddable":true,"href":"https:\/\/staging.nbg.eu\/cs\/wp-json\/wp\/v2\/product_brand?post=45103"},{"taxonomy":"product_cat","embeddable":true,"href":"https:\/\/staging.nbg.eu\/cs\/wp-json\/wp\/v2\/product_cat?post=45103"},{"taxonomy":"product_tag","embeddable":true,"href":"https:\/\/staging.nbg.eu\/cs\/wp-json\/wp\/v2\/product_tag?post=45103"}],"curies":[{"name":"wp","href":"https:\/\/api.w.org\/{rel}","templated":true}]}}