{"id":45081,"date":"2024-08-18T09:28:23","date_gmt":"2024-08-18T09:28:23","guid":{"rendered":"https:\/\/staging.nbg.eu\/product\/daa-reloading-press-tool-holder\/"},"modified":"2024-09-10T12:29:12","modified_gmt":"2024-09-10T12:29:12","slug":"daa-drzak-nastroju-pro-prebijeci-lis","status":"publish","type":"product","link":"https:\/\/staging.nbg.eu\/cs\/produkt\/daa-drzak-nastroju-pro-prebijeci-lis\/","title":{"rendered":"Daa Dr\u017e\u00e1k N\u00e1stroj\u016f pro P\u0159eb\u00edjec\u00ed Lis"},"content":{"rendered":"<div class=\"product-description\">\n<h2>DAA Dr\u017e\u00e1k n\u00e1stroj\u016f pro p\u0159eb\u00edjec\u00ed lis<\/h2>\n<p>Uspo\u0159\u00e1dejte sv\u00e9 p\u0159eb\u00edjec\u00ed n\u00e1stroje s t\u00edmto praktick\u00fdm dr\u017e\u00e1kem! Navr\u017eeno pro lisy Dillon RL1100\/1050\/750\/650, snadno se montuje na \u010dtvercov\u00e9 nebo kulat\u00e9 trubky o pr\u016fm\u011bru 1&#8243;.<\/p>\n<ul>\n<li>Odoln\u00e1 konstrukce ze sklen\u011bn\u00fdmi vl\u00e1kny vyztu\u017een\u00e9ho nylonu<\/li>\n<li>Gumov\u00fd n\u00e1t\u011br pro atraktivn\u00ed povrchovou \u00fapravu<\/li>\n<li>Dr\u017e\u00ed 7 imbusov\u00fdch kl\u00ed\u010d\u016f, kl\u00ed\u010d na matrice a 3 dal\u0161\u00ed n\u00e1stroje<\/li>\n<li>Velk\u00e1 dutina pro ulo\u017een\u00ed drobn\u00fdch sou\u010d\u00e1stek<\/li>\n<li>Vestav\u011bn\u00fd magnet pro uchycen\u00ed kovov\u00fdch p\u0159edm\u011bt\u016f<\/li>\n<\/ul>\n<p>Vylep\u0161ete svou p\u0159eb\u00edjec\u00ed sestavu t\u00edmto univerz\u00e1ln\u00edm dr\u017e\u00e1kem n\u00e1stroj\u016f! (N\u00e1stroje nejsou sou\u010d\u00e1st\u00ed balen\u00ed)<\/p>\n<\/div>\n","protected":false},"excerpt":{"rendered":"<p>Univerz\u00e1ln\u00ed dr\u017e\u00e1k pro n\u00e1\u0159ad\u00ed a sou\u010d\u00e1stky p\u0159i p\u0159eb\u00edjen\u00ed, kter\u00fd se upev\u0148uje na lis.<\/p>\n","protected":false},"featured_media":26564,"template":"","meta":{"_acf_changed":false},"product_brand":[11265],"product_cat":[12705,12659],"product_tag":[],"class_list":{"0":"post-45081","1":"product","2":"type-product","3":"status-publish","4":"has-post-thumbnail","6":"product_brand-doublealpha","7":"product_cat-prebijeni","8":"product_cat-prislusenstvi-pro-prebijeni","10":"first","11":"outofstock","12":"taxable","13":"shipping-taxable","14":"purchasable","15":"product-type-simple"},"acf":[],"_links":{"self":[{"href":"https:\/\/staging.nbg.eu\/cs\/wp-json\/wp\/v2\/product\/45081","targetHints":{"allow":["GET"]}}],"collection":[{"href":"https:\/\/staging.nbg.eu\/cs\/wp-json\/wp\/v2\/product"}],"about":[{"href":"https:\/\/staging.nbg.eu\/cs\/wp-json\/wp\/v2\/types\/product"}],"wp:featuredmedia":[{"embeddable":true,"href":"https:\/\/staging.nbg.eu\/cs\/wp-json\/wp\/v2\/media\/26564"}],"wp:attachment":[{"href":"https:\/\/staging.nbg.eu\/cs\/wp-json\/wp\/v2\/media?parent=45081"}],"wp:term":[{"taxonomy":"product_brand","embeddable":true,"href":"https:\/\/staging.nbg.eu\/cs\/wp-json\/wp\/v2\/product_brand?post=45081"},{"taxonomy":"product_cat","embeddable":true,"href":"https:\/\/staging.nbg.eu\/cs\/wp-json\/wp\/v2\/product_cat?post=45081"},{"taxonomy":"product_tag","embeddable":true,"href":"https:\/\/staging.nbg.eu\/cs\/wp-json\/wp\/v2\/product_tag?post=45081"}],"curies":[{"name":"wp","href":"https:\/\/api.w.org\/{rel}","templated":true}]}}