{"id":45059,"date":"2024-08-18T09:28:37","date_gmt":"2024-08-18T09:28:37","guid":{"rendered":"https:\/\/staging.nbg.eu\/product\/lynx-belt-steel-mini-punch-tool\/"},"modified":"2024-09-10T12:25:35","modified_gmt":"2024-09-10T12:25:35","slug":"lynx-opasek-ocelovy-mini-prubojnik","status":"publish","type":"product","link":"https:\/\/staging.nbg.eu\/cs\/produkt\/lynx-opasek-ocelovy-mini-prubojnik\/","title":{"rendered":"Lynx Opasek: Ocelov\u00fd Mini Pr\u016fbojn\u00edk"},"content":{"rendered":"<p>Lynx Belt: Ocelov\u00fd mini v\u00fdse\u010dn\u00edk je kompaktn\u00ed, na zak\u00e1zku vyroben\u00fd ocelov\u00fd pr\u016fbojn\u00edk navr\u017een\u00fd pro rychl\u00e9 a snadn\u00e9 odstran\u011bn\u00ed v\u00e1le\u010dkov\u00fdch \u010dep\u016f. Perfektn\u00ed pro \u00fapravu \u010dl\u00e1nk\u016f opask\u016f, tento lehk\u00fd n\u00e1stroj m\u011b\u0159\u00ed 70 mm na d\u00e9lku s pr\u016fm\u011brem hlavy 6 mm a pr\u016fm\u011brem d\u0159\u00edku 2,5 mm. Ide\u00e1ln\u00ed do va\u0161\u00ed sady n\u00e1stroj\u016f na st\u0159elnici.<\/p>\n","protected":false},"excerpt":{"rendered":"<p>Kompaktn\u00ed ocelov\u00fd pr\u016fbojn\u00edk pro rychl\u00e9 a snadn\u00e9 \u00fapravy \u010dl\u00e1nk\u016f \u0159emene.<\/p>\n","protected":false},"featured_media":26702,"template":"","meta":{"_acf_changed":false},"product_brand":[11265],"product_cat":[12679,12676],"product_tag":[],"class_list":{"0":"post-45059","1":"product","2":"type-product","3":"status-publish","4":"has-post-thumbnail","6":"product_brand-doublealpha","7":"product_cat-sportovni-pasy","8":"product_cat-vybaveni","10":"first","11":"instock","12":"taxable","13":"shipping-taxable","14":"purchasable","15":"product-type-simple"},"acf":[],"_links":{"self":[{"href":"https:\/\/staging.nbg.eu\/cs\/wp-json\/wp\/v2\/product\/45059","targetHints":{"allow":["GET"]}}],"collection":[{"href":"https:\/\/staging.nbg.eu\/cs\/wp-json\/wp\/v2\/product"}],"about":[{"href":"https:\/\/staging.nbg.eu\/cs\/wp-json\/wp\/v2\/types\/product"}],"wp:featuredmedia":[{"embeddable":true,"href":"https:\/\/staging.nbg.eu\/cs\/wp-json\/wp\/v2\/media\/26702"}],"wp:attachment":[{"href":"https:\/\/staging.nbg.eu\/cs\/wp-json\/wp\/v2\/media?parent=45059"}],"wp:term":[{"taxonomy":"product_brand","embeddable":true,"href":"https:\/\/staging.nbg.eu\/cs\/wp-json\/wp\/v2\/product_brand?post=45059"},{"taxonomy":"product_cat","embeddable":true,"href":"https:\/\/staging.nbg.eu\/cs\/wp-json\/wp\/v2\/product_cat?post=45059"},{"taxonomy":"product_tag","embeddable":true,"href":"https:\/\/staging.nbg.eu\/cs\/wp-json\/wp\/v2\/product_tag?post=45059"}],"curies":[{"name":"wp","href":"https:\/\/api.w.org\/{rel}","templated":true}]}}