{"id":45037,"date":"2024-08-18T09:29:43","date_gmt":"2024-08-18T09:29:43","guid":{"rendered":"https:\/\/staging.nbg.eu\/product\/daa-primer-tube-cap-5-pack\/"},"modified":"2024-09-10T12:23:37","modified_gmt":"2024-09-10T12:23:37","slug":"daa-uzaver-zasobniku-zapalek-5-kusu","status":"publish","type":"product","link":"https:\/\/staging.nbg.eu\/cs\/produkt\/daa-uzaver-zasobniku-zapalek-5-kusu\/","title":{"rendered":"Daa Uz\u00e1v\u011br Z\u00e1sobn\u00edku Z\u00e1palek, 5 Kus\u016f"},"content":{"rendered":"<p>\n<strong>DAA Krytka na z\u00e1sobn\u00edk z\u00e1palek, 5 kus\u016f<\/strong><br \/>\nSpeci\u00e1ln\u00ed silikonov\u00e9 gumov\u00e9 koncov\u00e9 krytky pro 8mm z\u00e1sobn\u00edky z\u00e1palek. Zabra\u0148uj\u00ed rozsyp\u00e1n\u00ed p\u0159i pou\u017eit\u00ed za\u0159\u00edzen\u00ed pro rychl\u00e9 pln\u011bn\u00ed. Snadn\u00e9 pou\u017eit\u00ed: nasu\u0148te a polo\u017ete. U\u017e \u017e\u00e1dn\u00fd nepo\u0159\u00e1dek se z\u00e1palkami!<\/p>\n<ul>\n<li>Vhodn\u00e9 pro v\u011bt\u0161inu p\u0159eb\u00edjec\u00edch z\u00e1sobn\u00edk\u016f<\/li>\n<li>Kompatibiln\u00ed s DAA Primer-Pro a dal\u0161\u00edmi plni\u010dkami<\/li>\n<li>Barva: \u010cerven\u00e1<\/li>\n<li>Balen\u00ed po 5 kusech<\/li>\n<\/ul>\n<p>Zabezpe\u010dte sv\u00e9 z\u00e1palky t\u011bmito praktick\u00fdmi krytkami!<\/p>\n","protected":false},"excerpt":{"rendered":"<p>Bezpe\u010dn\u00e9 8mm zkumavky na primery s jednodu\u0161e nasaditeln\u00fdmi, proti rozlit\u00ed odoln\u00fdmi silikonov\u00fdmi v\u00ed\u010dky.<\/p>\n","protected":false},"featured_media":26725,"template":"","meta":{"_acf_changed":false},"product_brand":[11265],"product_cat":[12705,12659],"product_tag":[],"class_list":{"0":"post-45037","1":"product","2":"type-product","3":"status-publish","4":"has-post-thumbnail","6":"product_brand-doublealpha","7":"product_cat-prebijeni","8":"product_cat-prislusenstvi-pro-prebijeni","10":"first","11":"outofstock","12":"taxable","13":"shipping-taxable","14":"purchasable","15":"product-type-simple"},"acf":[],"_links":{"self":[{"href":"https:\/\/staging.nbg.eu\/cs\/wp-json\/wp\/v2\/product\/45037","targetHints":{"allow":["GET"]}}],"collection":[{"href":"https:\/\/staging.nbg.eu\/cs\/wp-json\/wp\/v2\/product"}],"about":[{"href":"https:\/\/staging.nbg.eu\/cs\/wp-json\/wp\/v2\/types\/product"}],"wp:featuredmedia":[{"embeddable":true,"href":"https:\/\/staging.nbg.eu\/cs\/wp-json\/wp\/v2\/media\/26725"}],"wp:attachment":[{"href":"https:\/\/staging.nbg.eu\/cs\/wp-json\/wp\/v2\/media?parent=45037"}],"wp:term":[{"taxonomy":"product_brand","embeddable":true,"href":"https:\/\/staging.nbg.eu\/cs\/wp-json\/wp\/v2\/product_brand?post=45037"},{"taxonomy":"product_cat","embeddable":true,"href":"https:\/\/staging.nbg.eu\/cs\/wp-json\/wp\/v2\/product_cat?post=45037"},{"taxonomy":"product_tag","embeddable":true,"href":"https:\/\/staging.nbg.eu\/cs\/wp-json\/wp\/v2\/product_tag?post=45037"}],"curies":[{"name":"wp","href":"https:\/\/api.w.org\/{rel}","templated":true}]}}