{"id":45015,"date":"2024-08-18T09:29:56","date_gmt":"2024-09-10T12:18:01","guid":{"rendered":"https:\/\/staging.nbg.eu\/product\/buckle-kit-lynx\/"},"modified":"2024-09-10T12:18:34","modified_gmt":"2024-09-10T12:18:34","slug":"sada-prezek-lynx","status":"publish","type":"product","link":"https:\/\/staging.nbg.eu\/cs\/produkt\/sada-prezek-lynx\/","title":{"rendered":"Sada P\u0159ezek &#8211; Lynx"},"content":{"rendered":"<div class=\"product-description\">\n<h2>Sada p\u0159ezky &#8211; Lynx<\/h2>\n<p>Vylep\u0161ete sv\u016fj p\u00e1sek Lynx na\u0161\u00ed sadou p\u0159ezky p\u0159ipravenou k pou\u017eit\u00ed! Tento komplexn\u00ed bal\u00ed\u010dek obsahuje:<\/p>\n<ul>\n<li>Pln\u011b sestaven\u00e1 p\u0159ezka Lynx<\/li>\n<li>Koncov\u00fd d\u00edl p\u00e1sku Lynx<\/li>\n<li>50 v\u00e1lcov\u00fdch kol\u00edk\u016f pro sestaven\u00ed p\u00e1sku<\/li>\n<li>N\u00e1hradn\u00ed silikonov\u00fd O-krou\u017eek<\/li>\n<li>Speci\u00e1ln\u011b navr\u017een\u00fd ocelov\u00fd mini pr\u016fbojn\u00edk<\/li>\n<\/ul>\n<p>Jednodu\u0161e p\u0159ipevn\u011bte p\u0159edem sestavenou p\u0159ezku k va\u0161emu p\u00e1sku Lynx pro okam\u017eit\u00e9 pou\u017eit\u00ed. Na\u0161e sada poskytuje v\u0161e, co pot\u0159ebujete pro rychl\u00e9 a bezprobl\u00e9mov\u00e9 vylep\u0161en\u00ed p\u00e1sku.<\/p>\n<\/div>\n","protected":false},"excerpt":{"rendered":"<p>P\u0159ipraven\u00e1 sada Lynx s p\u0159ezkou a n\u00e1stroji pro snadnou mont\u00e1\u017e opasku.<\/p>\n","protected":false},"featured_media":26771,"template":"","meta":{"_acf_changed":false},"product_brand":[11265],"product_cat":[12679,12676],"product_tag":[],"class_list":{"0":"post-45015","1":"product","2":"type-product","3":"status-publish","4":"has-post-thumbnail","6":"product_brand-doublealpha","7":"product_cat-sportovni-pasy","8":"product_cat-vybaveni","10":"first","11":"instock","12":"taxable","13":"shipping-taxable","14":"purchasable","15":"product-type-simple"},"acf":[],"_links":{"self":[{"href":"https:\/\/staging.nbg.eu\/cs\/wp-json\/wp\/v2\/product\/45015","targetHints":{"allow":["GET"]}}],"collection":[{"href":"https:\/\/staging.nbg.eu\/cs\/wp-json\/wp\/v2\/product"}],"about":[{"href":"https:\/\/staging.nbg.eu\/cs\/wp-json\/wp\/v2\/types\/product"}],"wp:featuredmedia":[{"embeddable":true,"href":"https:\/\/staging.nbg.eu\/cs\/wp-json\/wp\/v2\/media\/26771"}],"wp:attachment":[{"href":"https:\/\/staging.nbg.eu\/cs\/wp-json\/wp\/v2\/media?parent=45015"}],"wp:term":[{"taxonomy":"product_brand","embeddable":true,"href":"https:\/\/staging.nbg.eu\/cs\/wp-json\/wp\/v2\/product_brand?post=45015"},{"taxonomy":"product_cat","embeddable":true,"href":"https:\/\/staging.nbg.eu\/cs\/wp-json\/wp\/v2\/product_cat?post=45015"},{"taxonomy":"product_tag","embeddable":true,"href":"https:\/\/staging.nbg.eu\/cs\/wp-json\/wp\/v2\/product_tag?post=45015"}],"curies":[{"name":"wp","href":"https:\/\/api.w.org\/{rel}","templated":true}]}}