{"id":44993,"date":"2024-08-18T09:30:21","date_gmt":"2024-08-18T09:30:21","guid":{"rendered":"https:\/\/staging.nbg.eu\/product\/lynx-belt-ratchet-buckle\/"},"modified":"2024-09-10T12:02:45","modified_gmt":"2024-09-10T12:02:45","slug":"lynx-prezka-s-racnou","status":"publish","type":"product","link":"https:\/\/staging.nbg.eu\/cs\/produkt\/lynx-prezka-s-racnou\/","title":{"rendered":"Lynx P\u0159ezka s Ra\u010dnou"},"content":{"rendered":"<div class=\"product-description\">\n<h2>DAA Lynx P\u00e1sek s R\u00e1\u010dnovou P\u0159ezkou<\/h2>\n<p>Vylep\u0161ete sv\u00e9 st\u0159eleck\u00e9 vybaven\u00ed syst\u00e9mem DAA Lynx P\u00e1sek s R\u00e1\u010dnovou P\u0159ezkou. Tato inovativn\u00ed p\u0159ezka nab\u00edz\u00ed:<\/p>\n<ul>\n<li>V\u011bt\u0161\u00ed nastavitelnost d\u00e9lky pro snadnou kompenzaci oble\u010den\u00ed<\/li>\n<li>Rychl\u00e9 povolen\u00ed a uta\u017een\u00ed mezi jednotliv\u00fdmi f\u00e1zemi<\/li>\n<li>Odolnou ocelovou a hlin\u00edkovou konstrukci<\/li>\n<li>23mm \u0161irok\u00fd gumov\u00fd p\u00e1sek s 16cm rozsahem nastaven\u00ed<\/li>\n<li>Dva p\u0159edvrtan\u00e9 \u010dern\u00e9 \u010dl\u00e1nky s ocelov\u00fdmi z\u00e1vitov\u00fdmi vlo\u017ekami<\/li>\n<\/ul>\n<p>Doporu\u010den\u00e9 um\u00edst\u011bn\u00ed: vp\u0159edu, mezi pouzdrem na zbra\u0148 a prvn\u00ed kapsou. P\u00e1sek lze zkr\u00e1tit a sm\u011br p\u0159ezky lze v p\u0159\u00edpad\u011b pot\u0159eby obr\u00e1tit. Vylep\u0161ete sv\u016fj st\u0159eleck\u00fd z\u00e1\u017eitek zv\u00fd\u0161en\u00fdm pohodl\u00edm a prakti\u010dnost\u00ed!<\/p>\n<\/div>\n","protected":false},"excerpt":{"rendered":"<p>Z\u00e1padkov\u00e1 p\u0159ezka pro snadn\u00e9 nastaven\u00ed p\u00e1sku a rychl\u00e9 uta\u017een\u00ed.<\/p>\n","protected":false},"featured_media":26863,"template":"","meta":{"_acf_changed":false},"product_brand":[11265],"product_cat":[12679,12676],"product_tag":[],"class_list":{"0":"post-44993","1":"product","2":"type-product","3":"status-publish","4":"has-post-thumbnail","6":"product_brand-doublealpha","7":"product_cat-sportovni-pasy","8":"product_cat-vybaveni","10":"first","11":"instock","12":"taxable","13":"shipping-taxable","14":"purchasable","15":"product-type-simple"},"acf":[],"_links":{"self":[{"href":"https:\/\/staging.nbg.eu\/cs\/wp-json\/wp\/v2\/product\/44993","targetHints":{"allow":["GET"]}}],"collection":[{"href":"https:\/\/staging.nbg.eu\/cs\/wp-json\/wp\/v2\/product"}],"about":[{"href":"https:\/\/staging.nbg.eu\/cs\/wp-json\/wp\/v2\/types\/product"}],"wp:featuredmedia":[{"embeddable":true,"href":"https:\/\/staging.nbg.eu\/cs\/wp-json\/wp\/v2\/media\/26863"}],"wp:attachment":[{"href":"https:\/\/staging.nbg.eu\/cs\/wp-json\/wp\/v2\/media?parent=44993"}],"wp:term":[{"taxonomy":"product_brand","embeddable":true,"href":"https:\/\/staging.nbg.eu\/cs\/wp-json\/wp\/v2\/product_brand?post=44993"},{"taxonomy":"product_cat","embeddable":true,"href":"https:\/\/staging.nbg.eu\/cs\/wp-json\/wp\/v2\/product_cat?post=44993"},{"taxonomy":"product_tag","embeddable":true,"href":"https:\/\/staging.nbg.eu\/cs\/wp-json\/wp\/v2\/product_tag?post=44993"}],"curies":[{"name":"wp","href":"https:\/\/api.w.org\/{rel}","templated":true}]}}