{"id":44971,"date":"2024-08-18T09:31:04","date_gmt":"2024-08-18T09:31:04","guid":{"rendered":"https:\/\/staging.nbg.eu\/product\/daa-1-die-box-end-wrench\/"},"modified":"2024-09-10T11:56:13","modified_gmt":"2024-09-10T11:56:13","slug":"daa-klic-na-matrice-1-s-otevrenym-koncem","status":"publish","type":"product","link":"https:\/\/staging.nbg.eu\/cs\/produkt\/daa-klic-na-matrice-1-s-otevrenym-koncem\/","title":{"rendered":"Daa Kl\u00ed\u010d na Matrice 1&#8243; s Otev\u0159en\u00fdm Koncem"},"content":{"rendered":"<div class=\"product-description\">\n<h2>DAA 1&#8243; Kl\u00ed\u010d na matice, O\u010dkov\u00fd kl\u00ed\u010d<\/h2>\n<p>Dokonal\u00e9 \u0159e\u0161en\u00ed pro p\u0159eb\u00edje\u010de, kte\u0159\u00ed z\u00e1pas\u00ed s nastavov\u00e1n\u00edm matic na st\u00edsn\u011bn\u00fdch hlav\u00e1ch n\u00e1stroj\u016f. Tento na m\u00edru vyroben\u00fd, laserem \u0159ezan\u00fd nerezov\u00fd kl\u00ed\u010d se vyzna\u010duje:<\/p>\n<ul>\n<li>Tenkou konstrukc\u00ed pro snadn\u00fd p\u0159\u00edstup mezi matice<\/li>\n<li>V\u00edce \u010delistmi pro optim\u00e1ln\u00ed polohov\u00e1n\u00ed<\/li>\n<li>Odolnou konstrukc\u00ed pro celo\u017eivotn\u00ed pou\u017eit\u00ed<\/li>\n<li>Precizn\u00edm zpracov\u00e1n\u00edm pro 1&#8243; matice<\/li>\n<\/ul>\n<p>Vylep\u0161ete svou p\u0159eb\u00edjec\u00ed v\u00fdbavu t\u00edmto nezbytn\u00fdm n\u00e1strojem, navr\u017een\u00fdm pro rychl\u00e9 a snadn\u00e9 nastavov\u00e1n\u00ed matic. Kompatibiln\u00ed se standardn\u00edmi 1&#8243; maticemi, zaji\u0161\u0165uj\u00edc\u00ed maxim\u00e1ln\u00ed v\u0161estrannost a pohodl\u00ed.<\/p>\n<\/div>\n","protected":false},"excerpt":{"rendered":"<p>DAA 1&#8243; kl\u00ed\u010d na matrice: Tenk\u00fd, siln\u00fd, v\u0161estrann\u00fd. Snadn\u00fd p\u0159\u00edstup pro p\u0159eb\u00edje\u010de.<\/p>\n","protected":false},"featured_media":27001,"template":"","meta":{"_acf_changed":false},"product_brand":[11265],"product_cat":[12705,12659],"product_tag":[],"class_list":{"0":"post-44971","1":"product","2":"type-product","3":"status-publish","4":"has-post-thumbnail","6":"product_brand-doublealpha","7":"product_cat-prebijeni","8":"product_cat-prislusenstvi-pro-prebijeni","10":"first","11":"outofstock","12":"taxable","13":"shipping-taxable","14":"purchasable","15":"product-type-simple"},"acf":[],"_links":{"self":[{"href":"https:\/\/staging.nbg.eu\/cs\/wp-json\/wp\/v2\/product\/44971","targetHints":{"allow":["GET"]}}],"collection":[{"href":"https:\/\/staging.nbg.eu\/cs\/wp-json\/wp\/v2\/product"}],"about":[{"href":"https:\/\/staging.nbg.eu\/cs\/wp-json\/wp\/v2\/types\/product"}],"wp:featuredmedia":[{"embeddable":true,"href":"https:\/\/staging.nbg.eu\/cs\/wp-json\/wp\/v2\/media\/27001"}],"wp:attachment":[{"href":"https:\/\/staging.nbg.eu\/cs\/wp-json\/wp\/v2\/media?parent=44971"}],"wp:term":[{"taxonomy":"product_brand","embeddable":true,"href":"https:\/\/staging.nbg.eu\/cs\/wp-json\/wp\/v2\/product_brand?post=44971"},{"taxonomy":"product_cat","embeddable":true,"href":"https:\/\/staging.nbg.eu\/cs\/wp-json\/wp\/v2\/product_cat?post=44971"},{"taxonomy":"product_tag","embeddable":true,"href":"https:\/\/staging.nbg.eu\/cs\/wp-json\/wp\/v2\/product_tag?post=44971"}],"curies":[{"name":"wp","href":"https:\/\/api.w.org\/{rel}","templated":true}]}}