{"id":44949,"date":"2024-08-18T09:31:20","date_gmt":"2024-08-18T09:31:20","guid":{"rendered":"https:\/\/staging.nbg.eu\/product\/dillon-daa-click-adjustable-powder-knob-v2\/"},"modified":"2024-09-10T11:50:42","modified_gmt":"2024-09-10T11:50:42","slug":"dillon-daa-nastavitelny-praskovy-knoflik-v2","status":"publish","type":"product","link":"https:\/\/staging.nbg.eu\/cs\/produkt\/dillon-daa-nastavitelny-praskovy-knoflik-v2\/","title":{"rendered":"Dillon &#8211; Daa Nastaviteln\u00fd Pr\u00e1\u0161kov\u00fd Knofl\u00edk V2"},"content":{"rendered":"<div class=\"product-description\">\n<h2>Dillon &#8211; DAA Click-Adjustable Powder Knob V2<\/h2>\n<p>Vylep\u0161ete sv\u016fj z\u00e1\u017eitek z p\u0159eb\u00edjen\u00ed s DAA Click-Adjustable Powder Knob V2, vylep\u0161enou druhou generac\u00ed od DAA. Tento precizn\u011b vyroben\u00fd knofl\u00edk se vyzna\u010duje:<\/p>\n<ul>\n<li>Dvoud\u00edlnou hlin\u00edkovou konstrukc\u00ed pro snadnou mont\u00e1\u017e<\/li>\n<li>32mm kulat\u00fdm, obr\u00e1b\u011bn\u00fdm hlin\u00edkov\u00fdm knofl\u00edkem s laserov\u00fdm grav\u00edrov\u00e1n\u00edm<\/li>\n<li>R\u00fdhovan\u00fdm vn\u011bj\u0161\u00edm okrajem pro lep\u0161\u00ed \u00fachop a ovl\u00e1d\u00e1n\u00ed<\/li>\n<li>Sly\u0161iteln\u00fdmi kliknut\u00edmi pro p\u0159esn\u00e9 18stup\u0148ov\u00e9 nastaven\u00ed<\/li>\n<li>20 kliknut\u00edmi na ot\u00e1\u010dku pro precizn\u00ed kontrolu d\u00e1vkov\u00e1n\u00ed prachu<\/li>\n<li>Laserem grav\u00edrovanou stupnic\u00ed indikuj\u00edc\u00ed zv\u00fd\u0161en\u00ed\/sn\u00ed\u017een\u00ed d\u00e1vky<\/li>\n<li>Kompatibilitou s mal\u00fdmi Dillon d\u00e1vkovac\u00edmi ty\u010demi (nen\u00ed ur\u010deno pro velk\u00e9 pu\u0161kov\u00e9 d\u00e1vkovac\u00ed ty\u010de)<\/li>\n<\/ul>\n<p>Snadno instalujte a upravujte d\u00e1vky prachu s t\u00edmto elegantn\u00edm, funk\u010dn\u00edm a u\u017eivatelsky p\u0159\u00edv\u011btiv\u00fdm knofl\u00edkem. Povy\u0161te svou p\u0159eb\u00edjec\u00ed sestavu je\u0161t\u011b dnes!<\/p>\n<\/div>\n","protected":false},"excerpt":{"rendered":"<p>P\u0159esn\u00e9 a snadno pou\u017eiteln\u00e9 nastaven\u00ed d\u00e1vkov\u00e1n\u00ed prachu pro lisy Dillon.<\/p>\n","protected":false},"featured_media":27047,"template":"","meta":{"_acf_changed":false},"product_brand":[11265],"product_cat":[12705,12659],"product_tag":[],"class_list":{"0":"post-44949","1":"product","2":"type-product","3":"status-publish","4":"has-post-thumbnail","6":"product_brand-doublealpha","7":"product_cat-prebijeni","8":"product_cat-prislusenstvi-pro-prebijeni","10":"first","11":"outofstock","12":"taxable","13":"shipping-taxable","14":"purchasable","15":"product-type-simple"},"acf":[],"_links":{"self":[{"href":"https:\/\/staging.nbg.eu\/cs\/wp-json\/wp\/v2\/product\/44949","targetHints":{"allow":["GET"]}}],"collection":[{"href":"https:\/\/staging.nbg.eu\/cs\/wp-json\/wp\/v2\/product"}],"about":[{"href":"https:\/\/staging.nbg.eu\/cs\/wp-json\/wp\/v2\/types\/product"}],"wp:featuredmedia":[{"embeddable":true,"href":"https:\/\/staging.nbg.eu\/cs\/wp-json\/wp\/v2\/media\/27047"}],"wp:attachment":[{"href":"https:\/\/staging.nbg.eu\/cs\/wp-json\/wp\/v2\/media?parent=44949"}],"wp:term":[{"taxonomy":"product_brand","embeddable":true,"href":"https:\/\/staging.nbg.eu\/cs\/wp-json\/wp\/v2\/product_brand?post=44949"},{"taxonomy":"product_cat","embeddable":true,"href":"https:\/\/staging.nbg.eu\/cs\/wp-json\/wp\/v2\/product_cat?post=44949"},{"taxonomy":"product_tag","embeddable":true,"href":"https:\/\/staging.nbg.eu\/cs\/wp-json\/wp\/v2\/product_tag?post=44949"}],"curies":[{"name":"wp","href":"https:\/\/api.w.org\/{rel}","templated":true}]}}