{"id":44927,"date":"2024-08-18T09:31:43","date_gmt":"2024-08-18T09:31:43","guid":{"rendered":"https:\/\/staging.nbg.eu\/product\/daa-reloading-hex-key-set\/"},"modified":"2024-09-10T11:35:29","modified_gmt":"2024-09-10T11:35:29","slug":"daa-sada-imbusovych-klicu-pro-prebijeni","status":"publish","type":"product","link":"https:\/\/staging.nbg.eu\/cs\/produkt\/daa-sada-imbusovych-klicu-pro-prebijeni\/","title":{"rendered":"Daa Sada Imbusov\u00fdch Kl\u00ed\u010d\u016f pro P\u0159eb\u00edjen\u00ed"},"content":{"rendered":"<p>Vylep\u0161ete sv\u00e9 p\u0159eb\u00edjen\u00ed pomoc\u00ed sady \u0161estihrann\u00fdch kl\u00ed\u010d\u016f DAA Reloading. Tato 7d\u00edln\u00e1 sada dlouh\u00fdch imbusov\u00fdch kl\u00ed\u010d\u016f s kuli\u010dkovou hlavou nab\u00edz\u00ed:<\/p>\n<ul>\n<li>Vysoce kvalitn\u00ed konstrukci<\/li>\n<li>Jasn\u011b \u010derven\u00e9 vinylov\u00e9 pota\u017een\u00ed ramen pro lep\u0161\u00ed viditelnost<\/li>\n<li>Perfektn\u00ed pro lisy Dillon a dal\u0161\u00ed americk\u00e9 v\u00fdrobce<\/li>\n<li>Velikosti: 5\/64&#8243;, 3\/32&#8243;, 1\/8&#8243;, 9\/64&#8243;, 5\/32&#8243;, 3\/16&#8243;, 1\/4&#8243;<\/li>\n<\/ul>\n<p>Ide\u00e1ln\u00ed dopln\u011bk k dr\u017e\u00e1ku n\u00e1stroj\u016f DAA Reloading-Press Tool Holder.<\/p>\n","protected":false},"excerpt":{"rendered":"<p>7d\u00edln\u00e1 sada imbusov\u00fdch kl\u00ed\u010d\u016f s kuli\u010dkovou hlavou pro americk\u00e9 p\u0159eb\u00edjec\u00ed lisy. \u010cerven\u00fd vinyl.<\/p>\n","protected":false},"featured_media":27139,"template":"","meta":{"_acf_changed":false},"product_brand":[11265],"product_cat":[12705,12659],"product_tag":[],"class_list":{"0":"post-44927","1":"product","2":"type-product","3":"status-publish","4":"has-post-thumbnail","6":"product_brand-doublealpha","7":"product_cat-prebijeni","8":"product_cat-prislusenstvi-pro-prebijeni","10":"first","11":"outofstock","12":"taxable","13":"shipping-taxable","14":"purchasable","15":"product-type-simple"},"acf":[],"_links":{"self":[{"href":"https:\/\/staging.nbg.eu\/cs\/wp-json\/wp\/v2\/product\/44927","targetHints":{"allow":["GET"]}}],"collection":[{"href":"https:\/\/staging.nbg.eu\/cs\/wp-json\/wp\/v2\/product"}],"about":[{"href":"https:\/\/staging.nbg.eu\/cs\/wp-json\/wp\/v2\/types\/product"}],"wp:featuredmedia":[{"embeddable":true,"href":"https:\/\/staging.nbg.eu\/cs\/wp-json\/wp\/v2\/media\/27139"}],"wp:attachment":[{"href":"https:\/\/staging.nbg.eu\/cs\/wp-json\/wp\/v2\/media?parent=44927"}],"wp:term":[{"taxonomy":"product_brand","embeddable":true,"href":"https:\/\/staging.nbg.eu\/cs\/wp-json\/wp\/v2\/product_brand?post=44927"},{"taxonomy":"product_cat","embeddable":true,"href":"https:\/\/staging.nbg.eu\/cs\/wp-json\/wp\/v2\/product_cat?post=44927"},{"taxonomy":"product_tag","embeddable":true,"href":"https:\/\/staging.nbg.eu\/cs\/wp-json\/wp\/v2\/product_tag?post=44927"}],"curies":[{"name":"wp","href":"https:\/\/api.w.org\/{rel}","templated":true}]}}