{"id":44905,"date":"2024-08-18T09:32:43","date_gmt":"2024-08-18T09:32:43","guid":{"rendered":"https:\/\/staging.nbg.eu\/product\/daa-toolhead-led-lighting-controller-unit\/"},"modified":"2024-09-10T11:30:32","modified_gmt":"2024-09-10T11:30:32","slug":"daa-led-osvetleni-hlavy-nastroju-ridici-jednotka","status":"publish","type":"product","link":"https:\/\/staging.nbg.eu\/cs\/produkt\/daa-led-osvetleni-hlavy-nastroju-ridici-jednotka\/","title":{"rendered":"Daa LED osv\u011btlen\u00ed hlavy n\u00e1stroj\u016f \u0159\u00edd\u00edc\u00ed jednotka"},"content":{"rendered":"<h2>\u0158\u00edd\u00edc\u00ed jednotka LED osv\u011btlen\u00ed hlavy n\u00e1stroje DAA<\/h2>\n<p>Osv\u011btlete sv\u016fj pracovn\u00ed prostor s p\u0159esnost\u00ed! Tento v\u0161estrann\u00fd ovlada\u010d nap\u00e1j\u00ed v\u0161echna LED sv\u011btla hlavy n\u00e1stroje DAA, od 4-LED desek a\u017e po 10-LED desky Mark7. Mezi funkce pat\u0159\u00ed:<\/p>\n<ul>\n<li>Chytr\u00e1 elektronika pro automatickou identifikaci desky<\/li>\n<li>Kompaktn\u00ed design s v\u00e1le\u010dkov\u00fdm vyp\u00edna\u010dem ON\/OFF a stm\u00edva\u010dem<\/li>\n<li>30cm p\u0159ipojovac\u00ed kabel<\/li>\n<li>Such\u00fd zip pro snadn\u00e9 upevn\u011bn\u00ed<\/li>\n<li>Nap\u00e1jec\u00ed zdroj 110\/220V s 2metrov\u00fdm kabelem a vidlic\u00ed pro USA\/EU<\/li>\n<\/ul>\n<p>Optimalizujte sv\u00e9 osv\u011btlen\u00ed s t\u00edmto nezbytn\u00fdm p\u0159\u00edslu\u0161enstv\u00edm!<\/p>\n","protected":false},"excerpt":{"rendered":"<p>Univerz\u00e1ln\u00ed LED ovlada\u010d se stm\u00edva\u010dem pro osv\u011btlen\u00ed p\u0159eb\u00edjec\u00edho lisu.<\/p>\n","protected":false},"featured_media":27185,"template":"","meta":{"_acf_changed":false},"product_brand":[11265],"product_cat":[12705,12659],"product_tag":[],"class_list":{"0":"post-44905","1":"product","2":"type-product","3":"status-publish","4":"has-post-thumbnail","6":"product_brand-doublealpha","7":"product_cat-prebijeni","8":"product_cat-prislusenstvi-pro-prebijeni","10":"first","11":"outofstock","12":"taxable","13":"shipping-taxable","14":"purchasable","15":"product-type-simple"},"acf":[],"_links":{"self":[{"href":"https:\/\/staging.nbg.eu\/cs\/wp-json\/wp\/v2\/product\/44905","targetHints":{"allow":["GET"]}}],"collection":[{"href":"https:\/\/staging.nbg.eu\/cs\/wp-json\/wp\/v2\/product"}],"about":[{"href":"https:\/\/staging.nbg.eu\/cs\/wp-json\/wp\/v2\/types\/product"}],"wp:featuredmedia":[{"embeddable":true,"href":"https:\/\/staging.nbg.eu\/cs\/wp-json\/wp\/v2\/media\/27185"}],"wp:attachment":[{"href":"https:\/\/staging.nbg.eu\/cs\/wp-json\/wp\/v2\/media?parent=44905"}],"wp:term":[{"taxonomy":"product_brand","embeddable":true,"href":"https:\/\/staging.nbg.eu\/cs\/wp-json\/wp\/v2\/product_brand?post=44905"},{"taxonomy":"product_cat","embeddable":true,"href":"https:\/\/staging.nbg.eu\/cs\/wp-json\/wp\/v2\/product_cat?post=44905"},{"taxonomy":"product_tag","embeddable":true,"href":"https:\/\/staging.nbg.eu\/cs\/wp-json\/wp\/v2\/product_tag?post=44905"}],"curies":[{"name":"wp","href":"https:\/\/api.w.org\/{rel}","templated":true}]}}