{"id":44883,"date":"2024-08-18T09:33:06","date_gmt":"2024-08-18T09:33:06","guid":{"rendered":"https:\/\/staging.nbg.eu\/product\/daa-hard-case-medium-300\/"},"modified":"2024-09-10T11:26:36","modified_gmt":"2024-09-10T11:26:36","slug":"daa-tvrdy-kufr-stredni-300","status":"publish","type":"product","link":"https:\/\/staging.nbg.eu\/cs\/produkt\/daa-tvrdy-kufr-stredni-300\/","title":{"rendered":"Daa tvrd\u00fd kufr st\u0159edn\u00ed &#8211; 300"},"content":{"rendered":"<div class=\"product-description\">\n<h2>DAA Pevn\u00fd kufr St\u0159edn\u00ed &#8211; 300<\/h2>\n<p>Certifikovan\u00fd kufr DAA Hard Case Medium-300 s kryt\u00edm IP67 nab\u00edz\u00ed bezkonkuren\u010dn\u00ed ochranu pro va\u0161e st\u0159eln\u00e9 zbran\u011b a cenn\u00e9 vybaven\u00ed. Navr\u017een\u00fd pro odolnost a spolehlivost, tento kufr je perfektn\u00ed pro r\u016fzn\u00e9 aplikace, v\u010detn\u011b n\u00e1mo\u0159nictv\u00ed, fotografie, lovu a dal\u0161\u00edch.<\/p>\n<h3>Kl\u00ed\u010dov\u00e9 vlastnosti:<\/h3>\n<ul>\n<li>Vodot\u011bsn\u00e9 t\u011bsn\u011bn\u00ed a automatick\u00fd ventil pro vyrovn\u00e1n\u00ed tlaku<\/li>\n<li>Dvojit\u00e9 z\u00e1padky a otvory pro visac\u00ed z\u00e1mky pro v\u011bt\u0161\u00ed bezpe\u010dnost<\/li>\n<li>Stohovateln\u00fd syst\u00e9m se vz\u00e1jemn\u00fdm uzamyk\u00e1n\u00edm<\/li>\n<li>P\u011bnov\u00e1 v\u00fdpl\u0148 Pick N Pluck pro p\u0159izp\u016fsobenou ochranu<\/li>\n<li>K dispozici v \u010dern\u00e9 nebo oran\u017eov\u00e9 barv\u011b<\/li>\n<\/ul>\n<h3>Specifikace:<\/h3>\n<ul>\n<li>Vn\u011bj\u0161\u00ed rozm\u011bry: 336 x 300 x 148 mm<\/li>\n<li>Vnit\u0159n\u00ed rozm\u011bry: 300 x 225 x 132 mm<\/li>\n<li>Hmotnost: 1,75 kg<\/li>\n<\/ul>\n<p>Ide\u00e1ln\u00ed pro p\u0159epravu st\u0159eln\u00fdch zbran\u00ed, DAA Hard Case Medium-300 zaji\u0161\u0165uje, \u017ee va\u0161e cenn\u00e9 vybaven\u00ed z\u016fstane v bezpe\u010d\u00ed a chr\u00e1n\u011bn\u00e9 v jak\u00e9mkoli prost\u0159ed\u00ed.<\/p>\n<\/div>\n","protected":false},"excerpt":{"rendered":"<p>Odoln\u00e9 pouzdro IP67 pro st\u0159eln\u00e9 zbran\u011b. Vodot\u011bsn\u00e9, prachot\u011bsn\u00e9 a n\u00e1razuvzdorn\u00e9.<\/p>\n","protected":false},"featured_media":27208,"template":"","meta":{"_acf_changed":false},"product_brand":[11265],"product_cat":[12698,12676],"product_tag":[],"class_list":{"0":"post-44883","1":"product","2":"type-product","3":"status-publish","4":"has-post-thumbnail","6":"product_brand-doublealpha","7":"product_cat-prepravni-pouzdra","8":"product_cat-vybaveni","10":"first","11":"outofstock","12":"taxable","13":"shipping-taxable","14":"purchasable","15":"product-type-simple"},"acf":[],"_links":{"self":[{"href":"https:\/\/staging.nbg.eu\/cs\/wp-json\/wp\/v2\/product\/44883","targetHints":{"allow":["GET"]}}],"collection":[{"href":"https:\/\/staging.nbg.eu\/cs\/wp-json\/wp\/v2\/product"}],"about":[{"href":"https:\/\/staging.nbg.eu\/cs\/wp-json\/wp\/v2\/types\/product"}],"wp:featuredmedia":[{"embeddable":true,"href":"https:\/\/staging.nbg.eu\/cs\/wp-json\/wp\/v2\/media\/27208"}],"wp:attachment":[{"href":"https:\/\/staging.nbg.eu\/cs\/wp-json\/wp\/v2\/media?parent=44883"}],"wp:term":[{"taxonomy":"product_brand","embeddable":true,"href":"https:\/\/staging.nbg.eu\/cs\/wp-json\/wp\/v2\/product_brand?post=44883"},{"taxonomy":"product_cat","embeddable":true,"href":"https:\/\/staging.nbg.eu\/cs\/wp-json\/wp\/v2\/product_cat?post=44883"},{"taxonomy":"product_tag","embeddable":true,"href":"https:\/\/staging.nbg.eu\/cs\/wp-json\/wp\/v2\/product_tag?post=44883"}],"curies":[{"name":"wp","href":"https:\/\/api.w.org\/{rel}","templated":true}]}}